{"id":44260,"date":"2026-04-14T15:32:41","date_gmt":"2026-04-14T12:32:41","guid":{"rendered":"https:\/\/packmarkt.com\/product\/kozmeticka-bocica-laurel-50ml\/"},"modified":"2026-04-14T15:32:41","modified_gmt":"2026-04-14T12:32:41","slug":"kozmeticka-bocica-laurel-50ml","status":"publish","type":"product","link":"https:\/\/packmarkt.com\/sr\/\u043f\u0440\u043e\u0438\u0437\u0432\u043e\u0434\/kozmeticka-bocica-laurel-50ml\/","title":{"rendered":"Kozmeti\u010dka bo\u010dica Laurel 50ml"},"content":{"rendered":"","protected":false},"excerpt":{"rendered":"<p><strong>\u0160ifra:<\/strong> HF13909-101<br \/>\n<strong>Kapacitet: <\/strong>50 ml<br \/>\n<strong>Grlo: <\/strong>24\/411<br \/>\n<strong>Te\u017eina: <\/strong>90 g<br \/>\n<strong>Pre\u010dnik:<\/strong> 39,8 mm<br \/>\n<strong>Visina: <\/strong>85,15 mm<br \/>\n<strong>Oblik: <\/strong>Okrugli<br \/>\n<strong>Materijal:<\/strong>Frosted Flint<\/p>\n","protected":false},"featured_media":43546,"template":"","meta":[],"product_brand":[],"product_cat":[1945],"product_tag":[],"class_list":{"0":"post-44260","1":"product","2":"type-product","3":"status-publish","4":"has-post-thumbnail","6":"product_cat-1945","7":"ts_product_brand-calaso","9":"first","10":"instock","11":"taxable","12":"shipping-taxable","13":"product-type-simple"},"aioseo_notices":[],"_links":{"self":[{"href":"https:\/\/packmarkt.com\/sr\/wp-json\/wp\/v2\/product\/44260","targetHints":{"allow":["GET"]}}],"collection":[{"href":"https:\/\/packmarkt.com\/sr\/wp-json\/wp\/v2\/product"}],"about":[{"href":"https:\/\/packmarkt.com\/sr\/wp-json\/wp\/v2\/types\/product"}],"wp:featuredmedia":[{"embeddable":true,"href":"https:\/\/packmarkt.com\/sr\/wp-json\/wp\/v2\/media\/43546"}],"wp:attachment":[{"href":"https:\/\/packmarkt.com\/sr\/wp-json\/wp\/v2\/media?parent=44260"}],"wp:term":[{"taxonomy":"product_brand","embeddable":true,"href":"https:\/\/packmarkt.com\/sr\/wp-json\/wp\/v2\/product_brand?post=44260"},{"taxonomy":"product_cat","embeddable":true,"href":"https:\/\/packmarkt.com\/sr\/wp-json\/wp\/v2\/product_cat?post=44260"},{"taxonomy":"product_tag","embeddable":true,"href":"https:\/\/packmarkt.com\/sr\/wp-json\/wp\/v2\/product_tag?post=44260"}],"curies":[{"name":"wp","href":"https:\/\/api.w.org\/{rel}","templated":true}]}}