{"id":43828,"date":"2026-04-14T15:32:51","date_gmt":"2026-04-14T12:32:51","guid":{"rendered":"https:\/\/packmarkt.com\/product\/kozmeticka-bocica-victor-100ml\/"},"modified":"2026-04-14T15:32:51","modified_gmt":"2026-04-14T12:32:51","slug":"kozmeticka-bocica-victor-100ml","status":"publish","type":"product","link":"https:\/\/packmarkt.com\/sr\/\u043f\u0440\u043e\u0438\u0437\u0432\u043e\u0434\/kozmeticka-bocica-victor-100ml\/","title":{"rendered":"Kozmeti\u010dka bo\u010dica Victor 100ml"},"content":{"rendered":"","protected":false},"excerpt":{"rendered":"<p><strong>\u0160ifra:<\/strong> HD12550-100<br \/>\n<strong>Zapremina: <\/strong>100 ml<br \/>\n<strong>Grlo: <\/strong>18\/415<br \/>\n<strong>Te\u017eina: <\/strong>247 gr<br \/>\n<strong>Visina: <\/strong>100,1 mm<br \/>\n<strong>Oblik: <\/strong>Kvadratni<br \/>\n<strong>Materijal:<\/strong>Flint staklo<\/p>\n","protected":false},"featured_media":43635,"template":"","meta":[],"product_brand":[],"product_cat":[1945],"product_tag":[],"class_list":{"0":"post-43828","1":"product","2":"type-product","3":"status-publish","4":"has-post-thumbnail","6":"product_cat-1945","7":"ts_product_brand-calaso","9":"first","10":"instock","11":"taxable","12":"shipping-taxable","13":"product-type-simple"},"aioseo_notices":[],"_links":{"self":[{"href":"https:\/\/packmarkt.com\/sr\/wp-json\/wp\/v2\/product\/43828","targetHints":{"allow":["GET"]}}],"collection":[{"href":"https:\/\/packmarkt.com\/sr\/wp-json\/wp\/v2\/product"}],"about":[{"href":"https:\/\/packmarkt.com\/sr\/wp-json\/wp\/v2\/types\/product"}],"wp:featuredmedia":[{"embeddable":true,"href":"https:\/\/packmarkt.com\/sr\/wp-json\/wp\/v2\/media\/43635"}],"wp:attachment":[{"href":"https:\/\/packmarkt.com\/sr\/wp-json\/wp\/v2\/media?parent=43828"}],"wp:term":[{"taxonomy":"product_brand","embeddable":true,"href":"https:\/\/packmarkt.com\/sr\/wp-json\/wp\/v2\/product_brand?post=43828"},{"taxonomy":"product_cat","embeddable":true,"href":"https:\/\/packmarkt.com\/sr\/wp-json\/wp\/v2\/product_cat?post=43828"},{"taxonomy":"product_tag","embeddable":true,"href":"https:\/\/packmarkt.com\/sr\/wp-json\/wp\/v2\/product_tag?post=43828"}],"curies":[{"name":"wp","href":"https:\/\/api.w.org\/{rel}","templated":true}]}}