{"id":40077,"date":"2025-10-20T12:02:13","date_gmt":"2025-10-20T09:02:13","guid":{"rendered":"https:\/\/packmarkt.com\/product\/%d0%bf%d0%bb%d0%b0%d1%81%d1%82%d0%b8%d1%87%d0%bd%d0%b0-%d1%85%d0%b8%d0%b3%d0%b8%d1%98%d0%b5%d0%bd%d1%81%d0%ba%d0%b0-%d0%bf%d0%b0%d0%bb%d0%b5%d1%82%d0%b0-%d1%81%d0%b0-3-%d0%b2%d0%be%d1%92%d0%b8%d1%86-2\/"},"modified":"2025-10-20T12:02:13","modified_gmt":"2025-10-20T09:02:13","slug":"%d0%bf%d0%bb%d0%b0%d1%81%d1%82%d0%b8%d1%87%d0%bd%d0%b0-%d1%85%d0%b8%d0%b3%d0%b8%d1%98%d0%b5%d0%bd%d1%81%d0%ba%d0%b0-%d0%bf%d0%b0%d0%bb%d0%b5%d1%82%d0%b0-%d1%81%d0%b0-3-%d0%b2%d0%be%d1%92%d0%b8%d1%86-2","status":"publish","type":"product","link":"https:\/\/packmarkt.com\/sr\/\u043f\u0440\u043e\u0438\u0437\u0432\u043e\u0434\/%d0%bf%d0%bb%d0%b0%d1%81%d1%82%d0%b8%d1%87%d0%bd%d0%b0-%d1%85%d0%b8%d0%b3%d0%b8%d1%98%d0%b5%d0%bd%d1%81%d0%ba%d0%b0-%d0%bf%d0%b0%d0%bb%d0%b5%d1%82%d0%b0-%d1%81%d0%b0-3-%d0%b2%d0%be%d1%92%d0%b8%d1%86-2\/","title":{"rendered":"\u041f\u043b\u0430\u0441\u0442\u0438\u0447\u043d\u0430 \u0445\u0438\u0433\u0438\u0458\u0435\u043d\u0441\u043a\u0430 \u043f\u0430\u043b\u0435\u0442\u0430 \u0441\u0430 3 \u0432\u043e\u0452\u0438\u0446\u0435 800x1200mm"},"content":{"rendered":"<p class=\"p1\">Higijenska paleta B-103VH 800&#215;1200 mm je pouzdano re\u0161enje za transport i skladi\u0161tenje u okru\u017eenjima sa strogim zahtevima \u010disto\u0107e. Izra\u0111ena od primarnog polietilena visoke gustine (HDPE 1), nudi izdr\u017eljivost, stabilnost i mogu\u0107nost bezbednog postavljanja na police, \u010dine\u0107i je idealnom za prehrambenu, farmaceutsku industriju i zdravstvene ustanove. <\/p>\n<h5><b>\u041a\u0430\u0440\u0430\u043a\u0442\u0435\u0440\u0438\u0441\u0442\u0438\u043a\u0435 &amp; \u041f\u0440\u0435\u0434\u043d\u043e\u0441\u0442\u0438<\/b><\/h5>\n<ul>\n<li class=\"p1\"><span class=\"s1\"><b>\u0414\u0438\u0437\u0430\u0458\u043d\u0438\u0440\u0430\u043d\u0430 \u0437\u0430 \u0445\u0438\u0433\u0438\u0458\u0435\u043d\u0441\u043a\u0443 \u0443\u043f\u043e\u0442\u0440\u0435\u0431\u0443:<\/b><\/span> \u0418\u0434\u0435\u0430\u043b\u043d\u0430 \u0437\u0430 \u043f\u0440\u043e\u0441\u0442\u043e\u0440\u0435 \u0441\u0430 \u043f\u043e\u0432\u0435\u045b\u0430\u043d\u0438\u043c \u0437\u0430\u0445\u0442\u0435\u0432\u0438\u043c\u0430 \u0437\u0430 \u0447\u0438\u0441\u0442\u043e\u045b\u0443.<\/li>\n<li class=\"p1\"><span class=\"s1\"><b>Visoka izdr\u017eljivost:<\/b><\/span> Dinami\u010dko optere\u0107enje do 1200 kg, stati\u010dko do 4800 kg i na polici do 1000 kg.<\/li>\n<li class=\"p1\"><span class=\"s1\"><b>Robusna konstrukcija:<\/b><\/span> Te\u017eina od 18 kg obezbe\u0111uje stabilnost.<\/li>\n<li class=\"p1\"><span class=\"s1\"><b>\u041f\u0440\u0438\u043c\u0430\u0440\u043d\u0438 HDPE:<\/b><\/span> \u041c\u0430\u0442\u0435\u0440\u0438\u0458\u0430\u043b \u0432\u0438\u0441\u043e\u043a\u0435 \u043e\u0442\u043f\u043e\u0440\u043d\u043e\u0441\u0442\u0438 \u043d\u0430 \u0432\u043b\u0430\u0433\u0443, \u0445\u0435\u043c\u0438\u043a\u0430\u043b\u0438\u0458\u0435 \u0438 \u043c\u0435\u0445\u0430\u043d\u0438\u0447\u043a\u0430 \u043d\u0430\u043f\u0440\u0435\u0437\u0430\u045a\u0430.<\/li>\n<li class=\"p1\"><span class=\"s1\"><b>Pobolj\u0161ana stabilnost:<\/b><\/span> Zahvaljuju\u0107i 3 kliza\u010da, obezbe\u0111uje sigurno postavljanje i transport.<\/li>\n<\/ul>\n<h5><b>\u0422\u0435\u0445\u043d\u0438\u0447\u043a\u0435 \u043a\u0430\u0440\u0430\u043a\u0442\u0435\u0440\u0438\u0441\u0442\u0438\u043a\u0435<\/b><\/h5>\n<ul>\n<li><span class=\"s1\"><b>Dimenzije:<\/b><\/span> 800 x 1200 x 152 mm<\/li>\n<li><b>\u0422\u0435\u0436\u0438\u043d\u0430:<\/b><span class=\"s1\"> 18 kg<\/span><\/li>\n<li><span class=\"s1\"><b>\u041c\u0430\u0442\u0435\u0440\u0438\u0458\u0430\u043b:<\/b><\/span> \u041f\u0440\u0438\u043c\u0430\u0440\u043d\u0438 \u043f\u043e\u043b\u0438\u0435\u0442\u0438\u043b\u0435\u043d \u0432\u0438\u0441\u043e\u043a\u0435 \u0433\u0443\u0441\u0442\u0438\u043d\u0435 (HDPE 1)<\/li>\n<li><b>Dinami\u010dko optere\u0107enje:<\/b><span class=\"s1\"> 1200 kg<\/span><\/li>\n<li><b>Stati\u010dko optere\u0107enje:<\/b><span class=\"s1\"> 4800 kg<\/span><\/li>\n<li><span class=\"s1\"><b>Optere\u0107enje na polici:<\/b><\/span> 1000 kg<\/li>\n<li><b>\u041f\u0430\u043a\u043e\u0432\u0430\u045a\u0435:<\/b><span class=\"s1\"> 1 \u043a\u043e\u043c\u0430\u0434<\/span><\/li>\n<\/ul>\n<h5><b>\u041f\u0440\u0438\u043c\u0435\u043d\u0435<\/b><\/h5>\n<ul>\n<li class=\"p1\">\u041f\u0440\u0435\u0445\u0440\u0430\u043c\u0431\u0435\u043d\u0430 \u0438\u043d\u0434\u0443\u0441\u0442\u0440\u0438\u0458\u0430 \u0438 \u0438\u043d\u0434\u0443\u0441\u0442\u0440\u0438\u0458\u0430 \u043f\u0438\u045b\u0430<\/li>\n<li class=\"p1\">\u0424\u0430\u0440\u043c\u0430\u0446\u0435\u0443\u0442\u0441\u043a\u0430 \u0438\u043d\u0434\u0443\u0441\u0442\u0440\u0438\u0458\u0430 \u0438 \u043a\u043e\u0437\u043c\u0435\u0442\u0438\u043a\u0430<\/li>\n<li class=\"p1\">\u0411\u043e\u043b\u043d\u0438\u0446\u0435, \u043a\u043b\u0438\u043d\u0438\u043a\u0435 \u0438 \u0446\u0435\u043d\u0442\u0440\u0438 \u0437\u0430 \u043d\u0435\u0433\u0443<\/li>\n<li class=\"p1\">\u041b\u0430\u043d\u0446\u0438 \u0441\u0443\u043f\u0435\u0440\u043c\u0430\u0440\u043a\u0435\u0442\u0430 \u0441\u0430 \u043f\u043e\u0432\u0435\u045b\u0430\u043d\u0438\u043c \u0437\u0430\u0445\u0442\u0435\u0432\u0438\u043c\u0430 \u0437\u0430 \u0445\u0438\u0433\u0438\u0458\u0435\u043d\u043e\u043c<\/li>\n<li>Ribarnice i pogoni za preradu ribe, gde je potrebna otpornost na vlagu, mirise i intenzivno \u010di\u0161\u0107enje<\/li>\n<\/ul>\n<p>&nbsp;<\/p>\n","protected":false},"excerpt":{"rendered":"<p><strong>\u0160ifra:<\/strong> B-103VH<br \/>\n<strong>Materijal:<\/strong> Primarni polietilen visoke gustine (HDPE1)<br \/>\n<strong>Dimenzije:<\/strong> 800x1200x152 mm<br \/>\n<strong>Te\u017eina:<\/strong> 18 kg<br \/>\n<strong>Dinami\u010dko optere\u0107enje:<\/strong> 1200 kg<br \/>\n<strong>Stati\u010dko optere\u0107enje:<\/strong> 4800 kg<br \/>\n<strong>Optere\u0107enje na polici:<\/strong> 1000 kg<br \/>\n<strong>Pakovanje:<\/strong> 1 komad<\/p>\n","protected":false},"featured_media":9845,"template":"","meta":[],"product_brand":[],"product_cat":[1577,1576],"product_tag":[],"class_list":{"0":"post-40077","1":"product","2":"type-product","3":"status-publish","4":"has-post-thumbnail","6":"product_cat-1577","7":"product_cat-1576","8":"ts_product_brand-benoplast","10":"first","11":"instock","12":"taxable","13":"shipping-taxable","14":"purchasable","15":"product-type-simple"},"aioseo_notices":[],"_links":{"self":[{"href":"https:\/\/packmarkt.com\/sr\/wp-json\/wp\/v2\/product\/40077","targetHints":{"allow":["GET"]}}],"collection":[{"href":"https:\/\/packmarkt.com\/sr\/wp-json\/wp\/v2\/product"}],"about":[{"href":"https:\/\/packmarkt.com\/sr\/wp-json\/wp\/v2\/types\/product"}],"wp:featuredmedia":[{"embeddable":true,"href":"https:\/\/packmarkt.com\/sr\/wp-json\/wp\/v2\/media\/9845"}],"wp:attachment":[{"href":"https:\/\/packmarkt.com\/sr\/wp-json\/wp\/v2\/media?parent=40077"}],"wp:term":[{"taxonomy":"product_brand","embeddable":true,"href":"https:\/\/packmarkt.com\/sr\/wp-json\/wp\/v2\/product_brand?post=40077"},{"taxonomy":"product_cat","embeddable":true,"href":"https:\/\/packmarkt.com\/sr\/wp-json\/wp\/v2\/product_cat?post=40077"},{"taxonomy":"product_tag","embeddable":true,"href":"https:\/\/packmarkt.com\/sr\/wp-json\/wp\/v2\/product_tag?post=40077"}],"curies":[{"name":"wp","href":"https:\/\/api.w.org\/{rel}","templated":true}]}}