{"id":46610,"date":"2026-05-15T14:43:50","date_gmt":"2026-05-15T11:43:50","guid":{"rendered":"https:\/\/packmarkt.com\/?post_type=product&#038;p=46610"},"modified":"2026-05-15T14:47:43","modified_gmt":"2026-05-15T11:47:43","slug":"palete-plastike-e-rende-e-mbyllur-me-blloqe-800x1200mm-hdpe-%ce%b1%ce%bd%cf%84%ce%b9%ce%b3%cf%81%ce%b1%cf%86%ce%ae-%ce%b1%ce%bd%cf%84%ce%b9%ce%b3%cf%81%ce%b1%cf%86%ce%ae-%ce%b1%ce%bd%cf%84-4","status":"publish","type":"product","link":"https:\/\/packmarkt.com\/sq\/produkt\/palete-plastike-e-rende-e-mbyllur-me-blloqe-800x1200mm-hdpe-%ce%b1%ce%bd%cf%84%ce%b9%ce%b3%cf%81%ce%b1%cf%86%ce%ae-%ce%b1%ce%bd%cf%84%ce%b9%ce%b3%cf%81%ce%b1%cf%86%ce%ae-%ce%b1%ce%bd%cf%84-4\/","title":{"rendered":"Palet\u00eb plastike e r\u00ebnd\u00eb, e mbyllur me blloqe 800x1200mm (HDPE) (\u0391\u03bd\u03c4\u03b9\u03b3\u03c1\u03b1\u03c6\u03ae) (\u0391\u03bd\u03c4\u03b9\u03b3\u03c1\u03b1\u03c6\u03ae) (\u0391\u03bd\u03c4\u03b9\u03b3\u03c1\u03b1\u03c6\u03ae) (\u0391\u03bd\u03c4\u03b9\u03b3\u03c1\u03b1\u03c6\u03ae) (\u0391\u03bd\u03c4\u03b9\u03b3\u03c1\u03b1\u03c6\u03ae) (\u0391\u03bd\u03c4\u03b9\u03b3\u03c1\u03b1\u03c6\u03ae)"},"content":{"rendered":"<p class=\"p1\">Paleta 1208PJQ1 \u00ebsht\u00eb nj\u00eb zgjidhje e q\u00ebndrueshme transporti dhe magazinimi, e prodhuar nga polietileni me densitet t\u00eb lart\u00eb (HDPE). Projektuar p\u00ebr p\u00ebrdorim intensiv n\u00eb industri, logjistik\u00eb, zinxhir\u00eb furnizimi dhe ambiente ku k\u00ebrkohet q\u00ebndrueshm\u00ebri dhe besueshm\u00ebri. <\/p>\n<h5><b>Karakteristika &amp; P\u00ebrfitime<\/b><\/h5>\n<ul>\n<li class=\"p1\"><span class=\"s1\"><b>Q\u00ebndrueshm\u00ebri e lart\u00eb:<\/b><\/span> Ngarkes\u00eb statike deri n\u00eb 4000kg, ideale p\u00ebr magazinim t\u00eb r\u00ebnd\u00eb.<\/li>\n<li class=\"p1\"><span class=\"s1\"><b>Transport i sigurt:<\/b><\/span> Ngarkes\u00eb dinamike deri n\u00eb 1000kg p\u00ebr l\u00ebvizje t\u00eb qet\u00eb.<\/li>\n<li class=\"p1\"><span class=\"s1\"><b>Material i q\u00ebndruesh\u00ebm:<\/b><\/span> E prodhuar nga HDPE, ofron jet\u00ebgjat\u00ebsi t\u00eb madhe dhe rezistenc\u00eb ndaj lag\u00ebshtis\u00eb dhe kimikateve.<\/li>\n<li class=\"p1\"><span class=\"s1\"><b>Stabilitet i p\u00ebrforcuar:<\/b><\/span> Fal\u00eb 9 blloqeve, siguron pozicionim dhe transport t\u00eb sigurt.<\/li>\n<\/ul>\n<h5><b>Specifikime Teknike<\/b><\/h5>\n<ul>\n<li class=\"p1\"><span class=\"s1\"><b>Dimensionet:<\/b><\/span> 800 x 1200 x 140mm<\/li>\n<li class=\"p1\"><b>Pesha:<\/b><span class=\"s1\"> 12,5kg<\/span><\/li>\n<li class=\"p1\"><span class=\"s1\"><b>Materiali:<\/b><\/span> HDPE \u2013 Polietilen Primar me Densitet t\u00eb Lart\u00eb<\/li>\n<li class=\"p1\"><b>Ngarkesa dinamike:<\/b><span class=\"s1\"> 1000kg<\/span><\/li>\n<li class=\"p1\"><b>Ngarkesa statike:<\/b><span class=\"s1\"> 4000kg<\/span><\/li>\n<li class=\"p1\"><b>Paketimi:<\/b><span class=\"s1\"> 1 cop\u00eb<\/span><\/li>\n<\/ul>\n<h5><b>Aplikimet<\/b><\/h5>\n<ul>\n<li class=\"p1\">Industrit\u00eb e ushqimit, pijeve dhe farmaceutike<\/li>\n<li class=\"p1\">Zinxhir\u00ebt e supermarketeve dhe logjistika<\/li>\n<li class=\"p1\">Magazina dhe qendra shp\u00ebrndarjeje<\/li>\n<li class=\"p1\">Prodhimi bujq\u00ebsor dhe kooperativat<\/li>\n<\/ul>\n<p>&nbsp;<\/p>\n","protected":false},"excerpt":{"rendered":"<p><strong>Kodi:<\/strong> 1208PJQ1<br \/>\n<strong>Materiali:<\/strong> HDPE \u2013 Polietilen Primar me Densitet t\u00eb Lart\u00eb<br \/>\n<strong>Dimensionet:<\/strong> 800x1200x140mm<br \/>\n<strong>Pesha:<\/strong> 12,5kg<br \/>\n<strong>Ngarkesa dinamike:<\/strong> 1000kg<br \/>\n<strong>Ngarkesa statike:<\/strong> 4000kg<br \/>\n<strong>Paketimi:<\/strong> 1 cop\u00eb<\/p>\n","protected":false},"featured_media":46615,"template":"","meta":[],"product_brand":[],"product_cat":[1370,1369],"product_tag":[],"class_list":{"0":"post-46610","1":"product","2":"type-product","3":"status-publish","4":"has-post-thumbnail","6":"product_cat-paleta-plastike","7":"product_cat-paleta","9":"first","10":"instock","11":"taxable","12":"shipping-taxable","13":"product-type-simple"},"aioseo_notices":[],"_links":{"self":[{"href":"https:\/\/packmarkt.com\/sq\/wp-json\/wp\/v2\/product\/46610","targetHints":{"allow":["GET"]}}],"collection":[{"href":"https:\/\/packmarkt.com\/sq\/wp-json\/wp\/v2\/product"}],"about":[{"href":"https:\/\/packmarkt.com\/sq\/wp-json\/wp\/v2\/types\/product"}],"wp:featuredmedia":[{"embeddable":true,"href":"https:\/\/packmarkt.com\/sq\/wp-json\/wp\/v2\/media\/46615"}],"wp:attachment":[{"href":"https:\/\/packmarkt.com\/sq\/wp-json\/wp\/v2\/media?parent=46610"}],"wp:term":[{"taxonomy":"product_brand","embeddable":true,"href":"https:\/\/packmarkt.com\/sq\/wp-json\/wp\/v2\/product_brand?post=46610"},{"taxonomy":"product_cat","embeddable":true,"href":"https:\/\/packmarkt.com\/sq\/wp-json\/wp\/v2\/product_cat?post=46610"},{"taxonomy":"product_tag","embeddable":true,"href":"https:\/\/packmarkt.com\/sq\/wp-json\/wp\/v2\/product_tag?post=46610"}],"curies":[{"name":"wp","href":"https:\/\/api.w.org\/{rel}","templated":true}]}}