{"id":46303,"date":"2026-05-08T15:53:08","date_gmt":"2026-05-08T12:53:08","guid":{"rendered":"https:\/\/packmarkt.com\/?post_type=product&#038;p=46303"},"modified":"2026-05-08T16:06:12","modified_gmt":"2026-05-08T13:06:12","slug":"karroce-mallrash-me-anesore-te-hapshme-%ce%b1%ce%bd%cf%84%ce%b9%ce%b3%cf%81%ce%b1%cf%86%ce%ae-%ce%b1%ce%bd%cf%84%ce%b9%ce%b3%cf%81%ce%b1%cf%86%ce%ae-%ce%b1%ce%bd%cf%84%ce%b9%ce%b3%cf%81%ce%b1-8","status":"publish","type":"product","link":"https:\/\/packmarkt.com\/sq\/produkt\/karroce-mallrash-me-anesore-te-hapshme-%ce%b1%ce%bd%cf%84%ce%b9%ce%b3%cf%81%ce%b1%cf%86%ce%ae-%ce%b1%ce%bd%cf%84%ce%b9%ce%b3%cf%81%ce%b1%cf%86%ce%ae-%ce%b1%ce%bd%cf%84%ce%b9%ce%b3%cf%81%ce%b1-8\/","title":{"rendered":"Kafaz me rrota me 3 an\u00eb"},"content":{"rendered":"<p data-start=\"5\" data-end=\"358\">Kafazi me rrota me 3 an\u00eb \u00ebsht\u00eb nj\u00eb zgjidhje e thjesht\u00eb, ekonomike dhe fleksib\u00ebl p\u00ebr transportin dhe magazinimin e mallrave n\u00eb shum\u00eb sektor\u00eb profesional\u00eb. Dizajni i tij lejon p\u00ebrdorim t\u00eb leht\u00eb dhe p\u00ebrshtatje t\u00eb shpejt\u00eb ndaj nevojave t\u00eb \u00e7do pune, nd\u00ebrsa an\u00ebt e l\u00ebvizshme e b\u00ebjn\u00eb at\u00eb ve\u00e7an\u00ebrisht praktik p\u00ebr ngarkim dhe shkarkim. <\/p>\n<h5><b>Karakteristika &amp; P\u00ebrfitime<\/b><\/h5>\n<ul>\n<li data-section-id=\"1sw56s8\" data-start=\"373\" data-end=\"453\"><strong data-start=\"375\" data-end=\"404\">Zgjidhje e thjesht\u00eb dhe ekonomike:<\/strong> Ideale p\u00ebr p\u00ebrdorim t\u00eb p\u00ebrditsh\u00ebm me kosto t\u00eb ul\u00ebt.<\/li>\n<li data-section-id=\"9i61x7\" data-start=\"454\" data-end=\"529\"><strong data-start=\"456\" data-end=\"478\">An\u00eb t\u00eb l\u00ebvizshme:<\/strong> Leht\u00ebsojn\u00eb ngarkimin dhe fleksibilitetin e p\u00ebrdorimit.<\/li>\n<li data-section-id=\"86dv24\" data-start=\"530\" data-end=\"602\"><strong data-start=\"532\" data-end=\"563\">P\u00ebrdorim dhe manipulim i leht\u00eb:<\/strong> Thjeshton proceset e transportit.<\/li>\n<li data-section-id=\"1dvwuzs\" data-start=\"603\" data-end=\"701\"><strong data-start=\"605\" data-end=\"638\">I p\u00ebrshtatsh\u00ebm p\u00ebr shum\u00eb sektor\u00eb:<\/strong> Aplikim fleksib\u00ebl n\u00eb mjedise t\u00eb ndryshme profesionale.<\/li>\n<li data-section-id=\"1h9qtvh\" data-start=\"702\" data-end=\"788\"><strong data-start=\"704\" data-end=\"744\">Konstruksion i q\u00ebndruesh\u00ebm dhe afatgjat\u00eb:<\/strong> Projektuar p\u00ebr p\u00ebrdorim t\u00eb shpesht\u00eb dhe intensiv.<\/li>\n<li data-section-id=\"xjx60g\" data-start=\"789\" data-end=\"848\"><strong data-start=\"791\" data-end=\"821\">Miq\u00ebsor me mjedisin:<\/strong> Material 100% i ricikluesh\u00ebm.<\/li>\n<\/ul>\n<h5><b>Specifikime Teknike<\/b><\/h5>\n<ul>\n<li data-section-id=\"dayhsw\" data-start=\"880\" data-end=\"938\"><strong data-start=\"882\" data-end=\"916\">Dimensionet e jashtme:<\/strong> 715 x 810 x 1800 mm<\/li>\n<li data-section-id=\"1x7zt6j\" data-start=\"939\" data-end=\"988\"><strong data-start=\"941\" data-end=\"967\">Dimensionet e brendshme:<\/strong> 665 x 775 x 1650 mm<\/li>\n<li data-section-id=\"1uneqty\" data-start=\"989\" data-end=\"1009\"><strong data-start=\"991\" data-end=\"1001\">Pesha:<\/strong> 28 kg<\/li>\n<li data-section-id=\"1t79pz6\" data-start=\"1049\" data-end=\"1079\"><strong data-start=\"1051\" data-end=\"1070\">Ngarkesa maksimale:<\/strong> 500 kg<\/li>\n<li><b>Paketimi:<\/b><span class=\"s1\"> 1 cop\u00eb<\/span><\/li>\n<\/ul>\n<h5><b>Aplikimet<\/b><\/h5>\n<ul>\n<li data-section-id=\"8jt06a\" data-start=\"1184\" data-end=\"1217\">Depo dhe qendra logjistike<\/li>\n<li data-section-id=\"143pa1c\" data-start=\"1218\" data-end=\"1254\">Supermarkete dhe shitje me pakic\u00eb<\/li>\n<li data-section-id=\"lds5al\" data-start=\"1255\" data-end=\"1276\">P\u00ebrdorim industrial<\/li>\n<li data-section-id=\"h9u1o9\" data-start=\"1277\" data-end=\"1314\">Shp\u00ebrndarje dhe transport mallrash<\/li>\n<li data-section-id=\"1a41f4k\" data-start=\"1315\" data-end=\"1364\">P\u00ebrdorim i p\u00ebrgjithsh\u00ebm profesional n\u00eb shum\u00eb sektor\u00eb<\/li>\n<\/ul>\n<p>&nbsp;<\/p>\n","protected":false},"excerpt":{"rendered":"<p><strong>Kodi:<\/strong> PAGPF00A0047<br \/>\n<strong data-start=\"882\" data-end=\"916\">Dimensionet e jashtme:<\/strong> 715 x 810 x 1800 mm<br \/>\n<strong data-start=\"941\" data-end=\"967\">Dimensionet e brendshme:<\/strong> 665 x 775 x 1650 mm<br \/>\n<strong data-start=\"991\" data-end=\"1001\">Pesha:<\/strong> 28 kg<br \/>\n<strong data-start=\"1051\" data-end=\"1070\">Ngarkesa maksimale:<\/strong> 500 kg<br \/>\n<b>Paketimi:<\/b><span class=\"s1\"> 1 cop\u00eb<\/span><\/p>\n","protected":false},"featured_media":46309,"template":"","meta":[],"product_brand":[],"product_cat":[1742],"product_tag":[],"class_list":{"0":"post-46303","1":"product","2":"type-product","3":"status-publish","4":"has-post-thumbnail","6":"product_cat-karroca-metalike-per-mallra","7":"ts_product_brand-logistica-paggiola","9":"first","10":"instock","11":"taxable","12":"shipping-taxable","13":"product-type-simple"},"aioseo_notices":[],"_links":{"self":[{"href":"https:\/\/packmarkt.com\/sq\/wp-json\/wp\/v2\/product\/46303","targetHints":{"allow":["GET"]}}],"collection":[{"href":"https:\/\/packmarkt.com\/sq\/wp-json\/wp\/v2\/product"}],"about":[{"href":"https:\/\/packmarkt.com\/sq\/wp-json\/wp\/v2\/types\/product"}],"wp:featuredmedia":[{"embeddable":true,"href":"https:\/\/packmarkt.com\/sq\/wp-json\/wp\/v2\/media\/46309"}],"wp:attachment":[{"href":"https:\/\/packmarkt.com\/sq\/wp-json\/wp\/v2\/media?parent=46303"}],"wp:term":[{"taxonomy":"product_brand","embeddable":true,"href":"https:\/\/packmarkt.com\/sq\/wp-json\/wp\/v2\/product_brand?post=46303"},{"taxonomy":"product_cat","embeddable":true,"href":"https:\/\/packmarkt.com\/sq\/wp-json\/wp\/v2\/product_cat?post=46303"},{"taxonomy":"product_tag","embeddable":true,"href":"https:\/\/packmarkt.com\/sq\/wp-json\/wp\/v2\/product_tag?post=46303"}],"curies":[{"name":"wp","href":"https:\/\/api.w.org\/{rel}","templated":true}]}}