{"id":46283,"date":"2026-05-08T15:39:07","date_gmt":"2026-05-08T12:39:07","guid":{"rendered":"https:\/\/packmarkt.com\/?post_type=product&#038;p=46283"},"modified":"2026-05-08T16:05:16","modified_gmt":"2026-05-08T13:05:16","slug":"karroce-mallrash-me-anesore-te-hapshme-%ce%b1%ce%bd%cf%84%ce%b9%ce%b3%cf%81%ce%b1%cf%86%ce%ae-%ce%b1%ce%bd%cf%84%ce%b9%ce%b3%cf%81%ce%b1%cf%86%ce%ae-%ce%b1%ce%bd%cf%84%ce%b9%ce%b3%cf%81%ce%b1-6","status":"publish","type":"product","link":"https:\/\/packmarkt.com\/sq\/produkt\/karroce-mallrash-me-anesore-te-hapshme-%ce%b1%ce%bd%cf%84%ce%b9%ce%b3%cf%81%ce%b1%cf%86%ce%ae-%ce%b1%ce%bd%cf%84%ce%b9%ce%b3%cf%81%ce%b1%cf%86%ce%ae-%ce%b1%ce%bd%cf%84%ce%b9%ce%b3%cf%81%ce%b1-6\/","title":{"rendered":"Karroc\u00eb sh\u00ebrbimi me rrota"},"content":{"rendered":"<p data-start=\"5\" data-end=\"358\">Karroca e sh\u00ebrbimit me rrota \u00ebsht\u00eb nj\u00eb zgjidhje me cil\u00ebsi t\u00eb lart\u00eb dhe estetikisht e p\u00ebrsosur p\u00ebr ekspozimin dhe menaxhimin e produkteve n\u00eb ambiente profesionale. Me nj\u00eb dizajn modern dhe struktur\u00eb praktike, \u00ebsht\u00eb ideale p\u00ebr p\u00ebrdorim n\u00eb shum\u00eb sektor\u00eb t\u00eb ndrysh\u00ebm, duke ofruar nj\u00ebkoh\u00ebsisht funksionalitet dhe nj\u00eb prezantim t\u00ebrheq\u00ebs t\u00eb mallrave. <\/p>\n<h5><b>Karakteristika &amp; P\u00ebrfitime<\/b><\/h5>\n<ul>\n<li data-section-id=\"2jhioj\" data-start=\"359\" data-end=\"452\"><strong data-start=\"361\" data-end=\"405\">Estetik\u00eb e lart\u00eb dhe cil\u00ebsi nd\u00ebrtimi:<\/strong> Ideale p\u00ebr ekspozim profesional t\u00eb produkteve.<\/li>\n<li data-section-id=\"58fjbx\" data-start=\"453\" data-end=\"543\"><strong data-start=\"455\" data-end=\"488\">E p\u00ebrshtatshme p\u00ebr shum\u00eb sektor\u00eb:<\/strong> P\u00ebrdorim fleksib\u00ebl n\u00eb mjedise t\u00eb ndryshme tregtare.<\/li>\n<li data-section-id=\"105rd7c\" data-start=\"544\" data-end=\"645\"><strong data-start=\"546\" data-end=\"578\">Prezantim i shk\u00eblqyer i produkteve:<\/strong> Rrit dukshm\u00ebrin\u00eb dhe imazhin tregtar t\u00eb mallrave.<\/li>\n<li data-section-id=\"xjx60g\" data-start=\"646\" data-end=\"705\"><strong data-start=\"648\" data-end=\"678\">Miq\u00ebsore me mjedisin:<\/strong> Material 100% i ricikluesh\u00ebm.<\/li>\n<li data-section-id=\"wbg916\" data-start=\"706\" data-end=\"793\"><strong data-start=\"708\" data-end=\"743\">Zgjidhje e q\u00ebndrueshme dhe funksionale:<\/strong> Projektuar p\u00ebr p\u00ebrdorim t\u00eb p\u00ebrditsh\u00ebm profesional.<\/li>\n<\/ul>\n<h5><b>Specifikime Teknike<\/b><\/h5>\n<ul>\n<li data-section-id=\"dayhsw\" data-start=\"880\" data-end=\"938\"><strong data-start=\"882\" data-end=\"916\">Dimensionet e jashtme:<\/strong> 1150 x 470 x 1800 mm<\/li>\n<li data-section-id=\"1uneqty\" data-start=\"989\" data-end=\"1009\"><strong data-start=\"991\" data-end=\"1001\">Pesha:<\/strong> 57,6 kg<\/li>\n<li data-section-id=\"1t79pz6\" data-start=\"1049\" data-end=\"1079\"><strong data-start=\"1051\" data-end=\"1070\">Ngarkesa maksimale:<\/strong> 500 kg<\/li>\n<li><b>Paketimi:<\/b><span class=\"s1\"> 1 cop\u00eb<\/span><\/li>\n<\/ul>\n<h5><b>Aplikimet<\/b><\/h5>\n<ul>\n<li data-section-id=\"1wh5d57\" data-start=\"1158\" data-end=\"1200\">Dyqane me pakic\u00eb dhe supermarkete<\/li>\n<li data-section-id=\"1x18kuo\" data-start=\"1201\" data-end=\"1231\">Hap\u00ebsira ekspozimi produktesh<\/li>\n<li data-section-id=\"yk1lhv\" data-start=\"1232\" data-end=\"1269\">Farmaci dhe mjedise retail<\/li>\n<li data-section-id=\"1hfsaut\" data-start=\"1270\" data-end=\"1307\">Magazina dhe pika shitjeje (POS)<\/li>\n<li data-section-id=\"1orr2sn\" data-start=\"1308\" data-end=\"1346\">Ekspozim profesional i mallrave<\/li>\n<\/ul>\n<p>&nbsp;<\/p>\n","protected":false},"excerpt":{"rendered":"<p><strong>Kodi:<\/strong> PAGPF00A0495<br \/>\n<strong data-start=\"882\" data-end=\"916\">Dimensionet e jashtme:<\/strong> 1150 x 470 x 1800 mm<br \/>\n<strong data-start=\"991\" data-end=\"1001\">Pesha:<\/strong> 57,6 kg<br \/>\n<strong data-start=\"1051\" data-end=\"1070\">Ngarkesa maksimale:<\/strong> 500 kg<br \/>\n<b>Paketimi:<\/b><span class=\"s1\"> 1 cop\u00eb<\/span><\/p>\n","protected":false},"featured_media":46288,"template":"","meta":[],"product_brand":[],"product_cat":[1742],"product_tag":[],"class_list":{"0":"post-46283","1":"product","2":"type-product","3":"status-publish","4":"has-post-thumbnail","6":"product_cat-karroca-metalike-per-mallra","7":"ts_product_brand-logistica-paggiola","9":"first","10":"instock","11":"taxable","12":"shipping-taxable","13":"product-type-simple"},"aioseo_notices":[],"_links":{"self":[{"href":"https:\/\/packmarkt.com\/sq\/wp-json\/wp\/v2\/product\/46283","targetHints":{"allow":["GET"]}}],"collection":[{"href":"https:\/\/packmarkt.com\/sq\/wp-json\/wp\/v2\/product"}],"about":[{"href":"https:\/\/packmarkt.com\/sq\/wp-json\/wp\/v2\/types\/product"}],"wp:featuredmedia":[{"embeddable":true,"href":"https:\/\/packmarkt.com\/sq\/wp-json\/wp\/v2\/media\/46288"}],"wp:attachment":[{"href":"https:\/\/packmarkt.com\/sq\/wp-json\/wp\/v2\/media?parent=46283"}],"wp:term":[{"taxonomy":"product_brand","embeddable":true,"href":"https:\/\/packmarkt.com\/sq\/wp-json\/wp\/v2\/product_brand?post=46283"},{"taxonomy":"product_cat","embeddable":true,"href":"https:\/\/packmarkt.com\/sq\/wp-json\/wp\/v2\/product_cat?post=46283"},{"taxonomy":"product_tag","embeddable":true,"href":"https:\/\/packmarkt.com\/sq\/wp-json\/wp\/v2\/product_tag?post=46283"}],"curies":[{"name":"wp","href":"https:\/\/api.w.org\/{rel}","templated":true}]}}