{"id":46273,"date":"2026-05-08T15:34:06","date_gmt":"2026-05-08T12:34:06","guid":{"rendered":"https:\/\/packmarkt.com\/?post_type=product&#038;p=46273"},"modified":"2026-05-08T16:03:38","modified_gmt":"2026-05-08T13:03:38","slug":"karroce-mallrash-me-anesore-te-hapshme-%ce%b1%ce%bd%cf%84%ce%b9%ce%b3%cf%81%ce%b1%cf%86%ce%ae-%ce%b1%ce%bd%cf%84%ce%b9%ce%b3%cf%81%ce%b1%cf%86%ce%ae-%ce%b1%ce%bd%cf%84%ce%b9%ce%b3%cf%81%ce%b1-5","status":"publish","type":"product","link":"https:\/\/packmarkt.com\/sq\/produkt\/karroce-mallrash-me-anesore-te-hapshme-%ce%b1%ce%bd%cf%84%ce%b9%ce%b3%cf%81%ce%b1%cf%86%ce%ae-%ce%b1%ce%bd%cf%84%ce%b9%ce%b3%cf%81%ce%b1%cf%86%ce%ae-%ce%b1%ce%bd%cf%84%ce%b9%ce%b3%cf%81%ce%b1-5\/","title":{"rendered":"Kafaz sigurie me rrjet\u00eb teli me rrota maxi"},"content":{"rendered":"<p data-start=\"5\" data-end=\"358\">Kafazi i siguris\u00eb me rrjet\u00eb teli me rrota \u00ebsht\u00eb nj\u00eb kafaz transporti i fort\u00eb dhe me siguri t\u00eb lart\u00eb, i projektuar p\u00ebr mbrojtjen dhe l\u00ebvizjen e sigurt t\u00eb mallrave n\u00eb mjedise profesionale k\u00ebrkuese. Ai kombinon q\u00ebndrueshm\u00ebrin\u00eb, dukshm\u00ebrin\u00eb dhe leht\u00ebsin\u00eb e p\u00ebrdorimit, duke ofruar nj\u00eb zgjidhje t\u00eb plot\u00eb p\u00ebr nevojat moderne t\u00eb logjistik\u00ebs. <\/p>\n<h5><b>Karakteristika &amp; P\u00ebrfitime<\/b><\/h5>\n<ul>\n<li data-section-id=\"dx92pn\" data-start=\"356\" data-end=\"429\"><strong data-start=\"358\" data-end=\"380\">Konstruksion i fort\u00eb:<\/strong> Rezistenc\u00eb e lart\u00eb p\u00ebr p\u00ebrdorim intensiv profesional.<\/li>\n<li data-section-id=\"16l07y7\" data-start=\"430\" data-end=\"553\"><strong data-start=\"432\" data-end=\"454\">Siguri e shtuar:<\/strong> Kontribuon n\u00eb mbrojtjen e mallrave dhe n\u00eb p\u00ebrmbushjen e k\u00ebrkesave p\u00ebr integritetin e produktit.<\/li>\n<li data-section-id=\"o3gy16\" data-start=\"554\" data-end=\"649\"><strong data-start=\"556\" data-end=\"583\">Dukshm\u00ebria e p\u00ebrmbajtjes:<\/strong> Lejon kontroll t\u00eb leht\u00eb t\u00eb produkteve pa hapur kafazin.<\/li>\n<li data-section-id=\"5oirme\" data-start=\"650\" data-end=\"740\"><strong data-start=\"652\" data-end=\"674\">Leht\u00ebsi n\u00eb p\u00ebrdorim:<\/strong> Thjeshton pun\u00ebn e operatorit dhe procesin e transportit.<\/li>\n<li data-section-id=\"1sqxhf4\" data-start=\"741\" data-end=\"833\"><strong data-start=\"743\" data-end=\"772\">Zgjidhje e besueshme logjistike:<\/strong> Ideale p\u00ebr menaxhimin e sigurt dhe t\u00eb organizuar t\u00eb mallrave.<\/li>\n<\/ul>\n<h5><b>Specifikime Teknike<\/b><\/h5>\n<ul>\n<li data-section-id=\"dayhsw\" data-start=\"880\" data-end=\"938\"><strong data-start=\"882\" data-end=\"916\">Dimensionet e jashtme:<\/strong> 1200 x 800 x 1840 mm<\/li>\n<li data-section-id=\"1x7zt6j\" data-start=\"939\" data-end=\"988\"><strong data-start=\"941\" data-end=\"967\">Dimensionet e brendshme:<\/strong> 1145 x 745 x 1630 mm<\/li>\n<li data-section-id=\"1uneqty\" data-start=\"989\" data-end=\"1009\"><strong data-start=\"991\" data-end=\"1001\">Pesha:<\/strong> 64 kg<\/li>\n<li data-section-id=\"1t79pz6\" data-start=\"1049\" data-end=\"1079\"><strong data-start=\"1051\" data-end=\"1070\">Ngarkesa maksimale:<\/strong> 500 kg<\/li>\n<li><b>Paketimi:<\/b><span class=\"s1\"> 1 cop\u00eb<\/span><\/li>\n<\/ul>\n<h5><b>Aplikimet<\/b><\/h5>\n<ul>\n<li data-section-id=\"8jt06a\" data-start=\"1159\" data-end=\"1192\">Depo dhe qendra logjistike<\/li>\n<li data-section-id=\"eyb6t8\" data-start=\"1193\" data-end=\"1232\">Supermarkete dhe shp\u00ebrndarje produktesh<\/li>\n<li data-section-id=\"11y4s1a\" data-start=\"1233\" data-end=\"1263\">Objekte industriale<\/li>\n<li data-section-id=\"znbyf5\" data-start=\"1264\" data-end=\"1307\">Menaxhimi i inventarit dhe mbiprodhimit<\/li>\n<li data-section-id=\"hr2wnz\" data-start=\"1308\" data-end=\"1341\">Transporti i mallrave voluminoze<\/li>\n<\/ul>\n<p>&nbsp;<\/p>\n","protected":false},"excerpt":{"rendered":"<p><strong>Kodi:<\/strong> PAGPF00A0975<br \/>\n<strong data-start=\"882\" data-end=\"916\">Dimensionet e jashtme:<\/strong> 1200 x 800 x 1840 mm<br \/>\n<strong data-start=\"941\" data-end=\"967\">Dimensionet e brendshme:<\/strong> 1145 x 745 x 1630 mm<br \/>\n<strong data-start=\"991\" data-end=\"1001\">Pesha:<\/strong> 64 kg<br \/>\n<strong data-start=\"1051\" data-end=\"1070\">Ngarkesa maksimale:<\/strong> 500 kg<br \/>\n<b>Paketimi:<\/b><span class=\"s1\"> 1 cop\u00eb<\/span><\/p>\n","protected":false},"featured_media":46278,"template":"","meta":[],"product_brand":[],"product_cat":[1742],"product_tag":[],"class_list":{"0":"post-46273","1":"product","2":"type-product","3":"status-publish","4":"has-post-thumbnail","6":"product_cat-karroca-metalike-per-mallra","7":"ts_product_brand-logistica-paggiola","9":"first","10":"instock","11":"taxable","12":"shipping-taxable","13":"product-type-simple"},"aioseo_notices":[],"_links":{"self":[{"href":"https:\/\/packmarkt.com\/sq\/wp-json\/wp\/v2\/product\/46273","targetHints":{"allow":["GET"]}}],"collection":[{"href":"https:\/\/packmarkt.com\/sq\/wp-json\/wp\/v2\/product"}],"about":[{"href":"https:\/\/packmarkt.com\/sq\/wp-json\/wp\/v2\/types\/product"}],"wp:featuredmedia":[{"embeddable":true,"href":"https:\/\/packmarkt.com\/sq\/wp-json\/wp\/v2\/media\/46278"}],"wp:attachment":[{"href":"https:\/\/packmarkt.com\/sq\/wp-json\/wp\/v2\/media?parent=46273"}],"wp:term":[{"taxonomy":"product_brand","embeddable":true,"href":"https:\/\/packmarkt.com\/sq\/wp-json\/wp\/v2\/product_brand?post=46273"},{"taxonomy":"product_cat","embeddable":true,"href":"https:\/\/packmarkt.com\/sq\/wp-json\/wp\/v2\/product_cat?post=46273"},{"taxonomy":"product_tag","embeddable":true,"href":"https:\/\/packmarkt.com\/sq\/wp-json\/wp\/v2\/product_tag?post=46273"}],"curies":[{"name":"wp","href":"https:\/\/api.w.org\/{rel}","templated":true}]}}