{"id":46253,"date":"2026-05-08T15:22:43","date_gmt":"2026-05-08T12:22:43","guid":{"rendered":"https:\/\/packmarkt.com\/?post_type=product&#038;p=46253"},"modified":"2026-05-08T16:02:32","modified_gmt":"2026-05-08T13:02:32","slug":"karroce-mallrash-me-anesore-te-hapshme-%ce%b1%ce%bd%cf%84%ce%b9%ce%b3%cf%81%ce%b1%cf%86%ce%ae-%ce%b1%ce%bd%cf%84%ce%b9%ce%b3%cf%81%ce%b1%cf%86%ce%ae-%ce%b1%ce%bd%cf%84%ce%b9%ce%b3%cf%81%ce%b1-3","status":"publish","type":"product","link":"https:\/\/packmarkt.com\/sq\/produkt\/karroce-mallrash-me-anesore-te-hapshme-%ce%b1%ce%bd%cf%84%ce%b9%ce%b3%cf%81%ce%b1%cf%86%ce%ae-%ce%b1%ce%bd%cf%84%ce%b9%ce%b3%cf%81%ce%b1%cf%86%ce%ae-%ce%b1%ce%bd%cf%84%ce%b9%ce%b3%cf%81%ce%b1-3\/","title":{"rendered":"Kafaz metalik me rrota me 3 an\u00eb maxi"},"content":{"rendered":"<p data-start=\"5\" data-end=\"358\">Kafazi metalik me rrota me 3 an\u00eb p\u00ebrb\u00ebn nj\u00eb zgjidhje fleksib\u00ebl dhe t\u00eb q\u00ebndrueshme p\u00ebr transportin dhe magazinimin e produkteve voluminoze ose t\u00eb madh\u00ebsis\u00eb mesatare. Projektuar p\u00ebr p\u00ebrdorim profesional, ofron q\u00ebndrueshm\u00ebri t\u00eb lart\u00eb dhe kontribuon n\u00eb optimizimin e zinxhirit t\u00eb furnizimit, duke reduktuar humbjet nga mbiprodhimi dhe duke leht\u00ebsuar organizimin e inventarit. <\/p>\n<h5><b>Karakteristika &amp; P\u00ebrfitime<\/b><\/h5>\n<ul>\n<li data-section-id=\"ngfczb\" data-start=\"377\" data-end=\"467\"><strong data-start=\"379\" data-end=\"398\">P\u00ebrdorim fleksib\u00ebl:<\/strong> I p\u00ebrshtatsh\u00ebm p\u00ebr transportin e objekteve t\u00eb mesme, t\u00eb m\u00ebdha ose voluminoze.<\/li>\n<li data-section-id=\"rhnofx\" data-start=\"468\" data-end=\"544\"><strong data-start=\"470\" data-end=\"494\">Konstruksion i q\u00ebndruesh\u00ebm:<\/strong> Projektuar p\u00ebr p\u00ebrdorim afatgjat\u00eb dhe intensiv.<\/li>\n<li data-section-id=\"1o1owpw\" data-start=\"545\" data-end=\"640\"><strong data-start=\"547\" data-end=\"577\">Optimizimi i inventarit:<\/strong> Kontribuon n\u00eb magazinimin dhe menaxhimin e stokut t\u00eb tep\u00ebrt.<\/li>\n<li data-section-id=\"muzfpq\" data-start=\"641\" data-end=\"727\"><strong data-start=\"643\" data-end=\"665\">Menaxhim i leht\u00eb:<\/strong> Leht\u00ebson ngarkimin, transportin dhe organizimin e mallrave.<\/li>\n<li data-section-id=\"17n6fcw\" data-start=\"728\" data-end=\"819\"><strong data-start=\"730\" data-end=\"759\">Zgjidhje logjistike e besueshme:<\/strong> Ideale p\u00ebr mjedise profesionale me k\u00ebrkesa t\u00eb larta.<\/li>\n<\/ul>\n<h5><b>Specifikime Teknike<\/b><\/h5>\n<ul>\n<li data-section-id=\"dayhsw\" data-start=\"880\" data-end=\"938\"><strong data-start=\"882\" data-end=\"916\">Dimensionet e jashtme:<\/strong> 1200 x 800 x 1825 mm<\/li>\n<li data-section-id=\"1x7zt6j\" data-start=\"939\" data-end=\"988\"><strong data-start=\"941\" data-end=\"967\">Dimensionet e brendshme:<\/strong> 1145 x 745 x 1640 mm<\/li>\n<li data-section-id=\"1uneqty\" data-start=\"989\" data-end=\"1009\"><strong data-start=\"991\" data-end=\"1001\">Pesha:<\/strong> 35,4 kg<\/li>\n<li data-section-id=\"1t79pz6\" data-start=\"1049\" data-end=\"1079\"><strong data-start=\"1051\" data-end=\"1070\">Ngarkesa maksimale:<\/strong> 500 kg<\/li>\n<li><b>Paketimi:<\/b><span class=\"s1\"> 1 cop\u00eb<\/span><\/li>\n<\/ul>\n<h5><b>Aplikimet<\/b><\/h5>\n<ul>\n<li data-section-id=\"8jt06a\" data-start=\"1159\" data-end=\"1192\">Depo dhe qendra logjistike<\/li>\n<li data-section-id=\"eyb6t8\" data-start=\"1193\" data-end=\"1232\">Supermarkete dhe shp\u00ebrndarje produktesh<\/li>\n<li data-section-id=\"11y4s1a\" data-start=\"1233\" data-end=\"1263\">Objekte industriale<\/li>\n<li data-section-id=\"znbyf5\" data-start=\"1264\" data-end=\"1307\">Menaxhimi i inventarit dhe mbiprodhimit<\/li>\n<li data-section-id=\"hr2wnz\" data-start=\"1308\" data-end=\"1341\">Transporti i mallrave voluminoze<\/li>\n<\/ul>\n<p>&nbsp;<\/p>\n","protected":false},"excerpt":{"rendered":"<p><strong>Kodi:<\/strong> PAGPF00A0070<br \/>\n<strong data-start=\"882\" data-end=\"916\">Dimensionet e jashtme:<\/strong> 1200 x 800 x 1825 mm<br \/>\n<strong data-start=\"941\" data-end=\"967\">Dimensionet e brendshme:<\/strong> 1145 x 745 x 1640 mm<br \/>\n<strong data-start=\"991\" data-end=\"1001\">Pesha:<\/strong> 35,4 kg<br \/>\n<strong data-start=\"1051\" data-end=\"1070\">Ngarkesa maksimale:<\/strong> 500 kg<br \/>\n<b>Paketimi:<\/b><span class=\"s1\"> 1 cop\u00eb<\/span><\/p>\n","protected":false},"featured_media":46258,"template":"","meta":[],"product_brand":[],"product_cat":[1742],"product_tag":[],"class_list":{"0":"post-46253","1":"product","2":"type-product","3":"status-publish","4":"has-post-thumbnail","6":"product_cat-karroca-metalike-per-mallra","7":"ts_product_brand-logistica-paggiola","9":"first","10":"instock","11":"taxable","12":"shipping-taxable","13":"product-type-simple"},"aioseo_notices":[],"_links":{"self":[{"href":"https:\/\/packmarkt.com\/sq\/wp-json\/wp\/v2\/product\/46253","targetHints":{"allow":["GET"]}}],"collection":[{"href":"https:\/\/packmarkt.com\/sq\/wp-json\/wp\/v2\/product"}],"about":[{"href":"https:\/\/packmarkt.com\/sq\/wp-json\/wp\/v2\/types\/product"}],"wp:featuredmedia":[{"embeddable":true,"href":"https:\/\/packmarkt.com\/sq\/wp-json\/wp\/v2\/media\/46258"}],"wp:attachment":[{"href":"https:\/\/packmarkt.com\/sq\/wp-json\/wp\/v2\/media?parent=46253"}],"wp:term":[{"taxonomy":"product_brand","embeddable":true,"href":"https:\/\/packmarkt.com\/sq\/wp-json\/wp\/v2\/product_brand?post=46253"},{"taxonomy":"product_cat","embeddable":true,"href":"https:\/\/packmarkt.com\/sq\/wp-json\/wp\/v2\/product_cat?post=46253"},{"taxonomy":"product_tag","embeddable":true,"href":"https:\/\/packmarkt.com\/sq\/wp-json\/wp\/v2\/product_tag?post=46253"}],"curies":[{"name":"wp","href":"https:\/\/api.w.org\/{rel}","templated":true}]}}