{"id":46232,"date":"2026-05-08T14:07:20","date_gmt":"2026-05-08T11:07:20","guid":{"rendered":"https:\/\/packmarkt.com\/?post_type=product&#038;p=46232"},"modified":"2026-05-08T16:05:40","modified_gmt":"2026-05-08T13:05:40","slug":"karroce-mallrash-me-anesore-te-hapshme-%ce%b1%ce%bd%cf%84%ce%b9%ce%b3%cf%81%ce%b1%cf%86%ce%ae-%ce%b1%ce%bd%cf%84%ce%b9%ce%b3%cf%81%ce%b1%cf%86%ce%ae-%ce%b1%ce%bd%cf%84%ce%b9%ce%b3%cf%81%ce%b1-2","status":"publish","type":"product","link":"https:\/\/packmarkt.com\/sq\/produkt\/karroce-mallrash-me-anesore-te-hapshme-%ce%b1%ce%bd%cf%84%ce%b9%ce%b3%cf%81%ce%b1%cf%86%ce%ae-%ce%b1%ce%bd%cf%84%ce%b9%ce%b3%cf%81%ce%b1%cf%86%ce%ae-%ce%b1%ce%bd%cf%84%ce%b9%ce%b3%cf%81%ce%b1-2\/","title":{"rendered":"Karroc\u00eb me rrota p\u00ebr tekstile"},"content":{"rendered":"<p data-start=\"5\" data-end=\"337\">Karroca me rrota p\u00ebr tekstile \u00ebsht\u00eb nj\u00eb zgjidhje praktike dhe e q\u00ebndrueshme p\u00ebr transportin dhe menaxhimin e tekstileve n\u00eb ambiente profesionale. Dizajni i saj me bulona ofron stabilitet dhe besueshm\u00ebri t\u00eb shtuar, duke kontribuar n\u00eb p\u00ebrmir\u00ebsimin e efikasitetit n\u00eb menaxhimin e porosive dhe rrjedh\u00ebn e pun\u00ebs. <\/p>\n<h5><b>Karakteristika &amp; P\u00ebrfitime<\/b><\/h5>\n<ul>\n<li data-section-id=\"197jlsp\" data-start=\"379\" data-end=\"452\"><strong data-start=\"381\" data-end=\"417\">Konstruksion me bulona (model i montuar me bulona):<\/strong> Stabilitet dhe q\u00ebndrueshm\u00ebri e shtuar.<\/li>\n<li data-section-id=\"fwt6qg\" data-start=\"453\" data-end=\"546\"><strong data-start=\"455\" data-end=\"483\">P\u00ebrmir\u00ebsim i efikasitetit:<\/strong> Kontribuon n\u00eb organizimin dhe menaxhimin m\u00eb t\u00eb mir\u00eb t\u00eb porosive.<\/li>\n<li data-section-id=\"1n0f650\" data-start=\"547\" data-end=\"621\"><strong data-start=\"549\" data-end=\"575\">Leht\u00ebsisht e transportueshme:<\/strong> Ideale p\u00ebr p\u00ebrdorim t\u00eb p\u00ebrditsh\u00ebm profesional.<\/li>\n<li data-section-id=\"mfi34l\" data-start=\"622\" data-end=\"705\"><strong data-start=\"624\" data-end=\"653\">Zgjidhje logjistike e q\u00ebndrueshme:<\/strong> Projektuar p\u00ebr mjedise pune t\u00eb k\u00ebrkuara.<\/li>\n<li data-section-id=\"1y23aj5\" data-start=\"706\" data-end=\"772\"><strong data-start=\"708\" data-end=\"731\">Kapacitet i lart\u00eb:<\/strong> E p\u00ebrshtatshme p\u00ebr ngarkesa t\u00eb r\u00ebnda dhe voluminoze.<\/li>\n<\/ul>\n<h5><b>Specifikime Teknike<\/b><\/h5>\n<ul>\n<li data-section-id=\"dayhsw\" data-start=\"880\" data-end=\"938\"><strong data-start=\"882\" data-end=\"916\">Dimensionet e jashtme:<\/strong> 495 x 800 x 1660 mm<\/li>\n<li data-section-id=\"1x7zt6j\" data-start=\"939\" data-end=\"988\"><strong data-start=\"941\" data-end=\"967\">Dimensionet e brendshme:<\/strong> 440 x 745 x 1495 mm<\/li>\n<li data-section-id=\"1uneqty\" data-start=\"989\" data-end=\"1009\"><strong data-start=\"991\" data-end=\"1001\">Pesha:<\/strong> 24 kg<\/li>\n<li data-section-id=\"1t79pz6\" data-start=\"1049\" data-end=\"1079\"><strong data-start=\"1051\" data-end=\"1070\">Ngarkesa maksimale:<\/strong> 500 kg<\/li>\n<li><b>Paketimi:<\/b><span class=\"s1\"> 1 cop\u00eb<\/span><\/li>\n<\/ul>\n<h5><b>Aplikimet<\/b><\/h5>\n<ul>\n<li data-section-id=\"yfgdgo\" data-start=\"1191\" data-end=\"1229\">Hotele dhe nj\u00ebsi turistike<\/li>\n<li data-section-id=\"7px89r\" data-start=\"1230\" data-end=\"1257\">Spitale dhe klinika<\/li>\n<li data-section-id=\"18vr19a\" data-start=\"1258\" data-end=\"1296\">Lavanderi profesionale tekstilesh<\/li>\n<li data-section-id=\"natgmb\" data-start=\"1297\" data-end=\"1335\">Sh\u00ebrbime pastrimi dhe logjistike<\/li>\n<\/ul>\n<p>&nbsp;<\/p>\n","protected":false},"excerpt":{"rendered":"<p><strong>Kodi:<\/strong> PAGPF00A0785<br \/>\n<strong data-start=\"882\" data-end=\"916\">Dimensionet e jashtme:<\/strong> 495 x 800 x 1660 mm<br \/>\n<strong data-start=\"941\" data-end=\"967\">Dimensionet e brendshme:<\/strong> 440 x 745 x 1495 mm<br \/>\n<strong data-start=\"991\" data-end=\"1001\">Pesha:<\/strong> 24 kg<br \/>\n<strong data-start=\"1051\" data-end=\"1070\">Ngarkesa maksimale:<\/strong> 500 kg<br \/>\n<b>Paketimi:<\/b><span class=\"s1\"> 1 cop\u00eb<\/span><\/p>\n","protected":false},"featured_media":46237,"template":"","meta":[],"product_brand":[],"product_cat":[1742],"product_tag":[],"class_list":{"0":"post-46232","1":"product","2":"type-product","3":"status-publish","4":"has-post-thumbnail","6":"product_cat-karroca-metalike-per-mallra","7":"ts_product_brand-logistica-paggiola","9":"first","10":"instock","11":"taxable","12":"shipping-taxable","13":"product-type-simple"},"aioseo_notices":[],"_links":{"self":[{"href":"https:\/\/packmarkt.com\/sq\/wp-json\/wp\/v2\/product\/46232","targetHints":{"allow":["GET"]}}],"collection":[{"href":"https:\/\/packmarkt.com\/sq\/wp-json\/wp\/v2\/product"}],"about":[{"href":"https:\/\/packmarkt.com\/sq\/wp-json\/wp\/v2\/types\/product"}],"wp:featuredmedia":[{"embeddable":true,"href":"https:\/\/packmarkt.com\/sq\/wp-json\/wp\/v2\/media\/46237"}],"wp:attachment":[{"href":"https:\/\/packmarkt.com\/sq\/wp-json\/wp\/v2\/media?parent=46232"}],"wp:term":[{"taxonomy":"product_brand","embeddable":true,"href":"https:\/\/packmarkt.com\/sq\/wp-json\/wp\/v2\/product_brand?post=46232"},{"taxonomy":"product_cat","embeddable":true,"href":"https:\/\/packmarkt.com\/sq\/wp-json\/wp\/v2\/product_cat?post=46232"},{"taxonomy":"product_tag","embeddable":true,"href":"https:\/\/packmarkt.com\/sq\/wp-json\/wp\/v2\/product_tag?post=46232"}],"curies":[{"name":"wp","href":"https:\/\/api.w.org\/{rel}","templated":true}]}}