{"id":46222,"date":"2026-05-08T14:01:57","date_gmt":"2026-05-08T11:01:57","guid":{"rendered":"https:\/\/packmarkt.com\/?post_type=product&#038;p=46222"},"modified":"2026-05-08T16:04:43","modified_gmt":"2026-05-08T13:04:43","slug":"karroce-mallrash-me-anesore-te-hapshme-%ce%b1%ce%bd%cf%84%ce%b9%ce%b3%cf%81%ce%b1%cf%86%ce%ae-%ce%b1%ce%bd%cf%84%ce%b9%ce%b3%cf%81%ce%b1%cf%86%ce%ae-%ce%b1%ce%bd%cf%84%ce%b9%ce%b3%cf%81%ce%b1","status":"publish","type":"product","link":"https:\/\/packmarkt.com\/sq\/produkt\/karroce-mallrash-me-anesore-te-hapshme-%ce%b1%ce%bd%cf%84%ce%b9%ce%b3%cf%81%ce%b1%cf%86%ce%ae-%ce%b1%ce%bd%cf%84%ce%b9%ce%b3%cf%81%ce%b1%cf%86%ce%ae-%ce%b1%ce%bd%cf%84%ce%b9%ce%b3%cf%81%ce%b1\/","title":{"rendered":"Stand ekspozimi produktesh me rrota"},"content":{"rendered":"<p data-start=\"5\" data-end=\"337\"><strong data-start=\"8\" data-end=\"59\">Standi i ekspozimit t\u00eb produkteve me rrota<\/strong> \u00ebsht\u00eb nj\u00eb zgjidhje praktike dhe e leht\u00eb p\u00ebr organizimin, ekspozimin dhe transportin e mallrave n\u00eb dyqane, magazina dhe ambiente profesionale. Dizajni i tij ndihmon n\u00eb klasifikimin e duhur t\u00eb produkteve dhe leht\u00ebson ndjesh\u00ebm procesin e ngarkimit dhe mbledhjes s\u00eb mallrave. <\/p>\n<p data-start=\"339\" data-end=\"463\">P\u00ebrb\u00ebn nj\u00eb investim t\u00eb besuesh\u00ebm dhe efikas p\u00ebr p\u00ebrdorim afatgjat\u00eb p\u00ebr bizneset q\u00eb k\u00ebrkojn\u00eb funksionalitet dhe q\u00ebndrueshm\u00ebri.<\/p>\n<h5><b>Karakteristika &amp; P\u00ebrfitime<\/b><\/h5>\n<ul>\n<li data-section-id=\"r9pf69\" data-start=\"487\" data-end=\"547\"><strong data-start=\"489\" data-end=\"511\">Konstruksion i leht\u00eb:<\/strong> L\u00ebvizje dhe menaxhim i leht\u00eb.<\/li>\n<li data-section-id=\"10gt02w\" data-start=\"548\" data-end=\"643\"><strong data-start=\"550\" data-end=\"586\">Prezantim i organizuar i produkteve:<\/strong> P\u00ebrmir\u00ebson klasifikimin dhe ekspozimin e mallrave.<\/li>\n<li data-section-id=\"3ydhtz\" data-start=\"644\" data-end=\"729\"><strong data-start=\"646\" data-end=\"679\">Leht\u00ebsi ngarkimi dhe picking-u:<\/strong> Leht\u00ebson mbledhjen dhe shp\u00ebrndarjen e produkteve.<\/li>\n<li data-section-id=\"run0sz\" data-start=\"730\" data-end=\"799\"><strong data-start=\"732\" data-end=\"765\">Zgjidhje profesionale e q\u00ebndrueshme:<\/strong> E p\u00ebrshtatshme p\u00ebr p\u00ebrdorim t\u00eb p\u00ebrditsh\u00ebm.<\/li>\n<li data-section-id=\"ee5rl9\" data-start=\"800\" data-end=\"869\"><strong data-start=\"802\" data-end=\"827\">Investim afatgjat\u00eb:<\/strong> Q\u00ebndrueshm\u00ebri dhe besueshm\u00ebri e lart\u00eb me kalimin e koh\u00ebs.<\/li>\n<\/ul>\n<h5><b>Specifikime Teknike<\/b><\/h5>\n<ul>\n<li data-section-id=\"dayhsw\" data-start=\"880\" data-end=\"938\"><strong data-start=\"882\" data-end=\"916\">Dimensionet e jashtme:<\/strong> 1160 x 660 x 1800 mm<\/li>\n<li data-section-id=\"1x7zt6j\" data-start=\"939\" data-end=\"988\"><strong data-start=\"941\" data-end=\"967\">Dimensionet e brendshme:<\/strong> 1100 x 625 x 1635 mm<\/li>\n<li data-section-id=\"1uneqty\" data-start=\"989\" data-end=\"1009\"><strong data-start=\"991\" data-end=\"1001\">Pesha:<\/strong> 36 kg<\/li>\n<li data-section-id=\"1t79pz6\" data-start=\"1049\" data-end=\"1079\"><strong data-start=\"1051\" data-end=\"1070\">Ngarkesa maksimale:<\/strong> 500 kg<\/li>\n<li><b>Paketimi:<\/b><span class=\"s1\"> 1 cop\u00eb<\/span><\/li>\n<\/ul>\n<h5><b>Aplikimet<\/b><\/h5>\n<ul>\n<li data-section-id=\"1wh5d57\" data-start=\"1288\" data-end=\"1330\">Dyqane me pakic\u00eb dhe supermarkete<\/li>\n<li data-section-id=\"8jt06a\" data-start=\"1331\" data-end=\"1364\">Depo dhe qendra logjistike<\/li>\n<li data-section-id=\"1q7d0ko\" data-start=\"1365\" data-end=\"1399\">Ekspozim dhe organizim produktesh<\/li>\n<li data-section-id=\"toz7c\" data-start=\"1400\" data-end=\"1440\">Menaxhim dhe transport mallrash<\/li>\n<\/ul>\n<p>&nbsp;<\/p>\n","protected":false},"excerpt":{"rendered":"<p><strong>Kodi:<\/strong> PAGPF0A00890<br \/>\n<strong data-start=\"882\" data-end=\"916\">Dimensionet e jashtme:<\/strong> 1160 x 660 x 1800 mm<br \/>\n<strong data-start=\"941\" data-end=\"967\">Dimensionet e brendshme:<\/strong> 1100 x 625 x 1635 mm<br \/>\n<strong data-start=\"991\" data-end=\"1001\">Pesha:<\/strong> 36 kg<br \/>\n<strong data-start=\"1051\" data-end=\"1070\">Ngarkesa maksimale:<\/strong> 500 kg<br \/>\n<b>Paketimi:<\/b><span class=\"s1\"> 1 cop\u00eb<\/span><\/p>\n","protected":false},"featured_media":46227,"template":"","meta":[],"product_brand":[],"product_cat":[1742],"product_tag":[],"class_list":{"0":"post-46222","1":"product","2":"type-product","3":"status-publish","4":"has-post-thumbnail","6":"product_cat-karroca-metalike-per-mallra","7":"ts_product_brand-logistica-paggiola","9":"first","10":"instock","11":"taxable","12":"shipping-taxable","13":"product-type-simple"},"aioseo_notices":[],"_links":{"self":[{"href":"https:\/\/packmarkt.com\/sq\/wp-json\/wp\/v2\/product\/46222","targetHints":{"allow":["GET"]}}],"collection":[{"href":"https:\/\/packmarkt.com\/sq\/wp-json\/wp\/v2\/product"}],"about":[{"href":"https:\/\/packmarkt.com\/sq\/wp-json\/wp\/v2\/types\/product"}],"wp:featuredmedia":[{"embeddable":true,"href":"https:\/\/packmarkt.com\/sq\/wp-json\/wp\/v2\/media\/46227"}],"wp:attachment":[{"href":"https:\/\/packmarkt.com\/sq\/wp-json\/wp\/v2\/media?parent=46222"}],"wp:term":[{"taxonomy":"product_brand","embeddable":true,"href":"https:\/\/packmarkt.com\/sq\/wp-json\/wp\/v2\/product_brand?post=46222"},{"taxonomy":"product_cat","embeddable":true,"href":"https:\/\/packmarkt.com\/sq\/wp-json\/wp\/v2\/product_cat?post=46222"},{"taxonomy":"product_tag","embeddable":true,"href":"https:\/\/packmarkt.com\/sq\/wp-json\/wp\/v2\/product_tag?post=46222"}],"curies":[{"name":"wp","href":"https:\/\/api.w.org\/{rel}","templated":true}]}}