{"id":46211,"date":"2026-05-08T13:49:58","date_gmt":"2026-05-08T10:49:58","guid":{"rendered":"https:\/\/packmarkt.com\/?post_type=product&#038;p=46211"},"modified":"2026-05-08T16:04:21","modified_gmt":"2026-05-08T13:04:21","slug":"karroce-mallrash-me-anesore-te-hapshme-%ce%b1%ce%bd%cf%84%ce%b9%ce%b3%cf%81%ce%b1%cf%86%ce%ae-%ce%b1%ce%bd%cf%84%ce%b9%ce%b3%cf%81%ce%b1%cf%86%ce%ae","status":"publish","type":"product","link":"https:\/\/packmarkt.com\/sq\/produkt\/karroce-mallrash-me-anesore-te-hapshme-%ce%b1%ce%bd%cf%84%ce%b9%ce%b3%cf%81%ce%b1%cf%86%ce%ae-%ce%b1%ce%bd%cf%84%ce%b9%ce%b3%cf%81%ce%b1%cf%86%ce%ae\/","title":{"rendered":"Kafaz sigurie me rrjet\u00eb teli me rrota"},"content":{"rendered":"<p data-start=\"5\" data-end=\"358\">Kafazi me rrjet\u00eb teli me rrota \u00ebsht\u00eb nj\u00eb zgjidhje ideale p\u00ebr transportin dhe ruajtjen e sigurt t\u00eb mallrave n\u00eb magazina, qendra logjistike dhe ambiente profesionale. Dizajni i tij lejon shikueshm\u00ebri t\u00eb leht\u00eb t\u00eb p\u00ebrmbajtjes, duke leht\u00ebsuar kontrollin e produkteve dhe duke p\u00ebrmir\u00ebsuar pun\u00ebn e operatorit. <\/p>\n<h5><b>Karakteristika &amp; P\u00ebrfitime<\/b><\/h5>\n<ul>\n<li data-section-id=\"1yxqeix\" data-start=\"553\" data-end=\"641\"><strong data-start=\"555\" data-end=\"582\">Shikueshm\u00ebria e p\u00ebrmbajtjes:<\/strong> Lejon kontroll t\u00eb leht\u00eb t\u00eb produkteve brenda.<\/li>\n<li data-section-id=\"1dwg3gz\" data-start=\"642\" data-end=\"716\"><strong data-start=\"644\" data-end=\"665\">P\u00ebrdorim ergonomik:<\/strong> Leht\u00ebson pun\u00ebn e p\u00ebrditshme t\u00eb operatorit.<\/li>\n<li data-section-id=\"1dax2dy\" data-start=\"717\" data-end=\"807\"><strong data-start=\"719\" data-end=\"741\">Siguri e shtuar:<\/strong> Parandalon vjedhjet e rast\u00ebsishme gjat\u00eb transportit dhe ruajtjes.<\/li>\n<li data-section-id=\"1k7rly7\" data-start=\"808\" data-end=\"892\"><strong data-start=\"810\" data-end=\"837\">Mbrojtja e mallrave:<\/strong> Shmangen r\u00ebniet, d\u00ebmtimet dhe humbjet e produkteve.<\/li>\n<li data-section-id=\"dx92pn\" data-start=\"893\" data-end=\"966\"><strong data-start=\"895\" data-end=\"917\">Konstruksion i fort\u00eb:<\/strong> Rezistenc\u00eb e lart\u00eb p\u00ebr p\u00ebrdorim intensiv profesional.<\/li>\n<\/ul>\n<h5><b>Specifikime Teknike<\/b><\/h5>\n<ul>\n<li data-section-id=\"dayhsw\" data-start=\"880\" data-end=\"938\"><strong data-start=\"882\" data-end=\"916\">Dimensionet e jashtme:<\/strong> 725 x 815 x 1770 mm<\/li>\n<li data-section-id=\"1x7zt6j\" data-start=\"939\" data-end=\"988\"><strong data-start=\"941\" data-end=\"967\">Dimensionet e brendshme:<\/strong> 665 x 760 x 1600 mm<\/li>\n<li data-section-id=\"1uneqty\" data-start=\"989\" data-end=\"1009\"><strong data-start=\"991\" data-end=\"1001\">Pesha:<\/strong> 47 kg<\/li>\n<li data-section-id=\"1t79pz6\" data-start=\"1049\" data-end=\"1079\"><strong data-start=\"1051\" data-end=\"1070\">Ngarkesa maksimale:<\/strong> 500 kg<\/li>\n<li><b>Paketimi:<\/b><span class=\"s1\"> 1 cop\u00eb<\/span><\/li>\n<\/ul>\n<h5><b>Aplikimet<\/b><\/h5>\n<ul>\n<li data-section-id=\"8jt06a\" data-start=\"1383\" data-end=\"1416\">Depo dhe qendra logjistike<\/li>\n<li data-section-id=\"2cwdix\" data-start=\"1417\" data-end=\"1455\">Transporti i mallrave me vler\u00eb t\u00eb lart\u00eb<\/li>\n<li data-section-id=\"1pcwrmz\" data-start=\"1456\" data-end=\"1498\">Supermarkete dhe dyqane me pakic\u00eb<\/li>\n<li data-section-id=\"1fkmc2f\" data-start=\"1499\" data-end=\"1535\">Ambiente industriale dhe tregtare<\/li>\n<\/ul>\n<p>&nbsp;<\/p>\n","protected":false},"excerpt":{"rendered":"<p><strong>Kodi:<\/strong> PAGPF00A0238<br \/>\n<strong data-start=\"882\" data-end=\"916\">Dimensionet e jashtme:<\/strong> 725 x 815 x 1770 mm<br \/>\n<strong data-start=\"941\" data-end=\"967\">Dimensionet e brendshme:<\/strong> 665 x 760 x 1600 mm<br \/>\n<strong data-start=\"991\" data-end=\"1001\">Pesha:<\/strong> 47 kg<br \/>\n<strong data-start=\"1051\" data-end=\"1070\">Ngarkesa maksimale:<\/strong> 500 kg<br \/>\n<b>Paketimi:<\/b><span class=\"s1\"> 1 cop\u00eb<\/span><\/p>\n","protected":false},"featured_media":46217,"template":"","meta":[],"product_brand":[],"product_cat":[1742],"product_tag":[],"class_list":{"0":"post-46211","1":"product","2":"type-product","3":"status-publish","4":"has-post-thumbnail","6":"product_cat-karroca-metalike-per-mallra","7":"ts_product_brand-logistica-paggiola","9":"first","10":"instock","11":"taxable","12":"shipping-taxable","13":"product-type-simple"},"aioseo_notices":[],"_links":{"self":[{"href":"https:\/\/packmarkt.com\/sq\/wp-json\/wp\/v2\/product\/46211","targetHints":{"allow":["GET"]}}],"collection":[{"href":"https:\/\/packmarkt.com\/sq\/wp-json\/wp\/v2\/product"}],"about":[{"href":"https:\/\/packmarkt.com\/sq\/wp-json\/wp\/v2\/types\/product"}],"wp:featuredmedia":[{"embeddable":true,"href":"https:\/\/packmarkt.com\/sq\/wp-json\/wp\/v2\/media\/46217"}],"wp:attachment":[{"href":"https:\/\/packmarkt.com\/sq\/wp-json\/wp\/v2\/media?parent=46211"}],"wp:term":[{"taxonomy":"product_brand","embeddable":true,"href":"https:\/\/packmarkt.com\/sq\/wp-json\/wp\/v2\/product_brand?post=46211"},{"taxonomy":"product_cat","embeddable":true,"href":"https:\/\/packmarkt.com\/sq\/wp-json\/wp\/v2\/product_cat?post=46211"},{"taxonomy":"product_tag","embeddable":true,"href":"https:\/\/packmarkt.com\/sq\/wp-json\/wp\/v2\/product_tag?post=46211"}],"curies":[{"name":"wp","href":"https:\/\/api.w.org\/{rel}","templated":true}]}}