{"id":46201,"date":"2026-05-08T13:41:47","date_gmt":"2026-05-08T10:41:47","guid":{"rendered":"https:\/\/packmarkt.com\/?post_type=product&#038;p=46201"},"modified":"2026-05-08T16:03:50","modified_gmt":"2026-05-08T13:03:50","slug":"karroce-mallrash-me-anesore-te-hapshme-%ce%b1%ce%bd%cf%84%ce%b9%ce%b3%cf%81%ce%b1%cf%86%ce%ae","status":"publish","type":"product","link":"https:\/\/packmarkt.com\/sq\/produkt\/karroce-mallrash-me-anesore-te-hapshme-%ce%b1%ce%bd%cf%84%ce%b9%ce%b3%cf%81%ce%b1%cf%86%ce%ae\/","title":{"rendered":"Kafaz me tela me rrota dhe baz\u00eb plastike"},"content":{"rendered":"<p>Kafazi me tela me rrota dhe baz\u00eb plastike \u00ebsht\u00eb nj\u00eb zgjidhje e q\u00ebndrueshme dhe praktike p\u00ebr transportin dhe ruajtjen e mallrave n\u00eb ambiente profesionale dhe magazina. Dizajni i tij siguron leht\u00ebsi n\u00eb p\u00ebrdorim dhe q\u00ebndrueshm\u00ebri t\u00eb lart\u00eb n\u00eb kushte t\u00eb p\u00ebrditshme dhe k\u00ebrkuese. <\/p>\n<h5><b>Karakteristika &amp; P\u00ebrfitime<\/b><\/h5>\n<ul>\n<li data-section-id=\"1dhykmy\" data-start=\"379\" data-end=\"449\"><strong data-start=\"381\" data-end=\"403\">Nd\u00ebrtim i fort\u00eb:<\/strong> I p\u00ebrshtatsh\u00ebm p\u00ebr p\u00ebrdorim intensiv profesional.<\/li>\n<li data-section-id=\"1eqq2sq\" data-start=\"450\" data-end=\"526\"><strong data-start=\"452\" data-end=\"474\">L\u00ebvizje e leht\u00eb:<\/strong> Dizajn me rrota p\u00ebr transport t\u00eb shpejt\u00eb t\u00eb ngarkesave.<\/li>\n<li data-section-id=\"1ezwfbu\" data-start=\"527\" data-end=\"596\"><strong data-start=\"529\" data-end=\"552\">Kapacitet i lart\u00eb:<\/strong> Ideal p\u00ebr mallra t\u00eb r\u00ebnda dhe voluminoze.<\/li>\n<li data-section-id=\"nde4nh\" data-start=\"597\" data-end=\"666\"><strong data-start=\"599\" data-end=\"622\">Ruajtje e sigurt:<\/strong> Mbron produktet gjat\u00eb transportit.<\/li>\n<li data-section-id=\"1bpvpex\" data-start=\"667\" data-end=\"740\"><strong data-start=\"669\" data-end=\"698\">Besueshm\u00ebri profesionale:<\/strong> Projektuar p\u00ebr logjistik\u00eb dhe magazina.<\/li>\n<\/ul>\n<h5><b>Specifikime Teknike<\/b><\/h5>\n<ul>\n<li data-section-id=\"dayhsw\" data-start=\"880\" data-end=\"938\"><strong data-start=\"882\" data-end=\"916\">Dimensionet e jashtme:<\/strong> 720 x 815 x 1825 mm<\/li>\n<li data-section-id=\"1x7zt6j\" data-start=\"939\" data-end=\"988\"><strong data-start=\"941\" data-end=\"967\">Dimensionet e brendshme:<\/strong> 670 x 795 x 1650 mm<\/li>\n<li data-section-id=\"1uneqty\" data-start=\"989\" data-end=\"1009\"><strong data-start=\"991\" data-end=\"1001\">Pesha:<\/strong> 30 kg<\/li>\n<li data-section-id=\"1t79pz6\" data-start=\"1049\" data-end=\"1079\"><strong data-start=\"1051\" data-end=\"1070\">Ngarkesa maksimale:<\/strong> 500 kg<\/li>\n<li><b>Paketimi:<\/b><span class=\"s1\"> 1 cop\u00eb<\/span><\/li>\n<\/ul>\n<h5><b>Aplikimet<\/b><\/h5>\n<ul>\n<li data-section-id=\"t5qsn3\" data-start=\"1159\" data-end=\"1191\">Magazina dhe qendra shp\u00ebrndarjeje<\/li>\n<li data-section-id=\"v32yat\" data-start=\"1192\" data-end=\"1226\">P\u00ebrdorim industrial dhe komercial<\/li>\n<li data-section-id=\"1tq1vxv\" data-start=\"1227\" data-end=\"1267\">Transporti dhe ruajtja e mallrave<\/li>\n<li data-section-id=\"3n7tn0\" data-start=\"1268\" data-end=\"1291\">Sisteme logjistike<\/li>\n<\/ul>\n<p>&nbsp;<\/p>\n","protected":false},"excerpt":{"rendered":"<p><strong>Kodi:<\/strong> PAGPF00A0784<br \/>\n<strong data-start=\"882\" data-end=\"916\">Dimensionet e jashtme:<\/strong> 720 x 815 x 1825 mm<br \/>\n<strong data-start=\"941\" data-end=\"967\">Dimensionet e brendshme:<\/strong> 670 x 795 x 1650 mm<br \/>\n<strong data-start=\"991\" data-end=\"1001\">Pesha:<\/strong> 30 kg<br \/>\n<strong data-start=\"1051\" data-end=\"1070\">Ngarkesa maksimale:<\/strong> 500 kg<br \/>\n<b>Paketimi:<\/b><span class=\"s1\"> 1 cop\u00eb<\/span><\/p>\n","protected":false},"featured_media":46206,"template":"","meta":[],"product_brand":[],"product_cat":[1742],"product_tag":[],"class_list":{"0":"post-46201","1":"product","2":"type-product","3":"status-publish","4":"has-post-thumbnail","6":"product_cat-karroca-metalike-per-mallra","7":"ts_product_brand-logistica-paggiola","9":"first","10":"instock","11":"taxable","12":"shipping-taxable","13":"product-type-simple"},"aioseo_notices":[],"_links":{"self":[{"href":"https:\/\/packmarkt.com\/sq\/wp-json\/wp\/v2\/product\/46201","targetHints":{"allow":["GET"]}}],"collection":[{"href":"https:\/\/packmarkt.com\/sq\/wp-json\/wp\/v2\/product"}],"about":[{"href":"https:\/\/packmarkt.com\/sq\/wp-json\/wp\/v2\/types\/product"}],"wp:featuredmedia":[{"embeddable":true,"href":"https:\/\/packmarkt.com\/sq\/wp-json\/wp\/v2\/media\/46206"}],"wp:attachment":[{"href":"https:\/\/packmarkt.com\/sq\/wp-json\/wp\/v2\/media?parent=46201"}],"wp:term":[{"taxonomy":"product_brand","embeddable":true,"href":"https:\/\/packmarkt.com\/sq\/wp-json\/wp\/v2\/product_brand?post=46201"},{"taxonomy":"product_cat","embeddable":true,"href":"https:\/\/packmarkt.com\/sq\/wp-json\/wp\/v2\/product_cat?post=46201"},{"taxonomy":"product_tag","embeddable":true,"href":"https:\/\/packmarkt.com\/sq\/wp-json\/wp\/v2\/product_tag?post=46201"}],"curies":[{"name":"wp","href":"https:\/\/api.w.org\/{rel}","templated":true}]}}