{"id":45906,"date":"2026-04-22T09:53:04","date_gmt":"2026-04-22T06:53:04","guid":{"rendered":"https:\/\/packmarkt.com\/?post_type=product&#038;p=45906"},"modified":"2026-04-22T10:37:33","modified_gmt":"2026-04-22T07:37:33","slug":"kuti-palete-e-shpuar-me-4-kembe-620l-1000x1200x760mm-%ce%b1%ce%bd%cf%84%ce%b9%ce%b3%cf%81%ce%b1%cf%86%ce%ae","status":"publish","type":"product","link":"https:\/\/packmarkt.com\/sq\/produkt\/kuti-palete-e-shpuar-me-4-kembe-620l-1000x1200x760mm-%ce%b1%ce%bd%cf%84%ce%b9%ce%b3%cf%81%ce%b1%cf%86%ce%ae\/","title":{"rendered":"Palet\u00eb-kuti e mbyllur me 4 k\u00ebmb\u00eb 1000x1200x775mm"},"content":{"rendered":"<p>Palet\u00eb-kutia e tipit t\u00eb mbyllur me 4 k\u00ebmb\u00eb K11000K (1000x1200x775mm) p\u00ebrb\u00ebn nj\u00eb zgjidhje t\u00eb q\u00ebndrueshme dhe praktike p\u00ebr ruajtjen dhe transportin e produkteve. Me kapacitet t\u00eb madh dhe konstruksion t\u00eb fort\u00eb, siguron mbrojtje t\u00eb lart\u00eb t\u00eb p\u00ebrmbajtjes dhe besueshm\u00ebri n\u00eb p\u00ebrdorim, edhe n\u00eb mjedise industriale dhe bujq\u00ebsore k\u00ebrkuese. Nj\u00ebkoh\u00ebsisht, ofrohet mund\u00ebsia e printimit t\u00eb logos me metod\u00ebn e serigrafis\u00eb, duke ofruar personalizim dhe forcim t\u00eb identitetit t\u00eb korporat\u00ebs.  <\/p>\n<h5><b>Karakteristika &amp; P\u00ebrfitime<\/b><\/h5>\n<ul>\n<li class=\"p1\"><span class=\"s1\"><b>Kapacitet i madh:<\/b><\/span> ideal p\u00ebr produkte me shumic\u00eb ose voluminoze.<\/li>\n<li class=\"p1\"><span class=\"s1\"><b>Dizajn i mbyllur:<\/b><\/span> Mbron p\u00ebrmbajtjen nga pluhuri dhe lag\u00ebshtia.<\/li>\n<li class=\"p1\"><span class=\"s1\"><b>Konstruksion i q\u00ebndruesh\u00ebm:<\/b><\/span> Pesha 36kg p\u00ebr q\u00ebndrueshm\u00ebri dhe stabilitet maksimal.<\/li>\n<li class=\"p1\"><span class=\"s1\"><b>Kapacitet ngarkese:<\/b><\/span> Dinamik deri n\u00eb 400kg dhe statik deri n\u00eb 3000kg.<\/li>\n<li class=\"p1\"><span class=\"s1\"><b>4 k\u00ebmb\u00eb:<\/b><\/span> Leht\u00ebsojn\u00eb ngritjen dhe transportin me palet\u00eb ose pirun.<\/li>\n<li><strong>Printim logoje:<\/strong> Mund\u00ebsi personalizimi me aplikim logoje p\u00ebrmes serigrafis\u00eb, p\u00ebr forcimin e identitetit t\u00eb korporat\u00ebs.<\/li>\n<\/ul>\n<h5><b>Specifikime Teknike<\/b><\/h5>\n<ul>\n<li class=\"p1\"><b>Dimensionet e jashtme:<\/b><span class=\"s1\"> 1000 x 1200 x 775mm<\/span><\/li>\n<li class=\"p1\"><b>Ngarkes\u00eb dinamike:<\/b><span class=\"s1\"> 400kg<\/span><\/li>\n<li class=\"p1\"><b>Ngarkesa statike:<\/b><span class=\"s1\"> 3000kg<\/span><\/li>\n<li class=\"p1\"><span class=\"s1\"><b>Pesha:<\/b><\/span> 36kg<\/li>\n<li><strong>Ngjyrat n\u00eb dispozicion:<\/strong> gri, e kuqe, e verdh\u00eb, jeshile, blu, e zez\u00eb<\/li>\n<\/ul>\n<h5><b>Aplikimet<\/b><\/h5>\n<ul>\n<li class=\"p1\">Ruajtja dhe transporti i produkteve bujq\u00ebsore<\/li>\n<li class=\"p1\">Industrit\u00eb ushqimore dhe t\u00eb pijeve<\/li>\n<li class=\"p1\">Qendrat logjistike dhe t\u00eb shp\u00ebrndarjes<\/li>\n<li class=\"p1\">Industria e leht\u00eb dhe produktet kimike<\/li>\n<\/ul>\n<p>&nbsp;<\/p>\n","protected":false},"excerpt":{"rendered":"<p><strong>Kodi:<\/strong> K11000K<br \/>\n<strong>Dimensionet e jashtme:<\/strong> 1000x1200x775mm<br \/>\n<strong>Ngarkesa dinamike:<\/strong> 400kg<br \/>\n<strong>Ngarkesa statike:<\/strong> 3000kg<br \/>\n<strong>Pesha:<\/strong> 36kg<br \/>\n<strong>Ngjyrat n\u00eb dispozicion:<\/strong> gri, e kuqe, e verdh\u00eb, jeshile, blu, e zez\u00eb<\/p>\n","protected":false},"featured_media":45934,"template":"","meta":[],"product_brand":[],"product_cat":[1360],"product_tag":[],"class_list":{"0":"post-45906","1":"product","2":"type-product","3":"status-publish","4":"has-post-thumbnail","6":"product_cat-kutia-per-paleta","7":"ts_product_brand-kayalar","9":"first","10":"instock","11":"taxable","12":"shipping-taxable","13":"product-type-simple"},"aioseo_notices":[],"_links":{"self":[{"href":"https:\/\/packmarkt.com\/sq\/wp-json\/wp\/v2\/product\/45906","targetHints":{"allow":["GET"]}}],"collection":[{"href":"https:\/\/packmarkt.com\/sq\/wp-json\/wp\/v2\/product"}],"about":[{"href":"https:\/\/packmarkt.com\/sq\/wp-json\/wp\/v2\/types\/product"}],"wp:featuredmedia":[{"embeddable":true,"href":"https:\/\/packmarkt.com\/sq\/wp-json\/wp\/v2\/media\/45934"}],"wp:attachment":[{"href":"https:\/\/packmarkt.com\/sq\/wp-json\/wp\/v2\/media?parent=45906"}],"wp:term":[{"taxonomy":"product_brand","embeddable":true,"href":"https:\/\/packmarkt.com\/sq\/wp-json\/wp\/v2\/product_brand?post=45906"},{"taxonomy":"product_cat","embeddable":true,"href":"https:\/\/packmarkt.com\/sq\/wp-json\/wp\/v2\/product_cat?post=45906"},{"taxonomy":"product_tag","embeddable":true,"href":"https:\/\/packmarkt.com\/sq\/wp-json\/wp\/v2\/product_tag?post=45906"}],"curies":[{"name":"wp","href":"https:\/\/api.w.org\/{rel}","templated":true}]}}