{"id":45622,"date":"2026-04-17T09:58:18","date_gmt":"2026-04-17T06:58:18","guid":{"rendered":"https:\/\/packmarkt.com\/product\/kuti-plastike-e-palosshme-400x600x230mm\/"},"modified":"2026-04-17T09:58:18","modified_gmt":"2026-04-17T06:58:18","slug":"kuti-plastike-e-palosshme-400x600x230mm","status":"publish","type":"product","link":"https:\/\/packmarkt.com\/sq\/produkt\/kuti-plastike-e-palosshme-400x600x230mm\/","title":{"rendered":"Kuti plastike e palosshme 400x600x230mm"},"content":{"rendered":"<p><strong>Kuti plastike e palosshme me rezistenc\u00eb t\u00eb lart\u00eb<\/strong>, me kapak mbrojt\u00ebs t\u00eb integruar, projektuar p\u00ebr ruajtje dhe transport t\u00eb sigurt t\u00eb produkteve n\u00eb mjedise profesionale dhe industriale. Ofron q\u00ebndrueshm\u00ebri dhe prakticitet, nd\u00ebrsa kur \u00ebsht\u00eb e mbyllur z\u00eb hap\u00ebsir\u00eb minimale, duke leht\u00ebsuar ruajtjen dhe kthimin e kutis\u00eb bosh. Gjithashtu mbron p\u00ebrmbajtjen nga pluhuri, lag\u00ebshtia dhe goditjet, duke siguruar organizim t\u00eb duhur t\u00eb inventarit.  <\/p>\n<p><strong>Karakteristika &amp; P\u00ebrfitime:<\/strong><\/p>\n<ul>\n<li>Mbrojtja e produkteve nga pluhuri, lag\u00ebshtia dhe goditjet<\/li>\n<li>Dizajn i palossh\u00ebm p\u00ebr kursim t\u00eb hap\u00ebsir\u00ebs s\u00eb ruajtjes<\/li>\n<li>Leht\u00ebsim i organizimit t\u00eb inventarit me Kanban dhe etiketa<\/li>\n<li>Mb\u00ebshtetje p\u00ebr barkod p\u00ebr gjurmim t\u00eb shpejt\u00eb<\/li>\n<li>Material plastik rezistent dhe afatgjat\u00eb<\/li>\n<li>Ergonomi p\u00ebr trajtim dhe grumbullim t\u00eb leht\u00eb<\/li>\n<li>Miq\u00ebsor ndaj mjedisit (material i ricikluesh\u00ebm)<\/li>\n<\/ul>\n<p><strong>Specifikime Teknike:<\/strong><\/p>\n<ul>\n<li><strong>Materiali:<\/strong> PPC<\/li>\n<li><strong>Dimensionet e jashtme:<\/strong> 400x600x230 mm<\/li>\n<li><strong>Dimensionet e brendshme:<\/strong> 395x595x215 mm<\/li>\n<li><strong>Lart\u00ebsia e kutis\u00eb s\u00eb mbyllur:<\/strong> 85mm<\/li>\n<\/ul>\n<p><strong>Aplikime:<\/strong><\/p>\n<ul>\n<li>Depo dhe logjistik\u00eb<\/li>\n<li>Prodhimi industrial<\/li>\n<li>Menaxhimi i inventarit (sisteme Kanban)<\/li>\n<li>Transporti i produkteve<\/li>\n<li>E-commerce dhe qendra shp\u00ebrndarjeje<\/li>\n<li>Departamentet e paketimit dhe d\u00ebrgesave<\/li>\n<li>Laborator\u00eb ose magazina t\u00eb organizuara komponent\u00ebsh<\/li>\n<\/ul>\n","protected":false},"excerpt":{"rendered":"<p><strong>Kodi:<\/strong>KX-4623-MK ALC FOLDING CRATE<br \/>\n<strong>Materiali: <\/strong>PPC<br \/>\n<strong>Dimensionet e jashtme: <\/strong>400x600x230 mm<br \/>\n<strong>Dimensionet e brendshme: <\/strong>395 x 595 x 215 mm<br \/>\n<strong>Lart\u00ebsia e kutis\u00eb s\u00eb mbyllur: <\/strong>85 mm<br \/>\n<strong>Paketimi: <\/strong>1 cop\u00eb<\/p>\n","protected":false},"featured_media":45329,"template":"","meta":[],"product_brand":[],"product_cat":[1862],"product_tag":[],"class_list":{"0":"post-45622","1":"product","2":"type-product","3":"status-publish","4":"has-post-thumbnail","6":"product_cat-kutia-plastike","7":"ts_product_brand-hi-pas","9":"first","10":"instock","11":"taxable","12":"shipping-taxable","13":"product-type-simple"},"aioseo_notices":[],"_links":{"self":[{"href":"https:\/\/packmarkt.com\/sq\/wp-json\/wp\/v2\/product\/45622","targetHints":{"allow":["GET"]}}],"collection":[{"href":"https:\/\/packmarkt.com\/sq\/wp-json\/wp\/v2\/product"}],"about":[{"href":"https:\/\/packmarkt.com\/sq\/wp-json\/wp\/v2\/types\/product"}],"wp:featuredmedia":[{"embeddable":true,"href":"https:\/\/packmarkt.com\/sq\/wp-json\/wp\/v2\/media\/45329"}],"wp:attachment":[{"href":"https:\/\/packmarkt.com\/sq\/wp-json\/wp\/v2\/media?parent=45622"}],"wp:term":[{"taxonomy":"product_brand","embeddable":true,"href":"https:\/\/packmarkt.com\/sq\/wp-json\/wp\/v2\/product_brand?post=45622"},{"taxonomy":"product_cat","embeddable":true,"href":"https:\/\/packmarkt.com\/sq\/wp-json\/wp\/v2\/product_cat?post=45622"},{"taxonomy":"product_tag","embeddable":true,"href":"https:\/\/packmarkt.com\/sq\/wp-json\/wp\/v2\/product_tag?post=45622"}],"curies":[{"name":"wp","href":"https:\/\/api.w.org\/{rel}","templated":true}]}}