{"id":45178,"date":"2026-04-16T14:12:18","date_gmt":"2026-04-16T11:12:18","guid":{"rendered":"https:\/\/packmarkt.com\/?post_type=product&#038;p=45178"},"modified":"2026-04-16T14:16:24","modified_gmt":"2026-04-16T11:16:24","slug":"bidon-30l-me-certifikim-un-%ce%b1%ce%bd%cf%84%ce%b9%ce%b3%cf%81%ce%b1%cf%86%ce%ae","status":"publish","type":"product","link":"https:\/\/packmarkt.com\/sq\/produkt\/bidon-30l-me-certifikim-un-%ce%b1%ce%bd%cf%84%ce%b9%ce%b3%cf%81%ce%b1%cf%86%ce%ae\/","title":{"rendered":"Bidon 30L me Certifikim UN"},"content":{"rendered":"<p class=\"p1\">Bidoni 30L me certifikim UN \u00ebsht\u00eb nj\u00eb zgjedhje e sigurt dhe e besueshme p\u00ebr transportin dhe ruajtjen e produkteve t\u00eb l\u00ebngshme, p\u00ebrfshir\u00eb kimikatet e rrezikshme. Konstruksioni i tij i fort\u00eb me mure t\u00eb p\u00ebrforcuara dhe rezistenc\u00eb ndaj kompresimit deri n\u00eb 4.000N e b\u00ebn at\u00eb t\u00eb p\u00ebrshtatsh\u00ebm p\u00ebr aplikime profesionale t\u00eb k\u00ebrkuara. <\/p>\n<h5><b>Karakteristika &amp; P\u00ebrfitime<\/b><\/h5>\n<ul>\n<li class=\"p1\"><span class=\"s1\"><b>Kapacitet i madh:<\/b><\/span> 30 litra, ideal p\u00ebr nevoja industriale dhe bujq\u00ebsore.<\/li>\n<li class=\"p1\"><span class=\"s1\"><b>Certifikim UN:<\/b><\/span> Siguron pajtueshm\u00ebrin\u00eb me rregulloret nd\u00ebrkomb\u00ebtare p\u00ebr materialet e rrezikshme.<\/li>\n<li class=\"p1\"><span class=\"s1\"><b>Nd\u00ebrtim i q\u00ebndruesh\u00ebm:<\/b><\/span> Pesha 1,60 kg dhe trash\u00ebsia e murit 1,4 mm p\u00ebr q\u00ebndrueshm\u00ebri t\u00eb shtuar.<\/li>\n<li class=\"p1\"><span class=\"s1\"><b>Q\u00ebndrueshm\u00ebri e lart\u00eb:<\/b><\/span> Kompresim deri n\u00eb 4.000N p\u00ebr ruajtje dhe transport t\u00eb sigurt.<\/li>\n<li class=\"p1\"><span class=\"s1\"><b>Besueshm\u00ebri profesionale:<\/b><\/span> I p\u00ebrshtatsh\u00ebm p\u00ebr ushqime, kimikate, pastrues dhe produkte farmaceutike.<\/li>\n<\/ul>\n<h5><b>Specifikime Teknike<\/b><\/h5>\n<ul>\n<li class=\"p1\"><b>Kapaciteti:<\/b><span class=\"s1\"> 30L<\/span><\/li>\n<li class=\"p1\"><span class=\"s1\"><b>Lart\u00ebsia:<\/b><\/span> 360 mm<\/li>\n<li class=\"p1\"><b>Gjer\u00ebsia:<\/b><span class=\"s1\"> 295 mm<\/span><\/li>\n<li class=\"p1\"><span class=\"s1\"><b>Kapaku:<\/b><\/span> \u00d8 47mm<\/li>\n<li class=\"p1\"><span class=\"s1\"><b>Pesha:<\/b><\/span> 1,60 kg<\/li>\n<li class=\"p1\"><b>Trash\u00ebsia e murit:<\/b><span class=\"s1\"> 1,4mm<\/span><\/li>\n<li class=\"p1\"><b>Kompresimi:<\/b><span class=\"s1\"> 4.000N<\/span><\/li>\n<li class=\"p1\"><span class=\"s1\"><b>Sh\u00ebnimi:<\/b><\/span> Certifikimi UN<\/li>\n<li class=\"p1\"><b>Paketimi:<\/b><span class=\"s1\"> 1 cop\u00eb<\/span><\/li>\n<\/ul>\n<h5><b>Aplikimet<\/b><\/h5>\n<ul>\n<li class=\"p1\">Transporti dhe ruajtja e l\u00ebngjeve t\u00eb rrezikshme<\/li>\n<li class=\"p1\">Produkte kimike dhe pastrues<\/li>\n<li class=\"p1\">Industria farmaceutike<\/li>\n<li class=\"p1\">Produkte bujq\u00ebsore dhe plehra<\/li>\n<li class=\"p1\">Industrit\u00eb ushqimore me standarde t\u00eb rrepta<\/li>\n<\/ul>\n<p>&nbsp;<\/p>\n","protected":false},"excerpt":{"rendered":"<p><strong>Kodi:<\/strong> GUNJCUN30<br \/>\n<strong>Kapaciteti:<\/strong> 30L<br \/>\n<strong>Lart\u00ebsia:<\/strong> 360 mm<br \/>\n<strong>Gjer\u00ebsia:<\/strong> 295 mm<br \/>\n<strong>Kapaku:<\/strong> \u00d8 47mm<br \/>\n<strong>Pesha:<\/strong> 1,60 kg<br \/>\n<strong>Trash\u00ebsia e murit:<\/strong> 1,4mm<br \/>\n<strong>Kompresimi:<\/strong> 4.000N<br \/>\n<strong>Shenj\u00eb:<\/strong> Certifikim UN<br \/>\n<strong>Paketimi:<\/strong> 1 cop\u00eb<\/p>\n","protected":false},"featured_media":45183,"template":"","meta":[],"product_brand":[],"product_cat":[1881],"product_tag":[],"class_list":{"0":"post-45178","1":"product","2":"type-product","3":"status-publish","4":"has-post-thumbnail","6":"product_cat-pa-kategori","7":"ts_product_brand-gungor","9":"first","10":"instock","11":"taxable","12":"shipping-taxable","13":"product-type-simple"},"aioseo_notices":[],"_links":{"self":[{"href":"https:\/\/packmarkt.com\/sq\/wp-json\/wp\/v2\/product\/45178","targetHints":{"allow":["GET"]}}],"collection":[{"href":"https:\/\/packmarkt.com\/sq\/wp-json\/wp\/v2\/product"}],"about":[{"href":"https:\/\/packmarkt.com\/sq\/wp-json\/wp\/v2\/types\/product"}],"wp:featuredmedia":[{"embeddable":true,"href":"https:\/\/packmarkt.com\/sq\/wp-json\/wp\/v2\/media\/45183"}],"wp:attachment":[{"href":"https:\/\/packmarkt.com\/sq\/wp-json\/wp\/v2\/media?parent=45178"}],"wp:term":[{"taxonomy":"product_brand","embeddable":true,"href":"https:\/\/packmarkt.com\/sq\/wp-json\/wp\/v2\/product_brand?post=45178"},{"taxonomy":"product_cat","embeddable":true,"href":"https:\/\/packmarkt.com\/sq\/wp-json\/wp\/v2\/product_cat?post=45178"},{"taxonomy":"product_tag","embeddable":true,"href":"https:\/\/packmarkt.com\/sq\/wp-json\/wp\/v2\/product_tag?post=45178"}],"curies":[{"name":"wp","href":"https:\/\/api.w.org\/{rel}","templated":true}]}}