{"id":44782,"date":"2026-04-14T15:32:46","date_gmt":"2026-04-14T12:32:46","guid":{"rendered":"https:\/\/packmarkt.com\/product\/shishe-kozmetike-linden-me-peshe-te-lehte-500ml\/"},"modified":"2026-04-14T15:32:46","modified_gmt":"2026-04-14T12:32:46","slug":"shishe-kozmetike-linden-me-peshe-te-lehte-500ml","status":"publish","type":"product","link":"https:\/\/packmarkt.com\/sq\/produkt\/shishe-kozmetike-linden-me-peshe-te-lehte-500ml\/","title":{"rendered":"Shishe kozmetike Linden me pesh\u00eb t\u00eb leht\u00eb 500ml"},"content":{"rendered":"","protected":false},"excerpt":{"rendered":"<p><strong>Kodi:<\/strong> HD14137-100<br \/>\n<strong>Kapaciteti: <\/strong>500ml<br \/>\n<strong>Hapja e gryk\u00ebs: <\/strong>28\/410<br \/>\n<strong>Pesha: <\/strong>350g<br \/>\n<strong>Diametri:<\/strong> 77,7mm<br \/>\n<strong>Lart\u00ebsia: <\/strong>170,67mm<br \/>\n<strong>Forma: <\/strong>E rrumbullak\u00ebt<br \/>\n<strong>Materiali:<\/strong>Xham Flint<\/p>\n","protected":false},"featured_media":43592,"template":"","meta":[],"product_brand":[],"product_cat":[1947],"product_tag":[],"class_list":{"0":"post-44782","1":"product","2":"type-product","3":"status-publish","4":"has-post-thumbnail","6":"product_cat-shishe-te-vogla-kozmetike","7":"ts_product_brand-calaso","9":"first","10":"instock","11":"taxable","12":"shipping-taxable","13":"product-type-simple"},"aioseo_notices":[],"_links":{"self":[{"href":"https:\/\/packmarkt.com\/sq\/wp-json\/wp\/v2\/product\/44782","targetHints":{"allow":["GET"]}}],"collection":[{"href":"https:\/\/packmarkt.com\/sq\/wp-json\/wp\/v2\/product"}],"about":[{"href":"https:\/\/packmarkt.com\/sq\/wp-json\/wp\/v2\/types\/product"}],"wp:featuredmedia":[{"embeddable":true,"href":"https:\/\/packmarkt.com\/sq\/wp-json\/wp\/v2\/media\/43592"}],"wp:attachment":[{"href":"https:\/\/packmarkt.com\/sq\/wp-json\/wp\/v2\/media?parent=44782"}],"wp:term":[{"taxonomy":"product_brand","embeddable":true,"href":"https:\/\/packmarkt.com\/sq\/wp-json\/wp\/v2\/product_brand?post=44782"},{"taxonomy":"product_cat","embeddable":true,"href":"https:\/\/packmarkt.com\/sq\/wp-json\/wp\/v2\/product_cat?post=44782"},{"taxonomy":"product_tag","embeddable":true,"href":"https:\/\/packmarkt.com\/sq\/wp-json\/wp\/v2\/product_tag?post=44782"}],"curies":[{"name":"wp","href":"https:\/\/api.w.org\/{rel}","templated":true}]}}