{"id":44139,"date":"2026-04-16T12:11:44","date_gmt":"2026-04-16T09:11:44","guid":{"rendered":"https:\/\/packmarkt.com\/?post_type=product&#038;p=44139"},"modified":"2026-04-16T14:21:50","modified_gmt":"2026-04-16T11:21:50","slug":"bidon-4l-%ce%b1%ce%bd%cf%84%ce%b9%ce%b3%cf%81%ce%b1%cf%86%ce%ae","status":"publish","type":"product","link":"https:\/\/packmarkt.com\/sq\/produkt\/bidon-4l-%ce%b1%ce%bd%cf%84%ce%b9%ce%b3%cf%81%ce%b1%cf%86%ce%ae\/","title":{"rendered":"Bidon 5L"},"content":{"rendered":"<p class=\"p1\">Bidon plastik, ideal p\u00ebr ruajtjen dhe transportin e produkteve t\u00eb l\u00ebngshme, si n\u00eb shkall\u00eb t\u00eb vog\u00ebl, ashtu edhe n\u00eb shkall\u00eb t\u00eb madhe. Me konstruksion t\u00eb q\u00ebndruesh\u00ebm dhe dizajn ergonomik, \u00ebsht\u00eb i p\u00ebrshtatsh\u00ebm p\u00ebr p\u00ebrdorim t\u00eb p\u00ebrditsh\u00ebm n\u00eb ambiente profesionale dhe sht\u00ebpiake. <\/p>\n<h5><b>Karakteristika &amp; P\u00ebrfitime<\/b><\/h5>\n<ul>\n<li data-section-id=\"18xzcp\" data-start=\"357\" data-end=\"436\"><strong data-start=\"359\" data-end=\"383\">Konstruksion i q\u00ebndruesh\u00ebm:<\/strong> Projektuar p\u00ebr stabilitet dhe p\u00ebrdorim afatgjat\u00eb.<\/li>\n<li data-section-id=\"1wpam05\" data-start=\"437\" data-end=\"509\"><strong data-start=\"439\" data-end=\"464\">Dizajn praktik:<\/strong> I leht\u00eb, i thjesht\u00eb p\u00ebr t&#8217;u transportuar dhe p\u00ebrdorur.<\/li>\n<li data-section-id=\"1dkk76b\" data-start=\"510\" data-end=\"597\"><strong data-start=\"512\" data-end=\"533\">P\u00ebrdorim ergonomik:<\/strong> Leht\u00ebson mbushjen, ruajtjen dhe transportin e l\u00ebngjeve.<\/li>\n<li data-section-id=\"4kaw66\" data-start=\"598\" data-end=\"693\"><strong data-start=\"600\" data-end=\"626\">Organizim &amp; identifikim:<\/strong> Disponohet n\u00eb versione t\u00eb ndryshme p\u00ebr dallim t\u00eb leht\u00eb t\u00eb p\u00ebrdorimeve.<\/li>\n<li data-section-id=\"1op7dc5\" data-start=\"694\" data-end=\"777\"><strong data-start=\"696\" data-end=\"718\">Aplikim fleksib\u00ebl:<\/strong> I p\u00ebrshtatsh\u00ebm p\u00ebr nj\u00eb shum\u00ebllojshm\u00ebri nevojash dhe tipesh l\u00ebngjesh.<\/li>\n<li>\n<\/li>\n<\/ul>\n<h5><b>Specifikime Teknike<\/b><\/h5>\n<ul>\n<li><b>Kapacitet:<\/b><span class=\"s1\"> 5L<\/span><\/li>\n<li><span class=\"s1\"><b>Lart\u00ebsia:<\/b><\/span> 186,2mm<\/li>\n<li><b>Gjer\u00ebsia:<\/b><span class=\"s1\"> 134,2mm<\/span><\/li>\n<li><span class=\"s1\"><b>Kapaku:<\/b><\/span> \u00d8 31,1 mm<\/li>\n<li><span class=\"s1\"><b>Ngjyra:<\/b><\/span> e bardh\u00eb, portokalli, gjysm\u00eb-transparente<\/li>\n<li><b>Paketimi:<\/b><span class=\"s1\"> 1 cop\u00eb<\/span><\/li>\n<\/ul>\n<h5><b>Aplikimet<\/b><\/h5>\n<ul>\n<li data-section-id=\"om0i9x\" data-start=\"799\" data-end=\"842\">Ruajtja dhe transporti i produkteve t\u00eb l\u00ebngshme<\/li>\n<li data-section-id=\"9uzxub\" data-start=\"843\" data-end=\"881\">P\u00ebrdorime bujq\u00ebsore dhe industriale<\/li>\n<li data-section-id=\"1ayn1w3\" data-start=\"882\" data-end=\"963\">Aplikime laboratorike (l\u00ebngje jo t\u00eb specializuara ose t\u00eb specializuara sipas rastit)<\/li>\n<li data-section-id=\"1mjp3qg\" data-start=\"964\" data-end=\"997\" data-is-last-node=\"\">P\u00ebrdorim sht\u00ebpiak dhe profesional<\/li>\n<\/ul>\n","protected":false},"excerpt":{"rendered":"<p><strong>Kodi:<\/strong> GUNJC5<br \/>\n<strong>Kapaciteti:<\/strong> 5L<br \/>\n<strong>Lart\u00ebsia:<\/strong> 186,2mm<br \/>\n<strong>Gjer\u00ebsia:<\/strong> 134,2mm<br \/>\n<strong>Kapaku:<\/strong> \u00d8 31,1mm<br \/>\n<strong>Ngjyra:<\/strong> e bardh\u00eb, portokalli, gjysm\u00eb-transparente<br \/>\n<strong>Paketimi:<\/strong> 1 cop\u00eb<\/p>\n","protected":false},"featured_media":44306,"template":"","meta":[],"product_brand":[],"product_cat":[1881],"product_tag":[],"class_list":{"0":"post-44139","1":"product","2":"type-product","3":"status-publish","4":"has-post-thumbnail","6":"product_cat-pa-kategori","7":"ts_product_brand-gungor","9":"first","10":"instock","11":"taxable","12":"shipping-taxable","13":"product-type-simple"},"aioseo_notices":[],"_links":{"self":[{"href":"https:\/\/packmarkt.com\/sq\/wp-json\/wp\/v2\/product\/44139","targetHints":{"allow":["GET"]}}],"collection":[{"href":"https:\/\/packmarkt.com\/sq\/wp-json\/wp\/v2\/product"}],"about":[{"href":"https:\/\/packmarkt.com\/sq\/wp-json\/wp\/v2\/types\/product"}],"wp:featuredmedia":[{"embeddable":true,"href":"https:\/\/packmarkt.com\/sq\/wp-json\/wp\/v2\/media\/44306"}],"wp:attachment":[{"href":"https:\/\/packmarkt.com\/sq\/wp-json\/wp\/v2\/media?parent=44139"}],"wp:term":[{"taxonomy":"product_brand","embeddable":true,"href":"https:\/\/packmarkt.com\/sq\/wp-json\/wp\/v2\/product_brand?post=44139"},{"taxonomy":"product_cat","embeddable":true,"href":"https:\/\/packmarkt.com\/sq\/wp-json\/wp\/v2\/product_cat?post=44139"},{"taxonomy":"product_tag","embeddable":true,"href":"https:\/\/packmarkt.com\/sq\/wp-json\/wp\/v2\/product_tag?post=44139"}],"curies":[{"name":"wp","href":"https:\/\/api.w.org\/{rel}","templated":true}]}}