{"id":42419,"date":"2025-09-01T18:09:32","date_gmt":"2025-09-01T15:09:32","guid":{"rendered":"https:\/\/packmarkt.com\/product\/mjet-per-mbledhjen-e-plehrave\/"},"modified":"2025-09-01T18:09:32","modified_gmt":"2025-09-01T15:09:32","slug":"mjet-per-mbledhjen-e-plehrave","status":"publish","type":"product","link":"https:\/\/packmarkt.com\/sq\/produkt\/mjet-per-mbledhjen-e-plehrave\/","title":{"rendered":"Mjet p\u00ebr mbledhjen e plehrave"},"content":{"rendered":"<p>Paraqisni nj\u00eb k\u00ebrkes\u00eb p\u00ebr ofert\u00eb p\u00ebr t&#8217;u informuar mbi \u00e7mimin e shitjes s\u00eb produktit, n\u00eb var\u00ebsi t\u00eb numrit t\u00eb zgjedhur t\u00eb copave.<\/p>\n","protected":false},"excerpt":{"rendered":"<p>Shkop kap\u00ebs &#8211; p\u00ebr mbledhjen e mbetjeve t\u00eb ngurta.<\/p>\n<p>\u00cbsht\u00eb projektuar p\u00ebr t\u00eb mbrojtur past\u00ebrtin\u00eb mjedisore, duke pasur parasysh higjien\u00ebn e lart\u00eb njer\u00ebzore. \u00cbsht\u00eb nj\u00eb pajisje miq\u00ebsore me mjedisin q\u00eb lejon heqjen e leht\u00eb t\u00eb t\u00eb gjitha llojeve t\u00eb mbetjeve t\u00eb ngurta nga toka pa kontakt t\u00eb drejtp\u00ebrdrejt\u00eb, pa u p\u00ebrkulur dhe pa i hedhur n\u00eb qese me dorez\u00ebn e projektuar posa\u00e7\u00ebrisht. <\/p>\n<p>Mbledhja e p\u00eblhurave, letr\u00ebs, kana\u00e7eve t\u00eb pijeve, shisheve dhe produkteve t\u00eb ngjashme t\u00eb kontaminuara me ndot\u00ebs dhe jasht\u00ebzakonisht t\u00eb d\u00ebmshme p\u00ebr sh\u00ebndetin e njeriut tani b\u00ebhet pa kontakt t\u00eb drejtp\u00ebrdrejt\u00eb.<\/p>\n<p>P\u00ebrdorim i leht\u00eb nga personat me aft\u00ebsi t\u00eb kufizuara n\u00eb karroc\u00eb.<\/p>\n<p>P\u00ebrdorimi i kap\u00ebses rekomandohet p\u00ebr:<\/p>\n<ul>\n<li><strong>SH\u00cbRBIMET BASHKIAKE T\u00cb PASTRIMIT<\/strong><\/li>\n<li><strong>PASTRIMI I KOP\u00cbSHTEVE DHE PARQEVE<\/strong><\/li>\n<li><strong>PASTRIMI I ISHUJVE T\u00cb AUTOSTRADAVE<\/strong><\/li>\n<li><strong>WC<\/strong><\/li>\n<li><strong>SHP\u00cbTIMI I KAFSH\u00cbVE NGA ZJARRFIK\u00cbSIT<\/strong><\/li>\n<li><strong>HEQJA E SIGURT E GJARP\u00cbRINJVE DHE ZVARRANIK\u00cbVE T\u00cb RREZIKSH\u00cbM<\/strong><\/li>\n<\/ul>\n","protected":false},"featured_media":7626,"template":"","meta":[],"product_brand":[],"product_cat":[1868],"product_tag":[],"class_list":{"0":"post-42419","1":"product","2":"type-product","3":"status-publish","4":"has-post-thumbnail","6":"product_cat-vegla-per-mbledhjen-e-mbeturinave","8":"first","9":"onbackorder","10":"taxable","11":"shipping-taxable","12":"product-type-simple"},"aioseo_notices":[],"_links":{"self":[{"href":"https:\/\/packmarkt.com\/sq\/wp-json\/wp\/v2\/product\/42419","targetHints":{"allow":["GET"]}}],"collection":[{"href":"https:\/\/packmarkt.com\/sq\/wp-json\/wp\/v2\/product"}],"about":[{"href":"https:\/\/packmarkt.com\/sq\/wp-json\/wp\/v2\/types\/product"}],"wp:featuredmedia":[{"embeddable":true,"href":"https:\/\/packmarkt.com\/sq\/wp-json\/wp\/v2\/media\/7626"}],"wp:attachment":[{"href":"https:\/\/packmarkt.com\/sq\/wp-json\/wp\/v2\/media?parent=42419"}],"wp:term":[{"taxonomy":"product_brand","embeddable":true,"href":"https:\/\/packmarkt.com\/sq\/wp-json\/wp\/v2\/product_brand?post=42419"},{"taxonomy":"product_cat","embeddable":true,"href":"https:\/\/packmarkt.com\/sq\/wp-json\/wp\/v2\/product_cat?post=42419"},{"taxonomy":"product_tag","embeddable":true,"href":"https:\/\/packmarkt.com\/sq\/wp-json\/wp\/v2\/product_tag?post=42419"}],"curies":[{"name":"wp","href":"https:\/\/api.w.org\/{rel}","templated":true}]}}