{"id":42311,"date":"2025-08-06T00:16:59","date_gmt":"2025-08-05T21:16:59","guid":{"rendered":"https:\/\/packmarkt.com\/product\/makineri-pjekjeje-dhe-prerjeje-automatike-te-gyros-it-mr-gyros\/"},"modified":"2025-08-06T00:16:59","modified_gmt":"2025-08-05T21:16:59","slug":"makineri-pjekjeje-dhe-prerjeje-automatike-te-gyros-it-mr-gyros","status":"publish","type":"product","link":"https:\/\/packmarkt.com\/sq\/produkt\/makineri-pjekjeje-dhe-prerjeje-automatike-te-gyros-it-mr-gyros\/","title":{"rendered":"Makineri pjekjeje dhe prerjeje automatike t\u00eb gyros-it &#8211; Mr. Gyros"},"content":{"rendered":"<p>Kodi: mrgyros<br \/> Makineri e re revolucionare pjekjeje dhe prerjeje automatike t\u00eb gyros-it Mr. Gyros. <br \/> Mr. Gyros erdhi p\u00ebr t\u00eb ndryshuar t\u00eb dh\u00ebnat n\u00eb fush\u00ebn e ushqimit masiv. <br \/> Mr. Gyros \u00ebsht\u00eb m\u00ebnyra m\u00eb moderne, e shpejt\u00eb, higjienike, e sigurt, efikase dhe kryesisht ekonomike e prodhimit t\u00eb gyros-it t\u00eb pjekur t\u00eb gatsh\u00ebm.<\/p>\n","protected":false},"excerpt":{"rendered":"<p>Kodi: mrgyros<br \/> Makineri e re revolucionare pjekjeje dhe prerjeje automatike t\u00eb gyros-it Mr. Gyros. <br \/> Mr. Gyros erdhi p\u00ebr t\u00eb ndryshuar t\u00eb dh\u00ebnat n\u00eb fush\u00ebn e ushqimit masiv. <br \/> Mr. Gyros \u00ebsht\u00eb m\u00ebnyra m\u00eb moderne, e shpejt\u00eb, higjienike, e sigurt, efikase dhe kryesisht ekonomike e prodhimit t\u00eb gyros-it t\u00eb pjekur t\u00eb gatsh\u00ebm.<\/p>\n<p><iframe width=\"425\" height=\"350\" src=\"https:\/\/www.youtube-nocookie.com\/embed\/0Oqk3VNDJpY?rel=0\" frameborder=\"0\"><\/iframe><\/p>\n","protected":false},"featured_media":6606,"template":"","meta":[],"product_brand":[],"product_cat":[1870],"product_tag":[],"class_list":{"0":"post-42311","1":"product","2":"type-product","3":"status-publish","4":"has-post-thumbnail","6":"product_cat-makina-pjekjeje","8":"first","9":"instock","10":"taxable","11":"shipping-taxable","12":"purchasable","13":"product-type-simple"},"aioseo_notices":[],"_links":{"self":[{"href":"https:\/\/packmarkt.com\/sq\/wp-json\/wp\/v2\/product\/42311","targetHints":{"allow":["GET"]}}],"collection":[{"href":"https:\/\/packmarkt.com\/sq\/wp-json\/wp\/v2\/product"}],"about":[{"href":"https:\/\/packmarkt.com\/sq\/wp-json\/wp\/v2\/types\/product"}],"wp:featuredmedia":[{"embeddable":true,"href":"https:\/\/packmarkt.com\/sq\/wp-json\/wp\/v2\/media\/6606"}],"wp:attachment":[{"href":"https:\/\/packmarkt.com\/sq\/wp-json\/wp\/v2\/media?parent=42311"}],"wp:term":[{"taxonomy":"product_brand","embeddable":true,"href":"https:\/\/packmarkt.com\/sq\/wp-json\/wp\/v2\/product_brand?post=42311"},{"taxonomy":"product_cat","embeddable":true,"href":"https:\/\/packmarkt.com\/sq\/wp-json\/wp\/v2\/product_cat?post=42311"},{"taxonomy":"product_tag","embeddable":true,"href":"https:\/\/packmarkt.com\/sq\/wp-json\/wp\/v2\/product_tag?post=42311"}],"curies":[{"name":"wp","href":"https:\/\/api.w.org\/{rel}","templated":true}]}}