{"id":42137,"date":"2025-09-23T14:23:17","date_gmt":"2025-09-23T11:23:17","guid":{"rendered":"https:\/\/packmarkt.com\/product\/zyre-planet-r-single-desk-140x70x75-cm\/"},"modified":"2025-09-23T14:23:17","modified_gmt":"2025-09-23T11:23:17","slug":"zyre-planet-r-single-desk-140x70x75-cm","status":"publish","type":"product","link":"https:\/\/packmarkt.com\/sq\/produkt\/zyre-planet-r-single-desk-140x70x75-cm\/","title":{"rendered":"Zyr\u00eb Planet R Single Desk 140x70x75 cm"},"content":{"rendered":"","protected":false},"excerpt":{"rendered":"<p><strong>P\u00ebrmasat:<\/strong> 140x70x75 cm<br \/>\n<strong>Sip\u00ebrfaqja:<\/strong> Melamin\u00eb me korniz\u00eb metalike (140x70x2 cm)<br \/>\n<strong>Skeleti:<\/strong> K\u00ebmb\u00eb metalike me boj\u00eb elektrostatike<br \/>\nP\u00ebrfshihet tabaka p\u00ebr menaxhimin e kabllove dhe kapak p\u00ebr akses n\u00eb priz\u00eb p\u00ebr organizim praktik.<\/p>\n","protected":false},"featured_media":8605,"template":"","meta":[],"product_brand":[],"product_cat":[1851],"product_tag":[],"class_list":{"0":"post-42137","1":"product","2":"type-product","3":"status-publish","4":"has-post-thumbnail","6":"product_cat-mobilje-zyre","8":"first","9":"instock","10":"taxable","11":"shipping-taxable","12":"purchasable","13":"product-type-simple"},"aioseo_notices":[],"_links":{"self":[{"href":"https:\/\/packmarkt.com\/sq\/wp-json\/wp\/v2\/product\/42137","targetHints":{"allow":["GET"]}}],"collection":[{"href":"https:\/\/packmarkt.com\/sq\/wp-json\/wp\/v2\/product"}],"about":[{"href":"https:\/\/packmarkt.com\/sq\/wp-json\/wp\/v2\/types\/product"}],"wp:featuredmedia":[{"embeddable":true,"href":"https:\/\/packmarkt.com\/sq\/wp-json\/wp\/v2\/media\/8605"}],"wp:attachment":[{"href":"https:\/\/packmarkt.com\/sq\/wp-json\/wp\/v2\/media?parent=42137"}],"wp:term":[{"taxonomy":"product_brand","embeddable":true,"href":"https:\/\/packmarkt.com\/sq\/wp-json\/wp\/v2\/product_brand?post=42137"},{"taxonomy":"product_cat","embeddable":true,"href":"https:\/\/packmarkt.com\/sq\/wp-json\/wp\/v2\/product_cat?post=42137"},{"taxonomy":"product_tag","embeddable":true,"href":"https:\/\/packmarkt.com\/sq\/wp-json\/wp\/v2\/product_tag?post=42137"}],"curies":[{"name":"wp","href":"https:\/\/api.w.org\/{rel}","templated":true}]}}