{"id":41944,"date":"2025-09-12T12:42:45","date_gmt":"2025-09-12T09:42:45","guid":{"rendered":"https:\/\/packmarkt.com\/product\/tas-oval-gondola-480-ml\/"},"modified":"2025-09-12T12:42:45","modified_gmt":"2025-09-12T09:42:45","slug":"tas-oval-gondola-480-ml","status":"publish","type":"product","link":"https:\/\/packmarkt.com\/sq\/produkt\/tas-oval-gondola-480-ml\/","title":{"rendered":"Tas oval gondola 480 ml"},"content":{"rendered":"<p><strong>P\u00ebrfitimet e en\u00ebve qeramike prej balte t\u00eb kuqe<\/strong><\/p>\n<p>En\u00ebt e kuzhin\u00ebs prej balte t\u00eb kuqe jan\u00eb p\u00ebrdorur n\u00eb kultura t\u00eb ndryshme p\u00ebr mij\u00ebra vjet dhe ofrojn\u00eb p\u00ebrfitime t\u00eb shumta. K\u00ebto produkte prodhohen me dizajne dhe ngjyra moderne, duke ruajtur avantazhet e en\u00ebve tradicionale prej balte. <\/p>\n<p><strong>M\u00eb posht\u00eb jan\u00eb p\u00ebrfitimet kryesore:<\/strong><\/p>\n<ul>\n<li><strong>Shp\u00ebrndarje uniforme e nxeht\u00ebsis\u00eb:<\/strong> Siguron nxeht\u00ebsi t\u00eb balancuar, duke nxjerr\u00eb n\u00eb pah arom\u00ebn dhe shijen e ushqimit.<\/li>\n<li><strong>Ruajtje natyrale e lag\u00ebshtis\u00eb:<\/strong> Parandalon tharjen e ushqimit, duke ruajtur freskin\u00eb dhe shijen e tij.<\/li>\n<li><strong>Ruajtja e l\u00ebnd\u00ebve ushqyese:<\/strong> Kontribuon n\u00eb ruajtjen e vitaminave dhe mineraleve, duke ofruar shije m\u00eb t\u00eb sh\u00ebndetshme.<\/li>\n<li><strong>Jo-toksike dhe e sigurt:<\/strong> Prodhohet ekskluzivisht nga materiale natyrale, pa kimikate t\u00eb rrezikshme.<\/li>\n<li><strong>Efikasitet energjetik:<\/strong> Mban temperatur\u00ebn p\u00ebr nj\u00eb koh\u00eb m\u00eb t\u00eb gjat\u00eb, duke reduktuar konsumin e energjis\u00eb.<\/li>\n<li><strong>Harmoni estetike dhe tradit\u00eb:<\/strong> I jep ngroht\u00ebsi dhe eleganc\u00eb \u00e7do tavoline me tekstur\u00ebn dhe pamjen e saj natyrale.<\/li>\n<li><strong>Nd\u00ebrgjegj\u00ebsim ekologjik:<\/strong> Prodhohet nga materiale t\u00eb riciklueshme dhe t\u00eb q\u00ebndrueshme, miq\u00ebsore me mjedisin.<\/li>\n<li><strong>Multifunksionalitet:<\/strong> E p\u00ebrshtatshme p\u00ebr p\u00ebrdorim n\u00eb furr\u00eb, pllak\u00eb gatimi dhe zjarr t\u00eb hapur.<\/li>\n<li><strong>Q\u00ebndrueshm\u00ebri dhe jet\u00ebgjat\u00ebsi:<\/strong> Projektuar p\u00ebr p\u00ebrdorim t\u00eb vazhduesh\u00ebm dhe afatgjat\u00eb.<\/li>\n<\/ul>\n<p>&nbsp;<\/p>\n","protected":false},"excerpt":{"rendered":"<p><strong>Kodi:<\/strong> 24721102-01<\/p>\n<p><strong>Finitura:<\/strong> sip\u00ebrfaqe e jashtme mat \u2013 smaltim i brendsh\u00ebm<\/p>\n<p><strong>Dimensionet:<\/strong> 21x18x6 cm<\/p>\n<p><strong>Pesha:<\/strong> 530 g<\/p>\n<p><strong>V\u00ebllimi:<\/strong> 480 ml<\/p>\n<p>&nbsp;<\/p>\n<p>&nbsp;<\/p>\n","protected":false},"featured_media":7790,"template":"","meta":[],"product_brand":[],"product_cat":[1894],"product_tag":[],"class_list":{"0":"post-41944","1":"product","2":"type-product","3":"status-publish","4":"has-post-thumbnail","6":"product_cat-seri-standard","7":"pa_finirisma-pilinou-standard-uniform","8":"ts_product_brand-viapot","10":"first","11":"instock","12":"taxable","13":"shipping-taxable","14":"product-type-simple"},"aioseo_notices":[],"_links":{"self":[{"href":"https:\/\/packmarkt.com\/sq\/wp-json\/wp\/v2\/product\/41944","targetHints":{"allow":["GET"]}}],"collection":[{"href":"https:\/\/packmarkt.com\/sq\/wp-json\/wp\/v2\/product"}],"about":[{"href":"https:\/\/packmarkt.com\/sq\/wp-json\/wp\/v2\/types\/product"}],"wp:featuredmedia":[{"embeddable":true,"href":"https:\/\/packmarkt.com\/sq\/wp-json\/wp\/v2\/media\/7790"}],"wp:attachment":[{"href":"https:\/\/packmarkt.com\/sq\/wp-json\/wp\/v2\/media?parent=41944"}],"wp:term":[{"taxonomy":"product_brand","embeddable":true,"href":"https:\/\/packmarkt.com\/sq\/wp-json\/wp\/v2\/product_brand?post=41944"},{"taxonomy":"product_cat","embeddable":true,"href":"https:\/\/packmarkt.com\/sq\/wp-json\/wp\/v2\/product_cat?post=41944"},{"taxonomy":"product_tag","embeddable":true,"href":"https:\/\/packmarkt.com\/sq\/wp-json\/wp\/v2\/product_tag?post=41944"}],"curies":[{"name":"wp","href":"https:\/\/api.w.org\/{rel}","templated":true}]}}