{"id":41764,"date":"2025-09-01T17:07:33","date_gmt":"2025-09-01T14:07:33","guid":{"rendered":"https:\/\/packmarkt.com\/product\/kosh-metalik-mbeturinash-me-rrota-1100-l\/"},"modified":"2025-09-01T17:07:33","modified_gmt":"2025-09-01T14:07:33","slug":"kosh-metalik-mbeturinash-me-rrota-1100-l","status":"publish","type":"product","link":"https:\/\/packmarkt.com\/sq\/produkt\/kosh-metalik-mbeturinash-me-rrota-1100-l\/","title":{"rendered":"Kosh metalik mbeturinash me rrota 1100 L"},"content":{"rendered":"","protected":false},"excerpt":{"rendered":"<p>Paraqisni nj\u00eb k\u00ebrkes\u00eb p\u00ebr ofert\u00eb p\u00ebr t&#8217;u informuar mbi \u00e7mimin e shitjes s\u00eb produktit, n\u00eb var\u00ebsi t\u00eb numrit t\u00eb zgjedhur t\u00eb copave.<\/p>\n","protected":false},"featured_media":8689,"template":"","meta":[],"product_brand":[],"product_cat":[1286],"product_tag":[],"class_list":{"0":"post-41764","1":"product","2":"type-product","3":"status-publish","4":"has-post-thumbnail","6":"product_cat-koshat-e-mbeturinave","8":"first","9":"onbackorder","10":"taxable","11":"shipping-taxable","12":"product-type-simple"},"aioseo_notices":[],"_links":{"self":[{"href":"https:\/\/packmarkt.com\/sq\/wp-json\/wp\/v2\/product\/41764","targetHints":{"allow":["GET"]}}],"collection":[{"href":"https:\/\/packmarkt.com\/sq\/wp-json\/wp\/v2\/product"}],"about":[{"href":"https:\/\/packmarkt.com\/sq\/wp-json\/wp\/v2\/types\/product"}],"wp:featuredmedia":[{"embeddable":true,"href":"https:\/\/packmarkt.com\/sq\/wp-json\/wp\/v2\/media\/8689"}],"wp:attachment":[{"href":"https:\/\/packmarkt.com\/sq\/wp-json\/wp\/v2\/media?parent=41764"}],"wp:term":[{"taxonomy":"product_brand","embeddable":true,"href":"https:\/\/packmarkt.com\/sq\/wp-json\/wp\/v2\/product_brand?post=41764"},{"taxonomy":"product_cat","embeddable":true,"href":"https:\/\/packmarkt.com\/sq\/wp-json\/wp\/v2\/product_cat?post=41764"},{"taxonomy":"product_tag","embeddable":true,"href":"https:\/\/packmarkt.com\/sq\/wp-json\/wp\/v2\/product_tag?post=41764"}],"curies":[{"name":"wp","href":"https:\/\/api.w.org\/{rel}","templated":true}]}}