{"id":41582,"date":"2025-08-06T00:17:28","date_gmt":"2025-08-05T21:17:28","guid":{"rendered":"https:\/\/packmarkt.com\/?post_type=product&#038;p=41582"},"modified":"2026-04-20T10:27:29","modified_gmt":"2026-04-20T07:27:29","slug":"fuci-220l-e-tipit-te-mbyllur-l-ring","status":"publish","type":"product","link":"https:\/\/packmarkt.com\/sq\/produkt\/fuci-220l-e-tipit-te-mbyllur-l-ring\/","title":{"rendered":"Fu\u00e7i 20L e tipit t\u00eb hapur"},"content":{"rendered":"<section class=\"text-token-text-primary w-full focus:outline-none [--shadow-height:45px] has-data-writing-block:pointer-events-none has-data-writing-block:-mt-(--shadow-height) has-data-writing-block:pt-(--shadow-height) [&amp;:has([data-writing-block])&gt;*]:pointer-events-auto scroll-mt-(--header-height)\" dir=\"auto\" data-turn-id=\"be62f21b-a87f-464a-8f6b-0de6ee1d2907\" data-testid=\"conversation-turn-1\" data-scroll-anchor=\"false\" data-turn=\"user\"><\/section>\n<section class=\"text-token-text-primary w-full focus:outline-none [--shadow-height:45px] has-data-writing-block:pointer-events-none has-data-writing-block:-mt-(--shadow-height) has-data-writing-block:pt-(--shadow-height) [&amp;:has([data-writing-block])&gt;*]:pointer-events-auto [content-visibility:auto] supports-[content-visibility:auto]:[contain-intrinsic-size:auto_100lvh] scroll-mt-[calc(var(--header-height)+min(200px,max(70px,20svh)))]\" dir=\"auto\" data-turn-id=\"request-WEB:b11ffde5-ff7d-43e6-afaf-fe4c0dcc72e2-3\" data-testid=\"conversation-turn-2\" data-scroll-anchor=\"true\" data-turn=\"assistant\">\n<div class=\"text-base my-auto mx-auto pb-10 [--thread-content-margin:var(--thread-content-margin-xs,calc(var(--spacing)*4))] @w-sm\/main:[--thread-content-margin:var(--thread-content-margin-sm,calc(var(--spacing)*6))] @w-lg\/main:[--thread-content-margin:var(--thread-content-margin-lg,calc(var(--spacing)*16))] px-(--thread-content-margin)\">\n<div class=\"[--thread-content-max-width:40rem] @w-lg\/main:[--thread-content-max-width:48rem] mx-auto max-w-(--thread-content-max-width) flex-1 group\/turn-messages focus-visible:outline-hidden relative flex w-full min-w-0 flex-col agent-turn\">\n<div class=\"flex max-w-full flex-col gap-4 grow\">\n<div class=\"min-h-8 text-message relative flex w-full flex-col items-end gap-2 text-start break-words whitespace-normal outline-none keyboard-focused:focus-ring [.text-message+&amp;]:mt-1\" dir=\"auto\" tabindex=\"0\" data-message-author-role=\"assistant\" data-message-id=\"7db5da50-fa84-4c5d-a1a3-4ea2ea708b8e\" data-message-model-slug=\"gpt-5-3-mini\" data-turn-start-message=\"true\">\n<div class=\"flex w-full flex-col gap-1 empty:hidden\">\n<div class=\"markdown prose dark:prose-invert w-full wrap-break-word light markdown-new-styling\">\n<p data-start=\"0\" data-end=\"276\">Fu\u00e7ia 20L e tipit t\u00eb hapur p\u00ebrb\u00ebn nj\u00eb zgjidhje praktike dhe t\u00eb besueshme p\u00ebr ruajtjen dhe transportin e produkteve t\u00eb l\u00ebngshme dhe t\u00eb ngurta n\u00eb sasi t\u00eb vogla deri t\u00eb mesme. Dizajni i saj me kapak t\u00eb l\u00ebvizsh\u00ebm leht\u00ebson mbushjen e shpejt\u00eb, kontrollin dhe pastrimin e p\u00ebrmbajtjes. <\/p>\n<\/div>\n<\/div>\n<\/div>\n<\/div>\n<\/div>\n<\/div>\n<\/section>\n<h5><b>Karakteristika &amp; P\u00ebrfitime<\/b><\/h5>\n<ul>\n<li data-section-id=\"ggjmh\" data-start=\"300\" data-end=\"382\"><strong data-start=\"302\" data-end=\"328\">Kapacitet praktik:<\/strong> 20 litra, ideal p\u00ebr aplikime t\u00eb vogla deri t\u00eb mesme.<\/li>\n<li data-section-id=\"14m65yy\" data-start=\"383\" data-end=\"469\"><strong data-start=\"385\" data-end=\"404\">Tipi i hapur:<\/strong> Kapak i l\u00ebvizsh\u00ebm p\u00ebr qasje, mbushje dhe pastrim t\u00eb leht\u00eb.<\/li>\n<li data-section-id=\"1832cet\" data-start=\"470\" data-end=\"548\"><strong data-start=\"472\" data-end=\"489\">P\u00ebrdorim i leht\u00eb:<\/strong> I p\u00ebrshtatsh\u00ebm p\u00ebr p\u00ebrdorim t\u00eb p\u00ebrditsh\u00ebm profesional ose bujq\u00ebsor.<\/li>\n<li data-section-id=\"mv87te\" data-start=\"549\" data-end=\"651\"><strong data-start=\"551\" data-end=\"575\">Konstruksion i q\u00ebndruesh\u00ebm:<\/strong> Projektuar p\u00ebr p\u00ebrdorim t\u00eb besuesh\u00ebm n\u00eb mjedise industriale dhe bujq\u00ebsore.<\/li>\n<\/ul>\n<h5><b>Specifikime Teknike<\/b><\/h5>\n<ul>\n<li class=\"p1\"><b>Kapaciteti:<\/b><span class=\"s1\"> 30L<\/span><\/li>\n<li class=\"p1\"><span class=\"s1\"><b>Lart\u00ebsia:<\/b><\/span> 349mm<\/li>\n<li class=\"p1\"><b>Diametri:<\/b><span class=\"s1\"> \u00d8 310mm<\/span><\/li>\n<li class=\"p1\"><span class=\"s1\"><b>Kapaku:<\/b><\/span> \u00d8 245mm<\/li>\n<li class=\"p1\"><b>Paketimi:<\/b><span class=\"s1\"> 1 cop\u00eb<\/span><\/li>\n<\/ul>\n<h5><b>Aplikimet<\/b><\/h5>\n<ul>\n<li data-section-id=\"1l5l728\" data-start=\"926\" data-end=\"986\">Ruajtja dhe transporti i l\u00ebngjeve dhe l\u00ebnd\u00ebve t\u00eb ngurta jo t\u00eb rrezikshme<\/li>\n<li data-section-id=\"418l7t\" data-start=\"987\" data-end=\"1030\">P\u00ebrdorime bujq\u00ebsore dhe produkte bujq\u00ebsore<\/li>\n<li data-section-id=\"11oicyu\" data-start=\"1031\" data-end=\"1072\">Aplikime industriale me p\u00ebrdorim t\u00eb p\u00ebrgjithsh\u00ebm<\/li>\n<li data-section-id=\"fv3swr\" data-start=\"1073\" data-end=\"1123\">Ruajtja laboratorike ose profesionale e materialeve<\/li>\n<\/ul>\n","protected":false},"excerpt":{"rendered":"<p><strong>Kodi:<\/strong> GUNB20L<br \/>\n<strong>Kapaciteti:<\/strong> 20L<br \/>\n<strong>Lart\u00ebsia:<\/strong> 349mm<br \/>\n<strong>Kapaku:<\/strong> \u00d8 245mm<br \/>\n<strong>Diametri:<\/strong> \u00d8 245mm<br \/>\n<strong>Paketimi:<\/strong> 1 cop\u00eb<\/p>\n","protected":false},"featured_media":45190,"template":"","meta":[],"product_brand":[],"product_cat":[1861],"product_tag":[],"class_list":{"0":"post-41582","1":"product","2":"type-product","3":"status-publish","4":"has-post-thumbnail","6":"product_cat-barela","7":"ts_product_brand-gungor","9":"first","10":"instock","11":"taxable","12":"shipping-taxable","13":"product-type-simple"},"aioseo_notices":[],"_links":{"self":[{"href":"https:\/\/packmarkt.com\/sq\/wp-json\/wp\/v2\/product\/41582","targetHints":{"allow":["GET"]}}],"collection":[{"href":"https:\/\/packmarkt.com\/sq\/wp-json\/wp\/v2\/product"}],"about":[{"href":"https:\/\/packmarkt.com\/sq\/wp-json\/wp\/v2\/types\/product"}],"wp:featuredmedia":[{"embeddable":true,"href":"https:\/\/packmarkt.com\/sq\/wp-json\/wp\/v2\/media\/45190"}],"wp:attachment":[{"href":"https:\/\/packmarkt.com\/sq\/wp-json\/wp\/v2\/media?parent=41582"}],"wp:term":[{"taxonomy":"product_brand","embeddable":true,"href":"https:\/\/packmarkt.com\/sq\/wp-json\/wp\/v2\/product_brand?post=41582"},{"taxonomy":"product_cat","embeddable":true,"href":"https:\/\/packmarkt.com\/sq\/wp-json\/wp\/v2\/product_cat?post=41582"},{"taxonomy":"product_tag","embeddable":true,"href":"https:\/\/packmarkt.com\/sq\/wp-json\/wp\/v2\/product_tag?post=41582"}],"curies":[{"name":"wp","href":"https:\/\/api.w.org\/{rel}","templated":true}]}}