{"id":41484,"date":"2025-09-15T11:31:58","date_gmt":"2025-09-15T08:31:58","guid":{"rendered":"https:\/\/packmarkt.com\/product\/tenxhere-tajine-700-ml\/"},"modified":"2025-09-15T11:31:58","modified_gmt":"2025-09-15T08:31:58","slug":"tenxhere-tajine-700-ml","status":"publish","type":"product","link":"https:\/\/packmarkt.com\/sq\/produkt\/tenxhere-tajine-700-ml\/","title":{"rendered":"Tenxhere Tajine 700 ml"},"content":{"rendered":"<p data-start=\"287\" data-end=\"512\">Seria <b>Mythos <\/b>nxjerr n\u00eb pah ngroht\u00ebsin\u00eb dhe thjesht\u00ebsin\u00eb natyrale t\u00eb artit t\u00eb qeramik\u00ebs. \u00c7do en\u00eb \u00ebsht\u00eb prodhuar nga material qeramik guri rezistent (stoneware), duke ofruar q\u00ebndrueshm\u00ebri t\u00eb lart\u00eb dhe estetik\u00eb t\u00eb p\u00ebrjetshme. K\u00ebto jan\u00eb <strong data-start=\"231\" data-end=\"257\">qeramika porcelani<\/strong>, t\u00eb cilat kombinojn\u00eb fort\u00ebsin\u00eb e stoneware-it me pamjen e rafinuar dhe cil\u00ebsin\u00eb q\u00eb karakterizon en\u00ebt qeramike me estetik\u00eb t\u00eb lart\u00eb.  <\/p>\n<p data-start=\"514\" data-end=\"744\"><strong data-start=\"516\" data-end=\"546\">Unikaliteti i \u00e7do pjese<\/strong> \u00ebsht\u00eb nj\u00eb karakteristik\u00eb thelb\u00ebsore e koleksionit. Ndryshimet e lehta n\u00eb ngjyr\u00eb, tekstur\u00eb ose p\u00ebrfundim nuk konsiderohen pap\u00ebrsosm\u00ebri, por shprehje t\u00eb diversitetit natyror dhe autenticitetit t\u00eb materialeve. <\/p>\n<h3 data-start=\"751\" data-end=\"769\">Ideale p\u00ebr:<\/h3>\n<ul data-start=\"771\" data-end=\"997\">\n<li>Hap\u00ebsira profesionale gastronomie q\u00eb zgjedhin stil diskret me karakter<\/li>\n<li>P\u00ebrdorim sht\u00ebpiak q\u00eb shquhet p\u00ebr estetik\u00ebn dhe cil\u00ebsin\u00eb<\/li>\n<li>Shtimin e nj\u00eb prekjeje natyrale, \u201ct\u00eb ngroht\u00eb\u201d n\u00eb sh\u00ebrbimin e p\u00ebrditsh\u00ebm ose zyrtar<\/li>\n<\/ul>\n","protected":false},"excerpt":{"rendered":"<p><strong>Kodi: <\/strong>85910160<br \/>\n<strong>P\u00ebrfundimi:<\/strong> lustrim i jasht\u00ebm &amp; i brendsh\u00ebm<br \/>\n<strong>P\u00ebrmasat:<\/strong> 21&#215;16 cm<br \/>\n<strong>Pesha:<\/strong> 1450 g<br \/>\n<strong>V\u00ebllimi:<\/strong> 700 ml<br \/>\n<strong>Paketimi:<\/strong> 1 cop\u00eb \/ kuti<br \/>\n<strong>Ngjyra: <\/strong>blu reaktive, jeshile reaktive, e kuqe, blu, jeshile, kaki, antracit<\/p>\n","protected":false},"featured_media":8013,"template":"","meta":[],"product_brand":[],"product_cat":[1893],"product_tag":[],"class_list":{"0":"post-41484","1":"product","2":"type-product","3":"status-publish","4":"has-post-thumbnail","6":"product_cat-seri-mythos","7":"pa_finirisma-pilinou-natyrisht-e-larmishme","8":"ts_product_brand-viapot","10":"first","11":"instock","12":"taxable","13":"shipping-taxable","14":"product-type-simple"},"aioseo_notices":[],"_links":{"self":[{"href":"https:\/\/packmarkt.com\/sq\/wp-json\/wp\/v2\/product\/41484","targetHints":{"allow":["GET"]}}],"collection":[{"href":"https:\/\/packmarkt.com\/sq\/wp-json\/wp\/v2\/product"}],"about":[{"href":"https:\/\/packmarkt.com\/sq\/wp-json\/wp\/v2\/types\/product"}],"wp:featuredmedia":[{"embeddable":true,"href":"https:\/\/packmarkt.com\/sq\/wp-json\/wp\/v2\/media\/8013"}],"wp:attachment":[{"href":"https:\/\/packmarkt.com\/sq\/wp-json\/wp\/v2\/media?parent=41484"}],"wp:term":[{"taxonomy":"product_brand","embeddable":true,"href":"https:\/\/packmarkt.com\/sq\/wp-json\/wp\/v2\/product_brand?post=41484"},{"taxonomy":"product_cat","embeddable":true,"href":"https:\/\/packmarkt.com\/sq\/wp-json\/wp\/v2\/product_cat?post=41484"},{"taxonomy":"product_tag","embeddable":true,"href":"https:\/\/packmarkt.com\/sq\/wp-json\/wp\/v2\/product_tag?post=41484"}],"curies":[{"name":"wp","href":"https:\/\/api.w.org\/{rel}","templated":true}]}}