{"id":41403,"date":"2025-08-06T00:17:36","date_gmt":"2025-08-05T21:17:36","guid":{"rendered":"https:\/\/packmarkt.com\/product\/kuti-plastike-100x163x72mm-40-cope\/"},"modified":"2025-08-06T00:17:36","modified_gmt":"2025-08-05T21:17:36","slug":"kuti-plastike-100x163x72mm-40-cope","status":"publish","type":"product","link":"https:\/\/packmarkt.com\/sq\/produkt\/kuti-plastike-100x163x72mm-40-cope\/","title":{"rendered":"Kuti Plastike (100x163x72mm) &#8211; 40 cop\u00eb"},"content":{"rendered":"<p class=\"p1\">Kutia plastike \u00ebsht\u00eb nj\u00eb zgjidhje praktike p\u00ebr ruajtjen dhe organizimin e pjes\u00ebve t\u00eb vogla dhe materialeve harxhuese. Me dimensione ergonomike 100x163x72mm dhe e disponueshme n\u00eb shum\u00eb ngjyra, ajo leht\u00ebson klasifikimin dhe identifikimin e leht\u00eb t\u00eb p\u00ebrmbajtjes. Paketa me 40 cop\u00eb i p\u00ebrgjigjet nevojave profesionale t\u00eb depove, pun\u00ebtorive dhe laborator\u00ebve.  <\/p>\n<h5><b>Karakteristika &amp; P\u00ebrfitime<\/b><\/h5>\n<ul>\n<li class=\"p1\"><span class=\"s1\"><b>Madh\u00ebsi kompakte:<\/b><\/span> Ideale p\u00ebr objekte t\u00eb vogla dhe materiale harxhuese t\u00eb p\u00ebrditshme.<\/li>\n<li class=\"p1\"><span class=\"s1\"><b>Konstruksion i q\u00ebndruesh\u00ebm:<\/b><\/span> P\u00ebrshtatur p\u00ebr p\u00ebrdorim profesional.<\/li>\n<li class=\"p1\"><span class=\"s1\"><b>Kursim hap\u00ebsire:<\/b><\/span> E palosshme p\u00ebr shfryt\u00ebzim m\u00eb t\u00eb mir\u00eb t\u00eb hap\u00ebsirave t\u00eb magazinimit.<\/li>\n<li class=\"p1\"><span class=\"s1\"><b>Set me 40 cop\u00eb:<\/b><\/span> Ofron nj\u00eb zgjidhje t\u00eb plot\u00eb p\u00ebr klasifikim t\u00eb organizuar.<\/li>\n<\/ul>\n<h5><b>Specifikime Teknike<\/b><\/h5>\n<ul>\n<li class=\"p1\"><b>Dimensionet e jashtme:<\/b><span class=\"s1\"> 100x163x72mm<\/span><\/li>\n<li class=\"p1\"><b>Dimensionet e brendshme:<\/b><span class=\"s1\"> 78x135x69mm<\/span><\/li>\n<li class=\"p1\"><span class=\"s1\"><b>Paketimi:<\/b><\/span> 40 cop\u00eb<\/li>\n<li class=\"p1\"><span class=\"s1\"><b>Ngjyrat:<\/b><\/span> Gri, Blu<\/li>\n<\/ul>\n<h5><b>Aplikimet<\/b><\/h5>\n<ul>\n<li class=\"p1\">Organizimi i pjes\u00ebve t\u00eb vogla dhe materialeve harxhuese<\/li>\n<li class=\"p1\">P\u00ebrdorimi n\u00eb laborator\u00eb dhe departamente teknike<\/li>\n<li class=\"p1\">Ideale p\u00ebr pun\u00ebtori dhe depo<\/li>\n<li class=\"p1\">E p\u00ebrshtatshme p\u00ebr hap\u00ebsira logjistike dhe prodhimi<\/li>\n<\/ul>\n<p>&nbsp;<\/p>\n","protected":false},"excerpt":{"rendered":"<p><strong>Kodi:<\/strong> A100<br \/>\n<strong>Dimensionet e jashtme:<\/strong> 100X163X72mm<br \/>\n<strong>Dimensionet e brendshme:<\/strong> 78x135x69mm<br \/>\n<strong>Paketimi:<\/strong> 40 cop\u00eb<\/p>\n","protected":false},"featured_media":6748,"template":"","meta":[],"product_brand":[],"product_cat":[1863],"product_tag":[],"class_list":{"0":"post-41403","1":"product","2":"type-product","3":"status-publish","4":"has-post-thumbnail","6":"product_cat-tabaka-plastike","7":"ts_product_brand-sembol","9":"first","10":"instock","11":"taxable","12":"shipping-taxable","13":"purchasable","14":"product-type-variable"},"aioseo_notices":[],"_links":{"self":[{"href":"https:\/\/packmarkt.com\/sq\/wp-json\/wp\/v2\/product\/41403","targetHints":{"allow":["GET"]}}],"collection":[{"href":"https:\/\/packmarkt.com\/sq\/wp-json\/wp\/v2\/product"}],"about":[{"href":"https:\/\/packmarkt.com\/sq\/wp-json\/wp\/v2\/types\/product"}],"wp:featuredmedia":[{"embeddable":true,"href":"https:\/\/packmarkt.com\/sq\/wp-json\/wp\/v2\/media\/6748"}],"wp:attachment":[{"href":"https:\/\/packmarkt.com\/sq\/wp-json\/wp\/v2\/media?parent=41403"}],"wp:term":[{"taxonomy":"product_brand","embeddable":true,"href":"https:\/\/packmarkt.com\/sq\/wp-json\/wp\/v2\/product_brand?post=41403"},{"taxonomy":"product_cat","embeddable":true,"href":"https:\/\/packmarkt.com\/sq\/wp-json\/wp\/v2\/product_cat?post=41403"},{"taxonomy":"product_tag","embeddable":true,"href":"https:\/\/packmarkt.com\/sq\/wp-json\/wp\/v2\/product_tag?post=41403"}],"curies":[{"name":"wp","href":"https:\/\/api.w.org\/{rel}","templated":true}]}}