{"id":41342,"date":"2025-09-15T15:19:58","date_gmt":"2025-09-15T12:19:58","guid":{"rendered":"https:\/\/packmarkt.com\/product\/kavanoz-konjaku\/"},"modified":"2025-09-15T15:19:58","modified_gmt":"2025-09-15T12:19:58","slug":"kavanoz-konjaku","status":"publish","type":"product","link":"https:\/\/packmarkt.com\/sq\/produkt\/kavanoz-konjaku\/","title":{"rendered":"Kavanoz konjaku"},"content":{"rendered":"<p>En\u00eb vere e frym\u00ebzuar nga forma e shisheve klasike t\u00eb konjakut, e disponueshme n\u00eb dy madh\u00ebsi.<br \/>\n<u>Aksesor\u00eb shoq\u00ebrues<\/u><br \/>\nKapak balte me vida fluture: \u00d8 50 cm<br \/>\nKapak i lart\u00eb hermetik prej \u00e7eliku inoks: \u00d8 50 cm<br \/>\nKapak i ul\u00ebt hermetik prej \u00e7eliku inoks me vida fluture: \u00d8 50 cm<br \/>\nKapak prej \u00e7eliku inoks: \u00d8 50 cm<br \/>\nSistem mbylljeje prej \u00e7eliku inoks: \u00d8 50 cm<br \/>\nMbush\u00ebs qelqi: 33 cm \/ 48 cm<br \/>\nRubinet shp\u00ebrndarjeje vere prej \u00e7eliku inoks: 8 (L) x 6 (Gj) cm<br \/>\nRubinet prej \u00e7eliku inoks p\u00ebr kullim t\u00eb pjessh\u00ebm dhe total: 18,5 (L) x 10 (Gj) cm<\/p>\n","protected":false},"excerpt":{"rendered":"<p><strong>Kapaciteti: <\/strong> 30 L, 350 L<br \/>\n<strong>Lart\u00ebsia:<\/strong> 50 cm, 110 cm<br \/>\n<strong>Diametri:<\/strong> \u00d8 27 cm, 70 cm<\/p>\n","protected":false},"featured_media":8178,"template":"","meta":[],"product_brand":[],"product_cat":[1859],"product_tag":[],"class_list":{"0":"post-41342","1":"product","2":"type-product","3":"status-publish","4":"has-post-thumbnail","6":"product_cat-rezervuare-prej-balte","7":"ts_product_brand-terrakote","9":"first","10":"instock","11":"taxable","12":"shipping-taxable","13":"product-type-simple"},"aioseo_notices":[],"_links":{"self":[{"href":"https:\/\/packmarkt.com\/sq\/wp-json\/wp\/v2\/product\/41342","targetHints":{"allow":["GET"]}}],"collection":[{"href":"https:\/\/packmarkt.com\/sq\/wp-json\/wp\/v2\/product"}],"about":[{"href":"https:\/\/packmarkt.com\/sq\/wp-json\/wp\/v2\/types\/product"}],"wp:featuredmedia":[{"embeddable":true,"href":"https:\/\/packmarkt.com\/sq\/wp-json\/wp\/v2\/media\/8178"}],"wp:attachment":[{"href":"https:\/\/packmarkt.com\/sq\/wp-json\/wp\/v2\/media?parent=41342"}],"wp:term":[{"taxonomy":"product_brand","embeddable":true,"href":"https:\/\/packmarkt.com\/sq\/wp-json\/wp\/v2\/product_brand?post=41342"},{"taxonomy":"product_cat","embeddable":true,"href":"https:\/\/packmarkt.com\/sq\/wp-json\/wp\/v2\/product_cat?post=41342"},{"taxonomy":"product_tag","embeddable":true,"href":"https:\/\/packmarkt.com\/sq\/wp-json\/wp\/v2\/product_tag?post=41342"}],"curies":[{"name":"wp","href":"https:\/\/api.w.org\/{rel}","templated":true}]}}