{"id":41322,"date":"2025-09-15T14:58:50","date_gmt":"2025-09-15T11:58:50","guid":{"rendered":"https:\/\/packmarkt.com\/product\/amfore\/"},"modified":"2025-09-15T14:58:50","modified_gmt":"2025-09-15T11:58:50","slug":"amfore","status":"publish","type":"product","link":"https:\/\/packmarkt.com\/sq\/produkt\/amfore\/","title":{"rendered":"Amfor\u00eb"},"content":{"rendered":"<p>Amfor\u00eb p\u00ebr ver\u00eb, pa doreza dhe me form\u00eb konike, e frym\u00ebzuar nga amforat e lashta t\u00eb p\u00ebrdorura p\u00ebr transportin detar t\u00eb ushqimit dhe ver\u00ebs.<br \/>\nDisponohet me kapak prej \u00e7eliku inoks ose qeramik\u00eb n\u00eb ngjyr\u00eb natyrale.<\/p>\n<p><u>Aksesor\u00eb shoq\u00ebrues<\/u><\/p>\n<p>Kapak prej balte<\/p>\n<p>Kapak prej \u00e7eliku inoks: \u00d8 15 cm<\/p>\n<p>Sistem mbylljeje inoksi: \u00d8 15 cm<\/p>\n<p>Mbush\u00ebs qelqi: 33 cm<\/p>\n","protected":false},"excerpt":{"rendered":"<p><strong>Kapaciteti: <\/strong> 80 L<\/p>\n<p><strong>Lart\u00ebsia:<\/strong> 130 cm<\/p>\n<p><strong>Diametri:<\/strong> \u00d8 50 cm<\/p>\n","protected":false},"featured_media":8153,"template":"","meta":[],"product_brand":[],"product_cat":[1859],"product_tag":[],"class_list":{"0":"post-41322","1":"product","2":"type-product","3":"status-publish","4":"has-post-thumbnail","6":"product_cat-rezervuare-prej-balte","7":"ts_product_brand-terrakote","9":"first","10":"instock","11":"taxable","12":"shipping-taxable","13":"product-type-simple"},"aioseo_notices":[],"_links":{"self":[{"href":"https:\/\/packmarkt.com\/sq\/wp-json\/wp\/v2\/product\/41322","targetHints":{"allow":["GET"]}}],"collection":[{"href":"https:\/\/packmarkt.com\/sq\/wp-json\/wp\/v2\/product"}],"about":[{"href":"https:\/\/packmarkt.com\/sq\/wp-json\/wp\/v2\/types\/product"}],"wp:featuredmedia":[{"embeddable":true,"href":"https:\/\/packmarkt.com\/sq\/wp-json\/wp\/v2\/media\/8153"}],"wp:attachment":[{"href":"https:\/\/packmarkt.com\/sq\/wp-json\/wp\/v2\/media?parent=41322"}],"wp:term":[{"taxonomy":"product_brand","embeddable":true,"href":"https:\/\/packmarkt.com\/sq\/wp-json\/wp\/v2\/product_brand?post=41322"},{"taxonomy":"product_cat","embeddable":true,"href":"https:\/\/packmarkt.com\/sq\/wp-json\/wp\/v2\/product_cat?post=41322"},{"taxonomy":"product_tag","embeddable":true,"href":"https:\/\/packmarkt.com\/sq\/wp-json\/wp\/v2\/product_tag?post=41322"}],"curies":[{"name":"wp","href":"https:\/\/api.w.org\/{rel}","templated":true}]}}