{"id":41292,"date":"2025-09-15T15:08:37","date_gmt":"2025-09-15T12:08:37","guid":{"rendered":"https:\/\/packmarkt.com\/product\/amfore-me-doreza\/"},"modified":"2025-09-15T15:08:37","modified_gmt":"2025-09-15T12:08:37","slug":"amfore-me-doreza","status":"publish","type":"product","link":"https:\/\/packmarkt.com\/sq\/produkt\/amfore-me-doreza\/","title":{"rendered":"Amfor\u00eb me doreza"},"content":{"rendered":"<p>Amfor\u00eb me kapak qeramik dhe doreza, ideale p\u00ebr ver\u00ebra t\u00eb \u00ebmbla dhe likere.<\/p>\n<p><u>Aksesor\u00eb shoq\u00ebrues<\/u><\/p>\n<p>Kapak balte<\/p>\n<p>Trepied hekuri<\/p>\n","protected":false},"excerpt":{"rendered":"<p><strong>Kapacitet:<\/strong> 50 L<\/p>\n<p><strong>Lart\u00ebsi:<\/strong> 94 cm<\/p>\n<p><strong>Diamet\u00ebr:<\/strong> \u00d8 38 cm<\/p>\n","protected":false},"featured_media":8160,"template":"","meta":[],"product_brand":[],"product_cat":[1859],"product_tag":[],"class_list":{"0":"post-41292","1":"product","2":"type-product","3":"status-publish","4":"has-post-thumbnail","6":"product_cat-rezervuare-prej-balte","7":"ts_product_brand-terrakote","9":"first","10":"instock","11":"taxable","12":"shipping-taxable","13":"product-type-simple"},"aioseo_notices":[],"_links":{"self":[{"href":"https:\/\/packmarkt.com\/sq\/wp-json\/wp\/v2\/product\/41292","targetHints":{"allow":["GET"]}}],"collection":[{"href":"https:\/\/packmarkt.com\/sq\/wp-json\/wp\/v2\/product"}],"about":[{"href":"https:\/\/packmarkt.com\/sq\/wp-json\/wp\/v2\/types\/product"}],"wp:featuredmedia":[{"embeddable":true,"href":"https:\/\/packmarkt.com\/sq\/wp-json\/wp\/v2\/media\/8160"}],"wp:attachment":[{"href":"https:\/\/packmarkt.com\/sq\/wp-json\/wp\/v2\/media?parent=41292"}],"wp:term":[{"taxonomy":"product_brand","embeddable":true,"href":"https:\/\/packmarkt.com\/sq\/wp-json\/wp\/v2\/product_brand?post=41292"},{"taxonomy":"product_cat","embeddable":true,"href":"https:\/\/packmarkt.com\/sq\/wp-json\/wp\/v2\/product_cat?post=41292"},{"taxonomy":"product_tag","embeddable":true,"href":"https:\/\/packmarkt.com\/sq\/wp-json\/wp\/v2\/product_tag?post=41292"}],"curies":[{"name":"wp","href":"https:\/\/api.w.org\/{rel}","templated":true}]}}