{"id":41170,"date":"2025-09-23T16:22:02","date_gmt":"2025-09-23T13:22:02","guid":{"rendered":"https:\/\/packmarkt.com\/product\/zyre-evol-double-workstation-120x140x75cm\/"},"modified":"2025-09-23T16:22:02","modified_gmt":"2025-09-23T13:22:02","slug":"zyre-evol-double-workstation-120x140x75cm","status":"publish","type":"product","link":"https:\/\/packmarkt.com\/sq\/produkt\/zyre-evol-double-workstation-120x140x75cm\/","title":{"rendered":"Zyr\u00eb Evol Double Workstation 120x140x75cm"},"content":{"rendered":"","protected":false},"excerpt":{"rendered":"<p><strong>P\u00ebrmasat:<\/strong> 120x140x75cm<br \/>\n<strong>Sip\u00ebrfaqja:<\/strong> Melamin\u00eb (120x140x1,8cm)<br \/>\n<strong>Skeleti:<\/strong> K\u00ebmb\u00eb metalike me veshje elektrostatike<br \/>\nP\u00ebrfshihet tabaka p\u00ebr menaxhimin e kabllove dhe kapak aksesi p\u00ebr priz\u00eb p\u00ebr organizim praktik.<\/p>\n","protected":false},"featured_media":8667,"template":"","meta":[],"product_brand":[],"product_cat":[1851],"product_tag":[],"class_list":{"0":"post-41170","1":"product","2":"type-product","3":"status-publish","4":"has-post-thumbnail","6":"product_cat-mobilje-zyre","8":"first","9":"instock","10":"taxable","11":"shipping-taxable","12":"purchasable","13":"product-type-simple"},"aioseo_notices":[],"_links":{"self":[{"href":"https:\/\/packmarkt.com\/sq\/wp-json\/wp\/v2\/product\/41170","targetHints":{"allow":["GET"]}}],"collection":[{"href":"https:\/\/packmarkt.com\/sq\/wp-json\/wp\/v2\/product"}],"about":[{"href":"https:\/\/packmarkt.com\/sq\/wp-json\/wp\/v2\/types\/product"}],"wp:featuredmedia":[{"embeddable":true,"href":"https:\/\/packmarkt.com\/sq\/wp-json\/wp\/v2\/media\/8667"}],"wp:attachment":[{"href":"https:\/\/packmarkt.com\/sq\/wp-json\/wp\/v2\/media?parent=41170"}],"wp:term":[{"taxonomy":"product_brand","embeddable":true,"href":"https:\/\/packmarkt.com\/sq\/wp-json\/wp\/v2\/product_brand?post=41170"},{"taxonomy":"product_cat","embeddable":true,"href":"https:\/\/packmarkt.com\/sq\/wp-json\/wp\/v2\/product_cat?post=41170"},{"taxonomy":"product_tag","embeddable":true,"href":"https:\/\/packmarkt.com\/sq\/wp-json\/wp\/v2\/product_tag?post=41170"}],"curies":[{"name":"wp","href":"https:\/\/api.w.org\/{rel}","templated":true}]}}