{"id":40875,"date":"2025-10-06T15:34:48","date_gmt":"2025-10-06T12:34:48","guid":{"rendered":"https:\/\/packmarkt.com\/product\/gote-viar-330ml\/"},"modified":"2025-10-06T15:34:48","modified_gmt":"2025-10-06T12:34:48","slug":"gote-viar-330ml","status":"publish","type":"product","link":"https:\/\/packmarkt.com\/sq\/produkt\/gote-viar-330ml\/","title":{"rendered":"Got\u00eb Viar 330ml"},"content":{"rendered":"<p data-start=\"287\" data-end=\"512\">Seria <b>Mythos <\/b>nxjerr n\u00eb pah ngroht\u00ebsin\u00eb dhe thjesht\u00ebsin\u00eb natyrore t\u00eb artit t\u00eb qeramik\u00ebs. \u00c7do en\u00eb \u00ebsht\u00eb prodhuar nga material qeramik i q\u00ebndruesh\u00ebm (stoneware), duke ofruar rezistenc\u00eb t\u00eb lart\u00eb dhe estetik\u00eb t\u00eb p\u00ebrjetshme. K\u00ebto jan\u00eb <strong data-start=\"231\" data-end=\"257\">qeramika porcelani<\/strong>, t\u00eb cilat kombinojn\u00eb q\u00ebndrueshm\u00ebrin\u00eb e stoneware-it me pamjen e rafinuar dhe cil\u00ebsin\u00eb q\u00eb karakterizon en\u00ebt qeramike me estetik\u00eb t\u00eb lart\u00eb.  <\/p>\n<p data-start=\"514\" data-end=\"744\"><strong data-start=\"516\" data-end=\"546\">Unikaliteti i \u00e7do pjese<\/strong> \u00ebsht\u00eb nj\u00eb karakteristik\u00eb thelb\u00ebsore e koleksionit. Ndryshimet e lehta n\u00eb ngjyr\u00eb, tekstur\u00eb ose p\u00ebrfundim nuk konsiderohen defekte, por shprehje t\u00eb diversitetit natyror dhe autenticitetit t\u00eb materialeve. <\/p>\n<p data-start=\"514\" data-end=\"744\"><strong>Ideale p\u00ebr:<\/strong><\/p>\n<ul data-start=\"771\" data-end=\"997\">\n<li>Hap\u00ebsira profesionale gastronomie q\u00eb zgjedhin stil diskret me karakter<\/li>\n<li>P\u00ebrdorim sht\u00ebpiak q\u00eb shquhet p\u00ebr estetik\u00ebn dhe cil\u00ebsin\u00eb<\/li>\n<li>Shtimin e nj\u00eb prekjeje natyrore, \u201ct\u00eb ngroht\u00eb\u201d n\u00eb sh\u00ebrbimin e p\u00ebrditsh\u00ebm ose formal<\/li>\n<\/ul>\n","protected":false},"excerpt":{"rendered":"<p><strong>Kodi: <\/strong>87710177<br \/>\n<strong>P\u00ebrfundimi:<\/strong> xham\u00ebzim i jasht\u00ebm &amp; i brendsh\u00ebm<br \/>\n<strong>Dimensionet:<\/strong> 9&#215;10,5cm<br \/>\n<strong>Pesha:<\/strong> 270gr<br \/>\n<strong>V\u00ebllimi:<\/strong> 330ml<br \/>\n<strong>Paketimi:<\/strong> 24 cop\u00eb \/ kuti<br \/>\n<strong>Ngjyra: <\/strong>blu reaktive, jeshile reaktive, e kuqe, blu, jeshile, kaki, antracit<\/p>\n","protected":false},"featured_media":9522,"template":"","meta":[],"product_brand":[],"product_cat":[1893],"product_tag":[],"class_list":{"0":"post-40875","1":"product","2":"type-product","3":"status-publish","4":"has-post-thumbnail","6":"product_cat-seri-mythos","7":"pa_finirisma-pilinou-natyrisht-e-larmishme","8":"ts_product_brand-viapot","10":"first","11":"instock","12":"taxable","13":"shipping-taxable","14":"product-type-simple"},"aioseo_notices":[],"_links":{"self":[{"href":"https:\/\/packmarkt.com\/sq\/wp-json\/wp\/v2\/product\/40875","targetHints":{"allow":["GET"]}}],"collection":[{"href":"https:\/\/packmarkt.com\/sq\/wp-json\/wp\/v2\/product"}],"about":[{"href":"https:\/\/packmarkt.com\/sq\/wp-json\/wp\/v2\/types\/product"}],"wp:featuredmedia":[{"embeddable":true,"href":"https:\/\/packmarkt.com\/sq\/wp-json\/wp\/v2\/media\/9522"}],"wp:attachment":[{"href":"https:\/\/packmarkt.com\/sq\/wp-json\/wp\/v2\/media?parent=40875"}],"wp:term":[{"taxonomy":"product_brand","embeddable":true,"href":"https:\/\/packmarkt.com\/sq\/wp-json\/wp\/v2\/product_brand?post=40875"},{"taxonomy":"product_cat","embeddable":true,"href":"https:\/\/packmarkt.com\/sq\/wp-json\/wp\/v2\/product_cat?post=40875"},{"taxonomy":"product_tag","embeddable":true,"href":"https:\/\/packmarkt.com\/sq\/wp-json\/wp\/v2\/product_tag?post=40875"}],"curies":[{"name":"wp","href":"https:\/\/api.w.org\/{rel}","templated":true}]}}