{"id":40850,"date":"2025-09-30T13:15:42","date_gmt":"2025-09-30T10:15:42","guid":{"rendered":"https:\/\/packmarkt.com\/product\/kontejner-transporti-ushqimi-me-ngrohje-90-l\/"},"modified":"2025-09-30T13:15:42","modified_gmt":"2025-09-30T10:15:42","slug":"kontejner-transporti-ushqimi-me-ngrohje-90-l","status":"publish","type":"product","link":"https:\/\/packmarkt.com\/sq\/produkt\/kontejner-transporti-ushqimi-me-ngrohje-90-l\/","title":{"rendered":"Kontejner transporti ushqimi me ngrohje 90 L"},"content":{"rendered":"<p>Ideal p\u00ebr profesionist\u00ebt e gastronomis\u00eb, kateringut dhe shp\u00ebrndarjes s\u00eb ushqimit! Kontejneri me ngrohje 90 litra siguron <strong>temperatur\u00eb t\u00eb q\u00ebndrueshme<\/strong> dhe <strong>cil\u00ebsin\u00eb e ushqimit<\/strong> gjat\u00eb transportit, me konstruksion t\u00eb q\u00ebndruesh\u00ebm dhe p\u00ebrdorim fleksib\u00ebl. <\/p>\n<p><strong>Karakteristikat e Produktit<\/strong><\/p>\n<ul>\n<li><strong>Kapaciteti:<\/strong> 90L<\/li>\n<li><strong>Sistem ngrohjeje:<\/strong>\n<ul>\n<li>Temperatur\u00eb e q\u00ebndrueshme n\u00eb <strong>75 \u00b0C<\/strong>, ideale p\u00ebr ruajtjen e ushqimit<\/li>\n<\/ul>\n<\/li>\n<li><strong>Furnizimi me energji:<\/strong>\n<ul>\n<li><strong>230V &#8211; 110V (rrym\u00eb sht\u00ebpiake)<\/strong><\/li>\n<li><strong>12V (\u00e7akmak makine)<\/strong> me p\u00ebrdorim inverteri<\/li>\n<\/ul>\n<\/li>\n<\/ul>\n<p><strong>Fleksibilitet &amp; P\u00ebrputhshm\u00ebri<\/strong><\/p>\n<ul>\n<li><strong data-start=\"989\" data-end=\"1019\">Struktur\u00eb me 12 shina (runners)<\/strong><\/li>\n<li>E p\u00ebrputhshme me <strong>kontejner\u00eb dhe tava GN<\/strong> (Gastronorm)<\/li>\n<li>Ideale p\u00ebr <strong>ushqime t\u00eb ngrohta take-away, katering, shp\u00ebrndarje dhe transport ushqimi<\/strong><\/li>\n<li><strong data-start=\"1081\" data-end=\"1113\">Kapacitet i madh total<\/strong>: Me kombinimin e 2 nj\u00ebsive, transportoni deri n\u00eb <strong data-start=\"1158\" data-end=\"1180\">180 kg produkt<\/strong><\/li>\n<\/ul>\n<p><strong>Q\u00ebndrueshm\u00ebri &amp; Izolim<\/strong><\/p>\n<ul>\n<li><strong>Konstruksion:<\/strong> Polietilen i q\u00ebndruesh\u00ebm \u2013 rezistenc\u00eb ndaj goditjeve dhe d\u00ebmtimeve<\/li>\n<li><strong>Izolim:<\/strong> Shkum\u00eb poliuretani <strong>pa CFC &amp; HCFC<\/strong>, miq\u00ebsore me mjedisin<\/li>\n<li>Konstruksion <strong data-start=\"1326\" data-end=\"1362\">i grumbulluesh\u00ebm<\/strong> p\u00ebr kursim hap\u00ebsire<\/li>\n<li>Mban temperatur\u00ebn p\u00ebr <strong>nj\u00eb koh\u00eb t\u00eb gjat\u00eb<\/strong><\/li>\n<\/ul>\n<p><strong>Zgjidhje ideale p\u00ebr:<\/strong><\/p>\n<ul>\n<li>Profesionist\u00eb t\u00eb <strong data-start=\"1700\" data-end=\"1712\">kateringut<\/strong>, <strong data-start=\"1714\" data-end=\"1729\">restoranteve<\/strong> dhe <strong data-start=\"1734\" data-end=\"1756\">kompanive t\u00eb shp\u00ebrndarjes<\/strong><\/li>\n<li>Transporti i <strong data-start=\"1768\" data-end=\"1797\">sasive t\u00eb m\u00ebdha t\u00eb ushqimit<\/strong> n\u00eb <strong data-start=\"1801\" data-end=\"1824\">temperatur\u00eb t\u00eb q\u00ebndrueshme<\/strong><\/li>\n<li>P\u00ebrdorimi n\u00eb <strong data-start=\"1836\" data-end=\"1856\">automjete shp\u00ebrndarjeje<\/strong><\/li>\n<\/ul>\n","protected":false},"excerpt":{"rendered":"<p><strong>Kodi: <\/strong>AF12 Analogic<br \/>\n<strong>Kapaciteti:<\/strong> 90 L<br \/>\n<strong>Sistemi i ngrohjes:<\/strong> Temperatur\u00eb e q\u00ebndrueshme n\u00eb 75 \u00b0C, ideale p\u00ebr ruajtjen e ushqimit<br \/>\n<strong>Furnizimi me energji:<\/strong> 230V &#8211; 110V (rrym\u00eb sht\u00ebpiake) &amp; 12V (\u00e7akmak makine) me p\u00ebrdorim inverteri<br \/>\n<strong>Materiali i konstruksionit:<\/strong> Polietilen i q\u00ebndruesh\u00ebm \u2013 rezistenc\u00eb ndaj goditjeve dhe d\u00ebmtimeve<br \/>\n<strong>Izolimi:<\/strong> Shkum\u00eb poliuretani pa CFC &amp; HCFC<strong>,<\/strong> miq\u00ebsore me mjedisin<br \/>\nMban temperatur\u00ebn p\u00ebr nj\u00eb koh\u00eb t\u00eb gjat\u00eb<\/p>\n","protected":false},"featured_media":9150,"template":"","meta":[],"product_brand":[],"product_cat":[1381],"product_tag":[],"class_list":{"0":"post-40850","1":"product","2":"type-product","3":"status-publish","4":"has-post-thumbnail","6":"product_cat-konteinere-izotermike","7":"ts_product_brand-melform","9":"first","10":"instock","11":"taxable","12":"shipping-taxable","13":"purchasable","14":"product-type-simple"},"aioseo_notices":[],"_links":{"self":[{"href":"https:\/\/packmarkt.com\/sq\/wp-json\/wp\/v2\/product\/40850","targetHints":{"allow":["GET"]}}],"collection":[{"href":"https:\/\/packmarkt.com\/sq\/wp-json\/wp\/v2\/product"}],"about":[{"href":"https:\/\/packmarkt.com\/sq\/wp-json\/wp\/v2\/types\/product"}],"wp:featuredmedia":[{"embeddable":true,"href":"https:\/\/packmarkt.com\/sq\/wp-json\/wp\/v2\/media\/9150"}],"wp:attachment":[{"href":"https:\/\/packmarkt.com\/sq\/wp-json\/wp\/v2\/media?parent=40850"}],"wp:term":[{"taxonomy":"product_brand","embeddable":true,"href":"https:\/\/packmarkt.com\/sq\/wp-json\/wp\/v2\/product_brand?post=40850"},{"taxonomy":"product_cat","embeddable":true,"href":"https:\/\/packmarkt.com\/sq\/wp-json\/wp\/v2\/product_cat?post=40850"},{"taxonomy":"product_tag","embeddable":true,"href":"https:\/\/packmarkt.com\/sq\/wp-json\/wp\/v2\/product_tag?post=40850"}],"curies":[{"name":"wp","href":"https:\/\/api.w.org\/{rel}","templated":true}]}}