{"id":40763,"date":"2025-09-30T14:57:19","date_gmt":"2025-09-30T11:57:19","guid":{"rendered":"https:\/\/packmarkt.com\/product\/kuti-transporti-ushqimi-e-ngrohur-148-l-me-termostat-dixhital\/"},"modified":"2025-09-30T14:57:19","modified_gmt":"2025-09-30T11:57:19","slug":"kuti-transporti-ushqimi-e-ngrohur-148-l-me-termostat-dixhital","status":"publish","type":"product","link":"https:\/\/packmarkt.com\/sq\/produkt\/kuti-transporti-ushqimi-e-ngrohur-148-l-me-termostat-dixhital\/","title":{"rendered":"Kuti transporti ushqimi e ngrohur 148 L me termostat dixhital"},"content":{"rendered":"<p>Ideale p\u00ebr profesionist\u00ebt e gastronomis\u00eb, kateringut dhe shp\u00ebrndarjes s\u00eb ushqimit! Kuti e ngrohur 148 litra siguron <strong>temperatur\u00eb t\u00eb q\u00ebndrueshme<\/strong> dhe <strong>cil\u00ebsi t\u00eb ushqimit<\/strong> gjat\u00eb transportit, me konstruksion t\u00eb q\u00ebndruesh\u00ebm dhe p\u00ebrdorim fleksib\u00ebl. <\/p>\n<p><strong>Karakteristikat Kryesore<\/strong><\/p>\n<ul>\n<li><strong>Kapaciteti:<\/strong> 148 litra<\/li>\n<li><strong>Sistem ngrohjeje:<\/strong>\n<ul>\n<li><strong>Termostat dixhital i programuesh\u00ebm<\/strong> p\u00ebr kontroll t\u00eb sakt\u00eb t\u00eb temperatur\u00ebs<\/li>\n<\/ul>\n<\/li>\n<li><strong>Furnizimi me energji:<\/strong>\n<ul>\n<li><strong>230 V (rrym\u00eb sht\u00ebpiake)<\/strong><\/li>\n<li><strong>12 V<\/strong> (\u00e7akmak makine) me p\u00ebrdorim inverteri<\/li>\n<\/ul>\n<\/li>\n<\/ul>\n<p><strong>Fleksibilitet &amp; P\u00ebrputhshm\u00ebri<\/strong><\/p>\n<ul>\n<li><strong data-start=\"989\" data-end=\"1019\">Struktur\u00eb me 12 shina (runners) inoksi<\/strong><\/li>\n<li>E p\u00ebrputhshme me <strong>kontejner\u00eb dhe tabaka GN<\/strong> (Gastronorm) dhe <strong data-start=\"2036\" data-end=\"2089\">standarde EN<\/strong> (p\u00ebrfshir\u00eb <strong data-start=\"2119\" data-end=\"2135\">600 x 400 mm<\/strong>), gj\u00eb q\u00eb i jep <strong data-start=\"2160\" data-end=\"2188\">fleksibilitet shum\u00eb m\u00eb t\u00eb madh<\/strong> n\u00eb mjedise profesionale dhe kuzhina q\u00eb p\u00ebrdorin nj\u00eb shum\u00ebllojshm\u00ebri kontejner\u00ebsh.<\/li>\n<li>Ideale p\u00ebr <strong>ushqime t\u00eb ngrohta me porosi, katering, shp\u00ebrndarje dhe transport ushqimi<\/strong><\/li>\n<li><strong data-start=\"1081\" data-end=\"1113\">Kapacitet i madh total<\/strong>: Me kombinimin e 2 nj\u00ebsive, transportoni deri n\u00eb <strong>296 kg produkt<\/strong><\/li>\n<li>E p\u00ebrshtatshme p\u00ebr profesionist\u00ebt e <strong>kateringut, ushqimit masiv dhe shp\u00ebrndarjes s\u00eb ushqimit<\/strong><\/li>\n<\/ul>\n<p><strong>Konstruksion &amp; Izolim<\/strong><\/p>\n<ul>\n<li><strong>Konstruksion:<\/strong> Polietilen i q\u00ebndruesh\u00ebm \u2013 rezistenc\u00eb ndaj goditjeve dhe d\u00ebmtimit<\/li>\n<li><strong>Izolim:<\/strong> Shkum\u00eb poliuretani <strong>pa CFC &amp; HCFC<\/strong>, miq\u00ebsore me mjedisin<\/li>\n<li>Konstruksion <strong data-start=\"1326\" data-end=\"1362\">i grumbulluesh\u00ebm<\/strong> p\u00ebr kursim hap\u00ebsire<\/li>\n<li>Mban temperatur\u00ebn p\u00ebr <strong>nj\u00eb koh\u00eb t\u00eb gjat\u00eb<\/strong><\/li>\n<\/ul>\n<p><strong>Nj\u00eb zgjidhje e besueshme p\u00ebr ruajtjen e cil\u00ebsis\u00eb dhe temperatur\u00ebs s\u00eb ushqimit gjat\u00eb transportit, edhe n\u00eb distanca t\u00eb gjata.<\/strong><\/p>\n","protected":false},"excerpt":{"rendered":"<p><strong>Kodi: <\/strong>AF150 Digital<br \/>\n<strong>Kapaciteti:<\/strong> 148 L<br \/>\n<strong>Sistem ngrohjeje: <\/strong>Termostat dixhital i programuesh\u00ebm p\u00ebr kontroll t\u00eb sakt\u00eb t\u00eb temperatur\u00ebs<br \/>\n<strong>Furnizimi me energji:<\/strong> 230 V (rrym\u00eb sht\u00ebpiake) &amp; 12 V (\u00e7akmak makine) me p\u00ebrdorim inverteri<br \/>\n<strong>Materiali i konstruksionit:<\/strong> Polietilen i q\u00ebndruesh\u00ebm \u2013 rezistenc\u00eb ndaj goditjeve dhe d\u00ebmtimit<br \/>\n<strong>Izolimi:<\/strong> Shkum\u00eb poliuretani pa CFC &amp; HCFC<strong>,<\/strong> miq\u00ebsore me mjedisin<br \/>\nMban temperatur\u00ebn p\u00ebr nj\u00eb koh\u00eb t\u00eb gjat\u00eb<\/p>\n","protected":false},"featured_media":9161,"template":"","meta":[],"product_brand":[],"product_cat":[1381],"product_tag":[],"class_list":{"0":"post-40763","1":"product","2":"type-product","3":"status-publish","4":"has-post-thumbnail","6":"product_cat-konteinere-izotermike","7":"ts_product_brand-melform","9":"first","10":"instock","11":"taxable","12":"shipping-taxable","13":"purchasable","14":"product-type-simple"},"aioseo_notices":[],"_links":{"self":[{"href":"https:\/\/packmarkt.com\/sq\/wp-json\/wp\/v2\/product\/40763","targetHints":{"allow":["GET"]}}],"collection":[{"href":"https:\/\/packmarkt.com\/sq\/wp-json\/wp\/v2\/product"}],"about":[{"href":"https:\/\/packmarkt.com\/sq\/wp-json\/wp\/v2\/types\/product"}],"wp:featuredmedia":[{"embeddable":true,"href":"https:\/\/packmarkt.com\/sq\/wp-json\/wp\/v2\/media\/9161"}],"wp:attachment":[{"href":"https:\/\/packmarkt.com\/sq\/wp-json\/wp\/v2\/media?parent=40763"}],"wp:term":[{"taxonomy":"product_brand","embeddable":true,"href":"https:\/\/packmarkt.com\/sq\/wp-json\/wp\/v2\/product_brand?post=40763"},{"taxonomy":"product_cat","embeddable":true,"href":"https:\/\/packmarkt.com\/sq\/wp-json\/wp\/v2\/product_cat?post=40763"},{"taxonomy":"product_tag","embeddable":true,"href":"https:\/\/packmarkt.com\/sq\/wp-json\/wp\/v2\/product_tag?post=40763"}],"curies":[{"name":"wp","href":"https:\/\/api.w.org\/{rel}","templated":true}]}}