{"id":40085,"date":"2025-10-20T12:02:13","date_gmt":"2025-10-20T09:02:13","guid":{"rendered":"https:\/\/packmarkt.com\/product\/palete-plastike-higjienike-me-3-shina-800x1200mm-2\/"},"modified":"2025-10-20T12:02:13","modified_gmt":"2025-10-20T09:02:13","slug":"palete-plastike-higjienike-me-3-shina-800x1200mm-2","status":"publish","type":"product","link":"https:\/\/packmarkt.com\/sq\/produkt\/palete-plastike-higjienike-me-3-shina-800x1200mm-2\/","title":{"rendered":"Palet\u00eb plastike higjienike me 3 shina 800x1200mm"},"content":{"rendered":"<p class=\"p1\">Paleta higjienike B-103VH 800x1200mm \u00ebsht\u00eb nj\u00eb zgjidhje e besueshme transporti dhe magazinimi p\u00ebr mjedise me k\u00ebrkesa t\u00eb rrepta past\u00ebrtie. E prodhuar nga polietileni primar me densitet t\u00eb lart\u00eb (HDPE 1), ajo ofron q\u00ebndrueshm\u00ebri, stabilitet dhe aft\u00ebsi p\u00ebr t&#8217;u vendosur n\u00eb raft n\u00eb m\u00ebnyr\u00eb t\u00eb sigurt, duke e b\u00ebr\u00eb at\u00eb ideale p\u00ebr industrit\u00eb ushqimore, farmaceutike dhe ambientet e kujdesit sh\u00ebndet\u00ebsor. <\/p>\n<h5><b>Karakteristika &amp; P\u00ebrfitime<\/b><\/h5>\n<ul>\n<li class=\"p1\"><span class=\"s1\"><b>Projektuar p\u00ebr p\u00ebrdorim sanitar:<\/b><\/span> Ideale p\u00ebr mjedise me k\u00ebrkesa t\u00eb larta past\u00ebrtie.<\/li>\n<li class=\"p1\"><span class=\"s1\"><b>Q\u00ebndrueshm\u00ebri e lart\u00eb:<\/b><\/span> Ngarkes\u00eb dinamike deri n\u00eb 1200 kg, statike deri n\u00eb 4800 kg dhe n\u00eb raft deri n\u00eb 1000 kg.<\/li>\n<li class=\"p1\"><span class=\"s1\"><b>Konstruksion i fort\u00eb:<\/b><\/span> Pesha 18 kg ofron stabilitet.<\/li>\n<li class=\"p1\"><span class=\"s1\"><b>HDPE i virgj\u00ebr:<\/b><\/span> Material me rezistenc\u00eb t\u00eb lart\u00eb ndaj lag\u00ebshtis\u00eb, kimikateve dhe sforcimeve mekanike.<\/li>\n<li class=\"p1\"><span class=\"s1\"><b>Stabilitet i shtuar:<\/b><\/span> Fal\u00eb 3 rr\u00ebshqit\u00ebsve, siguron vendosje dhe transport t\u00eb sigurt.<\/li>\n<\/ul>\n<h5><b>Specifikime Teknike<\/b><\/h5>\n<ul>\n<li><span class=\"s1\"><b>P\u00ebrmasat:<\/b><\/span> 800 x 1200 x 152 mm<\/li>\n<li><b>Pesha:<\/b><span class=\"s1\"> 18 kg<\/span><\/li>\n<li><span class=\"s1\"><b>Materiali:<\/b><\/span> Polietilen Primar me Densitet t\u00eb Lart\u00eb (HDPE 1)<\/li>\n<li><b>Ngarkes\u00eb dinamike:<\/b><span class=\"s1\"> 1200 kg<\/span><\/li>\n<li><b>Ngarkes\u00eb statike:<\/b><span class=\"s1\"> 4800 kg<\/span><\/li>\n<li><span class=\"s1\"><b>Ngarkes\u00eb n\u00eb raft:<\/b><\/span> 1000 kg<\/li>\n<li><b>Paketimi:<\/b><span class=\"s1\"> 1 cop\u00eb<\/span><\/li>\n<\/ul>\n<h5><b>Aplikimet<\/b><\/h5>\n<ul>\n<li class=\"p1\">Industrit\u00eb ushqimore dhe t\u00eb pijeve<\/li>\n<li class=\"p1\">Industria farmaceutike dhe kozmetike<\/li>\n<li class=\"p1\">Spitale, klinika dhe qendra kujdesi<\/li>\n<li class=\"p1\">Zinxhir\u00eb supermarketesh me k\u00ebrkesa t\u00eb larta higjienike<\/li>\n<li>Tregjet e peshkut dhe nj\u00ebsit\u00eb e p\u00ebrpunimit t\u00eb peshkut, ku k\u00ebrkohet rezistenc\u00eb ndaj lag\u00ebshtis\u00eb, aromave dhe pastrimit intensiv<\/li>\n<\/ul>\n<p>&nbsp;<\/p>\n","protected":false},"excerpt":{"rendered":"<p><strong>Kodi:<\/strong> B-103VH<br \/>\n<strong>Materiali:<\/strong> Polietilen Primar me Densitet t\u00eb Lart\u00eb (HDPE1)<br \/>\n<strong>P\u00ebrmasat:<\/strong> 800X1200X152mm<br \/>\n<strong>Pesha:<\/strong> 18 kg<br \/>\n<strong>Ngarkes\u00eb dinamike:<\/strong> 1200 kg<br \/>\n<strong>Ngarkes\u00eb statike:<\/strong> 4800 kg<br \/>\n<strong>Ngarkes\u00eb n\u00eb raft:<\/strong> 1000 kg<br \/>\n<strong>Paketimi:<\/strong> 1 cop\u00eb<\/p>\n","protected":false},"featured_media":9845,"template":"","meta":[],"product_brand":[],"product_cat":[1370,1369],"product_tag":[],"class_list":{"0":"post-40085","1":"product","2":"type-product","3":"status-publish","4":"has-post-thumbnail","6":"product_cat-paleta-plastike","7":"product_cat-paleta","8":"ts_product_brand-benoplast","10":"first","11":"instock","12":"taxable","13":"shipping-taxable","14":"purchasable","15":"product-type-simple"},"aioseo_notices":[],"_links":{"self":[{"href":"https:\/\/packmarkt.com\/sq\/wp-json\/wp\/v2\/product\/40085","targetHints":{"allow":["GET"]}}],"collection":[{"href":"https:\/\/packmarkt.com\/sq\/wp-json\/wp\/v2\/product"}],"about":[{"href":"https:\/\/packmarkt.com\/sq\/wp-json\/wp\/v2\/types\/product"}],"wp:featuredmedia":[{"embeddable":true,"href":"https:\/\/packmarkt.com\/sq\/wp-json\/wp\/v2\/media\/9845"}],"wp:attachment":[{"href":"https:\/\/packmarkt.com\/sq\/wp-json\/wp\/v2\/media?parent=40085"}],"wp:term":[{"taxonomy":"product_brand","embeddable":true,"href":"https:\/\/packmarkt.com\/sq\/wp-json\/wp\/v2\/product_brand?post=40085"},{"taxonomy":"product_cat","embeddable":true,"href":"https:\/\/packmarkt.com\/sq\/wp-json\/wp\/v2\/product_cat?post=40085"},{"taxonomy":"product_tag","embeddable":true,"href":"https:\/\/packmarkt.com\/sq\/wp-json\/wp\/v2\/product_tag?post=40085"}],"curies":[{"name":"wp","href":"https:\/\/api.w.org\/{rel}","templated":true}]}}