{"id":40053,"date":"2025-10-16T15:15:17","date_gmt":"2025-10-16T12:15:17","guid":{"rendered":"https:\/\/packmarkt.com\/product\/palete-plastike-e-tipit-te-lehte-e-shpuar-me-blloqe-1000x1200mm-r-hdpe\/"},"modified":"2025-10-16T15:15:17","modified_gmt":"2025-10-16T12:15:17","slug":"palete-plastike-e-tipit-te-lehte-e-shpuar-me-blloqe-1000x1200mm-r-hdpe","status":"publish","type":"product","link":"https:\/\/packmarkt.com\/sq\/produkt\/palete-plastike-e-tipit-te-lehte-e-shpuar-me-blloqe-1000x1200mm-r-hdpe\/","title":{"rendered":"Palet\u00eb plastike e tipit t\u00eb leht\u00eb, e shpuar, me blloqe 1000x1200mm (r-HDPE)"},"content":{"rendered":"<p data-start=\"241\" data-end=\"578\">Paleta e tipit t\u00eb leht\u00eb 1000x1200mm \u00ebsht\u00eb nj\u00eb zgjidhje praktike dhe ekonomike p\u00ebr aplikime transporti dhe magazinimi q\u00eb nuk k\u00ebrkojn\u00eb ngarkesa t\u00eb r\u00ebnda. Me sip\u00ebrfaqe t\u00eb shpuar, \u00ebsht\u00eb ideale p\u00ebr eksporte, p\u00ebrdorime t\u00eb lehta dhe raste ku kursimi i hap\u00ebsir\u00ebs dhe kostos s\u00eb transportit \u00ebsht\u00eb thelb\u00ebsor. <\/p>\n<h5><b>Karakteristika &amp; P\u00ebrfitime<\/b><\/h5>\n<ul>\n<li class=\"p1\"><span class=\"s1\"><b>Konstruksion i tipit t\u00eb leht\u00eb:<\/b><\/span> Ideale p\u00ebr aplikime t\u00eb lehta dhe transport me nj\u00eb p\u00ebrdorim.<\/li>\n<li class=\"p1\"><span class=\"s1\"><b><strong data-start=\"366\" data-end=\"398\">E p\u00ebrshtatshme p\u00ebr p\u00ebrdorim t\u00eb leht\u00eb<\/strong>:<\/b><\/span> Ngarkes\u00eb dinamike deri n\u00eb 250kg dhe statike deri n\u00eb 1000kg.<\/li>\n<li><strong data-start=\"1065\" data-end=\"1088\">Sip\u00ebrfaqe e perforuar:<\/strong> E p\u00ebrshtatshme p\u00ebr produkte q\u00eb k\u00ebrkojn\u00eb ajrosje, si frutat dhe perimet.<\/li>\n<li><strong data-start=\"1164\" data-end=\"1197\">HDPE i ricikluar (n\u00eb ngjyr\u00eb t\u00eb zez\u00eb):<\/strong> Zgjedhje ekonomike dhe ekologjike.<\/li>\n<\/ul>\n<h5><b>Specifikime Teknike<\/b><\/h5>\n<ul>\n<li class=\"p1\"><span class=\"s1\"><b>Dimensionet:<\/b><\/span> 1000 x 1200 x 140mm<\/li>\n<li class=\"p1\"><span class=\"s1\"><b>Pesha:<\/b><\/span> 6,85kg<\/li>\n<li class=\"p1\"><span class=\"s1\"><b>Materiali:<\/b><\/span> HDPE (material i ricikluar)<\/li>\n<li class=\"p1\"><b>Ngarkesa dinamike:<\/b><span class=\"s1\"> 250kg<\/span><\/li>\n<li class=\"p1\"><b>Ngarkes\u00eb statike:<\/b><span class=\"s1\"> 1000kg<\/span><\/li>\n<li class=\"p1\"><b>Paketimi:<\/b><span class=\"s1\"> 1 cop\u00eb<\/span><\/li>\n<\/ul>\n<h5><b>Aplikimet<\/b><\/h5>\n<ul>\n<li class=\"p1\">Eksporte dhe d\u00ebrgesa nj\u00ebp\u00ebrdorimshe<\/li>\n<li class=\"p1\">Logjistik\u00eb dhe shp\u00ebrndarje produktesh<\/li>\n<li class=\"p1\">Ruajtja e ushqimeve dhe mallrave t\u00eb konsumit<\/li>\n<li class=\"p1\">Produkte bujq\u00ebsore dhe aplikime t\u00eb p\u00ebrkohshme<\/li>\n<\/ul>\n<p>&nbsp;<\/p>\n","protected":false},"excerpt":{"rendered":"<p><strong>Kodi:<\/strong> P100120T<br \/>\n<strong>Materiali:<\/strong> HDPE (material i ricikluar)<br \/>\n<strong>P\u00ebrmasat:<\/strong> 1000 x 1200 x 140mm<br \/>\n<strong>Pesha:<\/strong> 6,85 kg<br \/>\n<strong>Ngarkesa dinamike:<\/strong> 250 kg<br \/>\n<strong>Ngarkesa statike:<\/strong> 1000 kg<br \/>\n<strong>Paketimi:<\/strong> 1 cop\u00eb<\/p>\n","protected":false},"featured_media":12521,"template":"","meta":[],"product_brand":[],"product_cat":[1370,1369],"product_tag":[],"class_list":{"0":"post-40053","1":"product","2":"type-product","3":"status-publish","4":"has-post-thumbnail","6":"product_cat-paleta-plastike","7":"product_cat-paleta","8":"ts_product_brand-kamasan","10":"first","11":"instock","12":"taxable","13":"shipping-taxable","14":"purchasable","15":"product-type-simple"},"aioseo_notices":[],"_links":{"self":[{"href":"https:\/\/packmarkt.com\/sq\/wp-json\/wp\/v2\/product\/40053","targetHints":{"allow":["GET"]}}],"collection":[{"href":"https:\/\/packmarkt.com\/sq\/wp-json\/wp\/v2\/product"}],"about":[{"href":"https:\/\/packmarkt.com\/sq\/wp-json\/wp\/v2\/types\/product"}],"wp:featuredmedia":[{"embeddable":true,"href":"https:\/\/packmarkt.com\/sq\/wp-json\/wp\/v2\/media\/12521"}],"wp:attachment":[{"href":"https:\/\/packmarkt.com\/sq\/wp-json\/wp\/v2\/media?parent=40053"}],"wp:term":[{"taxonomy":"product_brand","embeddable":true,"href":"https:\/\/packmarkt.com\/sq\/wp-json\/wp\/v2\/product_brand?post=40053"},{"taxonomy":"product_cat","embeddable":true,"href":"https:\/\/packmarkt.com\/sq\/wp-json\/wp\/v2\/product_cat?post=40053"},{"taxonomy":"product_tag","embeddable":true,"href":"https:\/\/packmarkt.com\/sq\/wp-json\/wp\/v2\/product_tag?post=40053"}],"curies":[{"name":"wp","href":"https:\/\/api.w.org\/{rel}","templated":true}]}}