{"id":40049,"date":"2025-10-10T11:59:47","date_gmt":"2025-10-10T08:59:47","guid":{"rendered":"https:\/\/packmarkt.com\/product\/arke-plastike-konike-e-shpuar-me-fund-te-mbyllur-425x655x390mm\/"},"modified":"2025-10-10T11:59:47","modified_gmt":"2025-10-10T08:59:47","slug":"arke-plastike-konike-e-shpuar-me-fund-te-mbyllur-425x655x390mm","status":"publish","type":"product","link":"https:\/\/packmarkt.com\/sq\/produkt\/arke-plastike-konike-e-shpuar-me-fund-te-mbyllur-425x655x390mm\/","title":{"rendered":"Ark\u00eb plastike konike e shpuar me fund t\u00eb mbyllur 425x655x390mm"},"content":{"rendered":"<p>Ark\u00eb plastike me vrima, me <strong>fund t\u00eb mbyllur<\/strong> dhe <strong>faqe t\u00eb shpuara<\/strong>, ideale p\u00ebr ruajtjen dhe transportin e sigurt t\u00eb produkteve q\u00eb k\u00ebrkojn\u00eb <strong>ajrosje<\/strong>, por edhe nj\u00eb <strong>baz\u00eb t\u00eb q\u00ebndrueshme dhe t\u00eb pap\u00ebrshkueshme nga uji<\/strong>. \u00cbsht\u00eb e palosshme dhe e futshme nj\u00ebra mbi tjetr\u00ebn, e p\u00ebrshtatshme p\u00ebr ruajtjen dhe transportin e sendeve n\u00eb mjedise t\u00eb ndryshme profesionale.<\/p>\n<p><strong>Vetit\u00eb dhe P\u00ebrfitimet<\/strong><\/p>\n<ul>\n<li><strong>An\u00eb t\u00eb shpuara<\/strong>: Sigurojn\u00eb qarkullim natyral t\u00eb ajrit, duke parandaluar lag\u00ebshtin\u00eb dhe duke ndihmuar n\u00eb ruajtjen e p\u00ebrmbajtjes.<\/li>\n<li><strong>Fund i mbyllur<\/strong>: Mbron nga rrjedhjet dhe mban materialet e vogla ose t\u00eb l\u00ebngshme n\u00eb m\u00ebnyr\u00eb t\u00eb sigurt.<\/li>\n<li><strong>E palosshme &amp; e futshme<\/strong>: Kursen hap\u00ebsir\u00eb n\u00eb magazinim dhe transport, duke reduktuar hap\u00ebsir\u00ebn e nevojshme kur nuk p\u00ebrdoret plot\u00ebsisht.<\/li>\n<li><strong>E q\u00ebndrueshme<\/strong>: I reziston p\u00ebrdorimit intensiv t\u00eb p\u00ebrditsh\u00ebm.<\/li>\n<li><strong>Leht\u00ebsisht e pastrueshme<\/strong>: Ideale p\u00ebr p\u00ebrdorim t\u00eb p\u00ebrs\u00ebritur n\u00eb mjedise k\u00ebrkuese.<\/li>\n<\/ul>\n<p><strong>Specifikime Teknike<\/strong><\/p>\n<ul>\n<li><strong>Dimensionet e jashtme<\/strong>: 425x655x390mm<\/li>\n<li><strong>Dimensionet e brendshme<\/strong>: 395x635x380mm<\/li>\n<li><strong>Pesha<\/strong>: 3,00kg<\/li>\n<li><strong>Ngjyra<\/strong>: blu, portokalli, jeshile<\/li>\n<\/ul>\n<p><strong>Aplikimet<\/strong><\/p>\n<ul>\n<li><strong>Magazina<\/strong> dhe <strong>punishte<\/strong><\/li>\n<li><strong>Dyqane<\/strong> dhe <strong>tregje ushqimore<\/strong><\/li>\n<li><strong>Laborator\u00eb<\/strong>, <strong>ferma bujq\u00ebsore dhe agrare<\/strong><\/li>\n<li>Raste kur k\u00ebrkohet <strong>ajrosje e mir\u00eb<\/strong> e p\u00ebrmbajtjes por edhe <strong>mbrojtje nga rrjedhjet<\/strong> n\u00eb fund<\/li>\n<\/ul>\n<p>&nbsp;<\/p>\n","protected":false},"excerpt":{"rendered":"<p><strong>Kodi:<\/strong> EKKA80<br \/>\n<strong>Dimensionet e jashtme: <\/strong>425x655x390mm<br \/>\n<strong>Dimensionet e brendshme: <\/strong>395x635x380mm<br \/>\n<strong>Pesha: <\/strong>3,00kg<br \/>\n<strong>Ngjyra: <\/strong>blu, portokalli, jeshile<br \/>\n<strong>Paketimi:<\/strong> 1 cop\u00eb<\/p>\n","protected":false},"featured_media":9613,"template":"","meta":[],"product_brand":[],"product_cat":[1326],"product_tag":[],"class_list":{"0":"post-40049","1":"product","2":"type-product","3":"status-publish","4":"has-post-thumbnail","6":"product_cat-kasa","7":"ts_product_brand-kamasan","9":"first","10":"instock","11":"taxable","12":"shipping-taxable","13":"purchasable","14":"product-type-simple"},"aioseo_notices":[],"_links":{"self":[{"href":"https:\/\/packmarkt.com\/sq\/wp-json\/wp\/v2\/product\/40049","targetHints":{"allow":["GET"]}}],"collection":[{"href":"https:\/\/packmarkt.com\/sq\/wp-json\/wp\/v2\/product"}],"about":[{"href":"https:\/\/packmarkt.com\/sq\/wp-json\/wp\/v2\/types\/product"}],"wp:featuredmedia":[{"embeddable":true,"href":"https:\/\/packmarkt.com\/sq\/wp-json\/wp\/v2\/media\/9613"}],"wp:attachment":[{"href":"https:\/\/packmarkt.com\/sq\/wp-json\/wp\/v2\/media?parent=40049"}],"wp:term":[{"taxonomy":"product_brand","embeddable":true,"href":"https:\/\/packmarkt.com\/sq\/wp-json\/wp\/v2\/product_brand?post=40049"},{"taxonomy":"product_cat","embeddable":true,"href":"https:\/\/packmarkt.com\/sq\/wp-json\/wp\/v2\/product_cat?post=40049"},{"taxonomy":"product_tag","embeddable":true,"href":"https:\/\/packmarkt.com\/sq\/wp-json\/wp\/v2\/product_tag?post=40049"}],"curies":[{"name":"wp","href":"https:\/\/api.w.org\/{rel}","templated":true}]}}