{"id":40034,"date":"2025-10-16T12:43:21","date_gmt":"2025-10-16T09:43:21","guid":{"rendered":"https:\/\/packmarkt.com\/product\/palete-plastike-e-mbyllur-per-ngarkesa-te-renda-me-rreshqites-600x800mm\/"},"modified":"2025-10-16T12:43:21","modified_gmt":"2025-10-16T09:43:21","slug":"palete-plastike-e-mbyllur-per-ngarkesa-te-renda-me-rreshqites-600x800mm","status":"publish","type":"product","link":"https:\/\/packmarkt.com\/sq\/produkt\/palete-plastike-e-mbyllur-per-ngarkesa-te-renda-me-rreshqites-600x800mm\/","title":{"rendered":"Palet\u00eb plastike e mbyllur p\u00ebr ngarkesa t\u00eb r\u00ebnda me rr\u00ebshqit\u00ebs 600x800mm"},"content":{"rendered":"<p class=\"p1\">Paleta p\u00ebr ngarkesa t\u00eb r\u00ebnda 600x800mm \u00ebsht\u00eb nj\u00eb zgjidhje jasht\u00ebzakonisht e q\u00ebndrueshme p\u00ebr aplikime t\u00eb k\u00ebrkuara transporti dhe magazinimi. E prodhuar nga material 100% i virgj\u00ebr polietilen me densitet t\u00eb lart\u00eb (HDPE), i stabilizuar ndaj rrezatimit UV, ajo ofron besueshm\u00ebri, jet\u00ebgjat\u00ebsi t\u00eb madhe dhe q\u00ebndrueshm\u00ebri superiore edhe n\u00eb kushte t\u00eb v\u00ebshtira. <\/p>\n<h5><b>Karakteristika &amp; P\u00ebrfitime<\/b><\/h5>\n<ul>\n<li class=\"p1\"><span class=\"s1\"><b>Konstruksion i r\u00ebnd\u00eb:<\/b><\/span> Ideale p\u00ebr p\u00ebrdorim intensiv dhe afatgjat\u00eb.<\/li>\n<li class=\"p1\"><span class=\"s1\"><b>Q\u00ebndrueshm\u00ebri e lart\u00eb:<\/b><\/span> Ngarkes\u00eb dinamike deri n\u00eb 500kg dhe statike deri n\u00eb 2000kg.<\/li>\n<li class=\"p1\"><span class=\"s1\"><b>Q\u00ebndrueshm\u00ebri ndaj kushteve:<\/b><\/span> Stabilizim ndaj rrezeve UV p\u00ebr p\u00ebrdorim n\u00eb ambiente t\u00eb jashtme.<\/li>\n<li class=\"p1\"><span class=\"s1\"><b>Struktur\u00eb e fort\u00eb:<\/b><\/span> Pesha 5,46kg siguron stabilitet superior.<\/li>\n<li class=\"p1\"><span class=\"s1\"><b>HDPE i virgj\u00ebr:<\/b><\/span> Rezistent ndaj kimikateve, lag\u00ebshtis\u00eb dhe stresit mekanik.<\/li>\n<\/ul>\n<h5><b>Specifikime Teknike<\/b><\/h5>\n<ul>\n<li class=\"p1\"><span class=\"s1\"><b>P\u00ebrmasat:<\/b><\/span> 600 x 800 x 150mm<\/li>\n<li class=\"p1\"><span class=\"s1\"><b>Pesha:<\/b><\/span> 5,46kg<\/li>\n<li class=\"p1\"><span class=\"s1\"><b>Materiali:<\/b><\/span> 100% HDPE i virgj\u00ebr, i stabilizuar ndaj UV<\/li>\n<li class=\"p1\"><b>Ngarkes\u00eb dinamike:<\/b><span class=\"s1\"> 500kg<\/span><\/li>\n<li class=\"p1\"><b>Ngarkes\u00eb statike:<\/b><span class=\"s1\"> 2000kg<\/span><\/li>\n<li class=\"p1\"><b>Paketimi:<\/b><span class=\"s1\"> 1 cop\u00eb<\/span><\/li>\n<\/ul>\n<h5><b>Aplikimet<\/b><\/h5>\n<ul>\n<li class=\"p1\">Industrit\u00eb e ushqimit, pijeve dhe farmaceutike<\/li>\n<li class=\"p1\">Industrit\u00eb kimike dhe artizanati i r\u00ebnd\u00eb<\/li>\n<li class=\"p1\">Qendra logjistike dhe magazina<\/li>\n<li class=\"p1\">Zinxhir\u00eb supermarketesh dhe kooperativa bujq\u00ebsore<\/li>\n<\/ul>\n<p>&nbsp;<\/p>\n","protected":false},"excerpt":{"rendered":"<p><strong>Kodi:<\/strong> KMSP6080K<br \/>\n<strong>Materiali:<\/strong> 100% material i virgj\u00ebr dhe i stabilizuar ndaj rrezatimit UV<br \/>\n<strong>Dimensionet:<\/strong> 600 x 800 x 150mm<br \/>\n<strong>Pesha:<\/strong> 5,46kg<br \/>\n<strong>Ngarkesa dinamike:<\/strong> 500kg<br \/>\n<strong>Ngarkesa statike:<\/strong> 2000kg<br \/>\n<strong>Paketimi:<\/strong> 1 cop\u00eb<\/p>\n","protected":false},"featured_media":43027,"template":"","meta":[],"product_brand":[],"product_cat":[1370,1369],"product_tag":[],"class_list":{"0":"post-40034","1":"product","2":"type-product","3":"status-publish","4":"has-post-thumbnail","6":"product_cat-paleta-plastike","7":"product_cat-paleta","8":"ts_product_brand-kamasan","10":"first","11":"instock","12":"taxable","13":"shipping-taxable","14":"purchasable","15":"product-type-simple"},"aioseo_notices":[],"_links":{"self":[{"href":"https:\/\/packmarkt.com\/sq\/wp-json\/wp\/v2\/product\/40034","targetHints":{"allow":["GET"]}}],"collection":[{"href":"https:\/\/packmarkt.com\/sq\/wp-json\/wp\/v2\/product"}],"about":[{"href":"https:\/\/packmarkt.com\/sq\/wp-json\/wp\/v2\/types\/product"}],"wp:featuredmedia":[{"embeddable":true,"href":"https:\/\/packmarkt.com\/sq\/wp-json\/wp\/v2\/media\/43027"}],"wp:attachment":[{"href":"https:\/\/packmarkt.com\/sq\/wp-json\/wp\/v2\/media?parent=40034"}],"wp:term":[{"taxonomy":"product_brand","embeddable":true,"href":"https:\/\/packmarkt.com\/sq\/wp-json\/wp\/v2\/product_brand?post=40034"},{"taxonomy":"product_cat","embeddable":true,"href":"https:\/\/packmarkt.com\/sq\/wp-json\/wp\/v2\/product_cat?post=40034"},{"taxonomy":"product_tag","embeddable":true,"href":"https:\/\/packmarkt.com\/sq\/wp-json\/wp\/v2\/product_tag?post=40034"}],"curies":[{"name":"wp","href":"https:\/\/api.w.org\/{rel}","templated":true}]}}