{"id":39795,"date":"2025-10-31T16:40:41","date_gmt":"2025-10-31T13:40:41","guid":{"rendered":"https:\/\/packmarkt.com\/product\/karroce-per-af150\/"},"modified":"2025-10-31T16:40:41","modified_gmt":"2025-10-31T13:40:41","slug":"karroce-per-af150","status":"publish","type":"product","link":"https:\/\/packmarkt.com\/sq\/produkt\/karroce-per-af150\/","title":{"rendered":"Karroc\u00eb p\u00ebr AF150"},"content":{"rendered":"<p>Karroca e transportit \u00ebsht\u00eb projektuar p\u00ebr t\u00eb leht\u00ebsuar transportin dhe l\u00ebvizjen e <strong data-start=\"333\" data-end=\"342\">AF150 <\/strong>dhe <strong data-start=\"344\" data-end=\"372\">AF150 (me ngrohje)<\/strong>, duke ofruar stabilitet maksimal, siguri dhe leht\u00ebsi n\u00eb p\u00ebrdorim. Konstruksioni i tij i q\u00ebndruesh\u00ebm prej polietileni e b\u00ebn at\u00eb ideal p\u00ebr p\u00ebrdorim intensiv dhe profesional. <\/p>\n<p><strong>Karakteristikat &amp; P\u00ebrfitimet:<\/strong><\/p>\n<ul>\n<li><strong data-start=\"603\" data-end=\"627\">Konstruksion i Q\u00ebndruesh\u00ebm:<\/strong> Trupi prej polietileni (PE) me rezistenc\u00eb t\u00eb lart\u00eb, i p\u00ebrshtatsh\u00ebm p\u00ebr ambiente profesionale dhe p\u00ebrdorim t\u00eb shpesht\u00eb.<\/li>\n<li><strong data-start=\"734\" data-end=\"761\">L\u00ebvizje e Qet\u00eb &amp; e Sigurt:<\/strong> Rrota t\u00eb q\u00ebndrueshme q\u00eb sigurojn\u00eb stabilitet dhe rrotullim t\u00eb qet\u00eb n\u00eb sip\u00ebrfaqe t\u00eb ndryshme.<\/li>\n<li><strong data-start=\"853\" data-end=\"876\" data-is-only-node=\"\">Fleksibilitet &amp; Kontroll:<\/strong> Rregullim i posa\u00e7\u00ebm i rrotave p\u00ebr manovrim t\u00eb rehatsh\u00ebm dhe kontroll absolut gjat\u00eb ngarkimit dhe shkarkimit.<\/li>\n<li><strong data-start=\"971\" data-end=\"995\">Stabilitet Maksimal:<\/strong> Mban orientimin gjat\u00eb transportit dhe ofron l\u00ebvizje t\u00eb sigurt t\u00eb en\u00ebve t\u00eb r\u00ebnda.<\/li>\n<\/ul>\n<p><strong>Specifikime Teknike:<\/strong><\/p>\n<ul>\n<li><strong data-start=\"1124\" data-end=\"1139\">Dimensionet:<\/strong> 625 \u00d7 845 \u00d7 210 mm<\/li>\n<li><strong data-start=\"1163\" data-end=\"1184\">Materiali i Konstruksionit:<\/strong> Polietilen (PE) me rezistenc\u00eb t\u00eb lart\u00eb<\/li>\n<li><strong data-start=\"1223\" data-end=\"1233\" data-is-only-node=\"\">Rrotat:<\/strong> 4 gjithsej, diamet\u00ebr 125 mm<\/li>\n<li><strong data-start=\"1267\" data-end=\"1288\">Konfigurimi i Rrotave:<\/strong><br data-start=\"1288\" data-end=\"1291\"> \u2013 2 rrota fikse p\u00ebr mbajtjen e drejtimit<br data-start=\"1336\" data-end=\"1339\"> \u2013 1 rrot\u00eb rrotulluese p\u00ebr leht\u00ebsi manovrimi<br data-start=\"1385\" data-end=\"1388\"> \u2013 1 rrot\u00eb rrotulluese me fren\u00eb p\u00ebr ndales\u00eb dhe kontroll t\u00eb sigurt<\/li>\n<li><strong data-start=\"1454\" data-end=\"1472\">P\u00ebrputhet me:<\/strong> AF150, AF150 (me ngrohje)<\/li>\n<\/ul>\n","protected":false},"excerpt":{"rendered":"<p><strong>Kodi:<\/strong> TROLLEY AF150<br \/>\n<strong data-start=\"1124\" data-end=\"1139\">Dimensionet:<\/strong> 625 \u00d7 845 \u00d7 210 mm<br \/>\n<strong data-start=\"1163\" data-end=\"1184\">Materiali i Konstruksionit:<\/strong> Polietilen (PE) me rezistenc\u00eb t\u00eb lart\u00eb<br \/>\n<strong data-start=\"1223\" data-end=\"1233\" data-is-only-node=\"\">Rrotat:<\/strong> 4 gjithsej, diamet\u00ebr 125 mm<br \/>\n<strong data-start=\"1267\" data-end=\"1288\">Konfigurimi i Rrotave:<\/strong><br data-start=\"1288\" data-end=\"1291\"> \u2013 2 rrota fikse p\u00ebr mbajtjen e drejtimit<br data-start=\"1336\" data-end=\"1339\"> \u2013 1 rrot\u00eb rrotulluese p\u00ebr leht\u00ebsi manovrimi<br data-start=\"1385\" data-end=\"1388\"> \u2013 1 rrot\u00eb rrotulluese me fren\u00eb p\u00ebr ndales\u00eb dhe kontroll t\u00eb sigurt<br \/>\n<strong data-start=\"1454\" data-end=\"1472\">P\u00ebrputhet me:<\/strong> AF150, AF150 (me ngrohje)<\/p>\n","protected":false},"featured_media":9945,"template":"","meta":[],"product_brand":[],"product_cat":[1381],"product_tag":[],"class_list":{"0":"post-39795","1":"product","2":"type-product","3":"status-publish","4":"has-post-thumbnail","6":"product_cat-konteinere-izotermike","7":"ts_product_brand-melform","9":"first","10":"instock","11":"taxable","12":"shipping-taxable","13":"purchasable","14":"product-type-simple"},"aioseo_notices":[],"_links":{"self":[{"href":"https:\/\/packmarkt.com\/sq\/wp-json\/wp\/v2\/product\/39795","targetHints":{"allow":["GET"]}}],"collection":[{"href":"https:\/\/packmarkt.com\/sq\/wp-json\/wp\/v2\/product"}],"about":[{"href":"https:\/\/packmarkt.com\/sq\/wp-json\/wp\/v2\/types\/product"}],"wp:featuredmedia":[{"embeddable":true,"href":"https:\/\/packmarkt.com\/sq\/wp-json\/wp\/v2\/media\/9945"}],"wp:attachment":[{"href":"https:\/\/packmarkt.com\/sq\/wp-json\/wp\/v2\/media?parent=39795"}],"wp:term":[{"taxonomy":"product_brand","embeddable":true,"href":"https:\/\/packmarkt.com\/sq\/wp-json\/wp\/v2\/product_brand?post=39795"},{"taxonomy":"product_cat","embeddable":true,"href":"https:\/\/packmarkt.com\/sq\/wp-json\/wp\/v2\/product_cat?post=39795"},{"taxonomy":"product_tag","embeddable":true,"href":"https:\/\/packmarkt.com\/sq\/wp-json\/wp\/v2\/product_tag?post=39795"}],"curies":[{"name":"wp","href":"https:\/\/api.w.org\/{rel}","templated":true}]}}