{"id":39784,"date":"2025-11-07T13:44:13","date_gmt":"2025-11-07T10:44:13","guid":{"rendered":"https:\/\/packmarkt.com\/product\/kapak-per-palete-kontejner-800x1200mm\/"},"modified":"2025-11-07T13:44:13","modified_gmt":"2025-11-07T10:44:13","slug":"kapak-per-palete-kontejner-800x1200mm","status":"publish","type":"product","link":"https:\/\/packmarkt.com\/sq\/produkt\/kapak-per-palete-kontejner-800x1200mm\/","title":{"rendered":"Kapak p\u00ebr palet\u00eb-kontejner 800x1200mm"},"content":{"rendered":"<p data-start=\"263\" data-end=\"657\">Kapaku p\u00ebr palet\u00eb-kontejner me dimensione 800x1200mm \u00ebsht\u00eb i pajtuesh\u00ebm me palet\u00eb-kontejner\u00ebt e seris\u00eb TEK5600 dhe p\u00ebrb\u00ebn zgjidhjen ideale p\u00ebr mbrojtjen e plot\u00eb t\u00eb p\u00ebrmbajtjes nga faktor\u00ebt e jasht\u00ebm, si pluhuri, lag\u00ebshtia dhe derdhjet. \u00cbsht\u00eb prodhuar nga plastik\u00eb e q\u00ebndrueshme, me cil\u00ebsi t\u00eb lart\u00eb dhe \u00ebsht\u00eb projektuar p\u00ebr t&#8217;u p\u00ebrshtatur n\u00eb m\u00ebnyr\u00eb perfekte me palet\u00eb-kontejnerin, duke ofruar nj\u00eb mbyllje t\u00eb sigurt dhe t\u00eb q\u00ebndrueshme gjat\u00eb transportit ose ruajtjes. <\/p>\n<p data-start=\"659\" data-end=\"981\">Dizajni i tij i p\u00ebrforcuar siguron rezistenc\u00eb t\u00eb lart\u00eb ndaj ngarkesave mekanike dhe p\u00ebrdorimit intensiv t\u00eb p\u00ebrditsh\u00ebm, duke ruajtur stabilitetin e tij edhe n\u00eb mjedise k\u00ebrkuese. \u00cbsht\u00eb i p\u00ebrshtatsh\u00ebm p\u00ebr aplikime profesionale n\u00eb magazina, kantiere nd\u00ebrtimi, punishte, pun\u00eb bujq\u00ebsore dhe mjedise t\u00eb tjera industriale ose tregtare. <\/p>\n<p data-start=\"983\" data-end=\"1139\">\n","protected":false},"excerpt":{"rendered":"<p><strong>Kodi:<\/strong> TK12081<br \/>\n<strong>Dimensionet:<\/strong> 810x1185x50mm<br \/>\n<strong>Pesha:<\/strong> 4,25kg<br \/>\n<strong>Ngjyra:<\/strong> gri<br \/>\n<strong>Palet\u00eb-kontejner i pajtuesh\u00ebm:<\/strong> TEK5600<br \/>\n<strong>Paketimi:<\/strong> 1 cop\u00eb<\/p>\n","protected":false},"featured_media":10492,"template":"","meta":[],"product_brand":[],"product_cat":[1360],"product_tag":[],"class_list":{"0":"post-39784","1":"product","2":"type-product","3":"status-publish","4":"has-post-thumbnail","6":"product_cat-kutia-per-paleta","8":"first","9":"instock","10":"taxable","11":"shipping-taxable","12":"purchasable","13":"product-type-simple"},"aioseo_notices":[],"_links":{"self":[{"href":"https:\/\/packmarkt.com\/sq\/wp-json\/wp\/v2\/product\/39784","targetHints":{"allow":["GET"]}}],"collection":[{"href":"https:\/\/packmarkt.com\/sq\/wp-json\/wp\/v2\/product"}],"about":[{"href":"https:\/\/packmarkt.com\/sq\/wp-json\/wp\/v2\/types\/product"}],"wp:featuredmedia":[{"embeddable":true,"href":"https:\/\/packmarkt.com\/sq\/wp-json\/wp\/v2\/media\/10492"}],"wp:attachment":[{"href":"https:\/\/packmarkt.com\/sq\/wp-json\/wp\/v2\/media?parent=39784"}],"wp:term":[{"taxonomy":"product_brand","embeddable":true,"href":"https:\/\/packmarkt.com\/sq\/wp-json\/wp\/v2\/product_brand?post=39784"},{"taxonomy":"product_cat","embeddable":true,"href":"https:\/\/packmarkt.com\/sq\/wp-json\/wp\/v2\/product_cat?post=39784"},{"taxonomy":"product_tag","embeddable":true,"href":"https:\/\/packmarkt.com\/sq\/wp-json\/wp\/v2\/product_tag?post=39784"}],"curies":[{"name":"wp","href":"https:\/\/api.w.org\/{rel}","templated":true}]}}