{"id":39778,"date":"2025-11-10T12:06:41","date_gmt":"2025-11-10T09:06:41","guid":{"rendered":"https:\/\/packmarkt.com\/product\/kuti-plastike-konike-me-kapak-400x600x250mm\/"},"modified":"2025-11-10T12:06:41","modified_gmt":"2025-11-10T09:06:41","slug":"kuti-plastike-konike-me-kapak-400x600x250mm","status":"publish","type":"product","link":"https:\/\/packmarkt.com\/sq\/produkt\/kuti-plastike-konike-me-kapak-400x600x250mm\/","title":{"rendered":"Kuti plastike konike me kapak 400x600x250mm"},"content":{"rendered":"<p><strong>Kutia plastike konike e magazinimit me kapak t\u00eb integruar <\/strong>ofron ruajtje praktike dhe t\u00eb sigurt t\u00eb produkteve. \u00cbsht\u00eb ergonomike, e q\u00ebndrueshme dhe e p\u00ebrshtatshme p\u00ebr t\u00eb gjitha p\u00ebrdorimet profesionale, duke siguruar mbrojtje nga pluhuri, lag\u00ebshtia dhe faktor\u00ebt e jasht\u00ebm. <\/p>\n<p><strong>Karakteristika &amp; P\u00ebrfitime:<\/strong><\/p>\n<ul>\n<li><strong>Tip i mbyllur<\/strong>: Mbrojtje nga pluhuri, lag\u00ebshtia dhe rrjedhjet.<\/li>\n<li><strong>Konstruksion i fort\u00eb<\/strong>: I reziston p\u00ebrdorimit intensiv t\u00eb p\u00ebrditsh\u00ebm dhe ngarkesave t\u00eb r\u00ebnda.<\/li>\n<li><strong data-start=\"466\" data-end=\"483\">E grumbullueshme:<\/strong> Grumbullohet n\u00eb m\u00ebnyr\u00eb t\u00eb sigurt kur \u00ebsht\u00eb plot, duke siguruar transport t\u00eb q\u00ebndruesh\u00ebm dhe t\u00eb sigurt.<\/li>\n<li><strong>Kapak i integruar:<\/strong> Mbrojtje e p\u00ebrmbajtjes dhe transport i leht\u00eb<\/li>\n<li><strong>Pastrim i leht\u00eb<\/strong>: Ideale p\u00ebr p\u00ebrdorim n\u00eb mjedise me k\u00ebrkesa t\u00eb larta higjienike.<\/li>\n<\/ul>\n<p><strong>Specifikime Teknike:<\/strong><\/p>\n<ul>\n<li><strong>Dimensionet e Jashtme<\/strong>: 400x600x250mm<\/li>\n<li><strong>Ngjyrat<\/strong>: gri, e kuqe, e verdh\u00eb, jeshile, blu<\/li>\n<\/ul>\n<p><strong>Aplikime:<\/strong><\/p>\n<ul>\n<li><strong>Magazina<\/strong> dhe <strong>logjistik\u00eb<\/strong><\/li>\n<li><strong>Pun\u00ebtori<\/strong> dhe <strong>profesione teknike<\/strong><\/li>\n<li><strong>Kantiere nd\u00ebrtimi<\/strong> dhe <strong>kompani nd\u00ebrtimi<\/strong><\/li>\n<li><strong>Puna bujq\u00ebsore<\/strong> dhe <strong>agrikulturore<\/strong><\/li>\n<li><strong>Dyqane <\/strong>dhe<strong> artizanate<\/strong><\/li>\n<li><strong>P\u00ebrdorim sht\u00ebpiak<\/strong> p\u00ebr ruajtje t\u00eb organizuar t\u00eb veglave ose sendeve<\/li>\n<\/ul>\n","protected":false},"excerpt":{"rendered":"<p><strong>Kodi:<\/strong> KNKD6025<br \/>\n<strong>Dimensionet e jashtme: <\/strong>400x600x250mm<br \/>\n<strong>Ngjyra: <\/strong>gri, e kuqe, e verdh\u00eb, jeshile, blu<br \/>\n<strong>Paketimi:<\/strong> 1 cop\u00eb<\/p>\n","protected":false},"featured_media":10727,"template":"","meta":[],"product_brand":[],"product_cat":[1862,1326],"product_tag":[],"class_list":{"0":"post-39778","1":"product","2":"type-product","3":"status-publish","4":"has-post-thumbnail","6":"product_cat-kutia-plastike","7":"product_cat-kasa","8":"ts_product_brand-kayalar","10":"first","11":"instock","12":"taxable","13":"shipping-taxable","14":"purchasable","15":"product-type-simple"},"aioseo_notices":[],"_links":{"self":[{"href":"https:\/\/packmarkt.com\/sq\/wp-json\/wp\/v2\/product\/39778","targetHints":{"allow":["GET"]}}],"collection":[{"href":"https:\/\/packmarkt.com\/sq\/wp-json\/wp\/v2\/product"}],"about":[{"href":"https:\/\/packmarkt.com\/sq\/wp-json\/wp\/v2\/types\/product"}],"wp:featuredmedia":[{"embeddable":true,"href":"https:\/\/packmarkt.com\/sq\/wp-json\/wp\/v2\/media\/10727"}],"wp:attachment":[{"href":"https:\/\/packmarkt.com\/sq\/wp-json\/wp\/v2\/media?parent=39778"}],"wp:term":[{"taxonomy":"product_brand","embeddable":true,"href":"https:\/\/packmarkt.com\/sq\/wp-json\/wp\/v2\/product_brand?post=39778"},{"taxonomy":"product_cat","embeddable":true,"href":"https:\/\/packmarkt.com\/sq\/wp-json\/wp\/v2\/product_cat?post=39778"},{"taxonomy":"product_tag","embeddable":true,"href":"https:\/\/packmarkt.com\/sq\/wp-json\/wp\/v2\/product_tag?post=39778"}],"curies":[{"name":"wp","href":"https:\/\/api.w.org\/{rel}","templated":true}]}}