{"id":39768,"date":"2025-11-11T14:50:33","date_gmt":"2025-11-11T11:50:33","guid":{"rendered":"https:\/\/packmarkt.com\/product\/kuti-plastike-peshku-e-shpuar-400x600x170mm\/"},"modified":"2025-11-11T14:50:33","modified_gmt":"2025-11-11T11:50:33","slug":"kuti-plastike-peshku-e-shpuar-400x600x170mm","status":"publish","type":"product","link":"https:\/\/packmarkt.com\/sq\/produkt\/kuti-plastike-peshku-e-shpuar-400x600x170mm\/","title":{"rendered":"Kuti plastike peshku e shpuar 400x600x170mm"},"content":{"rendered":"<p><strong>Kuti plastike e shpuar p\u00ebr peshk<\/strong>, ideale p\u00ebr ruajtjen dhe transportin e produkteve q\u00eb k\u00ebrkojn\u00eb <strong data-start=\"500\" data-end=\"533\">ajrosje dhe kullim t\u00eb mir\u00eb<\/strong>. Dizajni i saj inteligjent lejon <strong>grumbullim dhe vendosje t\u00eb leht\u00eb brenda nj\u00ebra-tjetr\u00ebs (stack &amp; nest)<\/strong>, duke ofruar <strong>kursim maksimal hap\u00ebsire<\/strong> dhe <strong>transport t\u00eb sigurt<\/strong>.<\/p>\n<p><strong>Karakteristika &amp; P\u00ebrfitime:<\/strong><\/p>\n<ul>\n<li><strong data-start=\"1108\" data-end=\"1133\">Dizajn i shpuar:<\/strong> Ajrosje dhe kullim i shk\u00eblqyer p\u00ebr peshkun e fresk\u00ebt.<\/li>\n<li><strong>Konstruksion i fort\u00eb<\/strong>: I reziston p\u00ebrdorimit intensiv t\u00eb p\u00ebrditsh\u00ebm.<\/li>\n<li><strong data-start=\"466\" data-end=\"483\">E grumbullueshme:<\/strong> Grumbullohet n\u00eb m\u00ebnyr\u00eb t\u00eb sigurt kur \u00ebsht\u00eb plot, duke siguruar transport t\u00eb q\u00ebndruesh\u00ebm dhe t\u00eb sigurt.<\/li>\n<li><strong>Pastrim i leht\u00eb<\/strong>: Ideale p\u00ebr p\u00ebrdorim n\u00eb mjedise me k\u00ebrkesa t\u00eb larta higjienike.<\/li>\n<\/ul>\n<p><strong>Specifikime Teknike:<\/strong><\/p>\n<ul>\n<li><strong>Dimensionet e Jashtme<\/strong>: 400x600x170mm<\/li>\n<li><strong>Pesha: <\/strong>1,60kg<\/li>\n<li><strong>Ngjyrat<\/strong>: gri, e kuqe, e verdh\u00eb, jeshile, blu<\/li>\n<\/ul>\n<p><strong>Aplikime:<\/strong><\/p>\n<ul>\n<li><strong>Ambiente profesionale<\/strong> si peshkatore, tregje peshku, magazina.<\/li>\n<li>Transporti dhe ruajtja e peshkut t\u00eb fresk\u00ebt n\u00eb <strong data-start=\"371\" data-end=\"401\">ferma peshku dhe tregje peshku<\/strong><\/li>\n<li>Ambiente profesionale dhe impiante p\u00ebrpunimi peshku ku k\u00ebrkohet ventilim i duhur dhe higjien\u00eb strikte.<\/li>\n<\/ul>\n","protected":false},"excerpt":{"rendered":"<p><strong>Kodi:<\/strong> KSKBA<br \/>\n<strong>Dimensionet e jashtme: <\/strong>400x600x170mm<br \/>\n<strong>Pesha: <\/strong>1,60kg<br \/>\n<strong>Ngjyra: <\/strong>gri, e kuqe, e verdh\u00eb, jeshile, blu<br \/>\n<strong>Paketimi:<\/strong> 1 cop\u00eb<\/p>\n","protected":false},"featured_media":11008,"template":"","meta":[],"product_brand":[],"product_cat":[1326],"product_tag":[],"class_list":{"0":"post-39768","1":"product","2":"type-product","3":"status-publish","4":"has-post-thumbnail","6":"product_cat-kasa","7":"ts_product_brand-kayalar","9":"first","10":"instock","11":"taxable","12":"shipping-taxable","13":"product-type-simple"},"aioseo_notices":[],"_links":{"self":[{"href":"https:\/\/packmarkt.com\/sq\/wp-json\/wp\/v2\/product\/39768","targetHints":{"allow":["GET"]}}],"collection":[{"href":"https:\/\/packmarkt.com\/sq\/wp-json\/wp\/v2\/product"}],"about":[{"href":"https:\/\/packmarkt.com\/sq\/wp-json\/wp\/v2\/types\/product"}],"wp:featuredmedia":[{"embeddable":true,"href":"https:\/\/packmarkt.com\/sq\/wp-json\/wp\/v2\/media\/11008"}],"wp:attachment":[{"href":"https:\/\/packmarkt.com\/sq\/wp-json\/wp\/v2\/media?parent=39768"}],"wp:term":[{"taxonomy":"product_brand","embeddable":true,"href":"https:\/\/packmarkt.com\/sq\/wp-json\/wp\/v2\/product_brand?post=39768"},{"taxonomy":"product_cat","embeddable":true,"href":"https:\/\/packmarkt.com\/sq\/wp-json\/wp\/v2\/product_cat?post=39768"},{"taxonomy":"product_tag","embeddable":true,"href":"https:\/\/packmarkt.com\/sq\/wp-json\/wp\/v2\/product_tag?post=39768"}],"curies":[{"name":"wp","href":"https:\/\/api.w.org\/{rel}","templated":true}]}}