{"id":39606,"date":"2025-09-15T15:38:06","date_gmt":"2025-09-15T12:38:06","guid":{"rendered":"https:\/\/packmarkt.com\/product\/tinaja-ene\/"},"modified":"2025-09-15T15:38:06","modified_gmt":"2025-09-15T12:38:06","slug":"tinaja-ene","status":"publish","type":"product","link":"https:\/\/packmarkt.com\/sq\/produkt\/tinaja-ene\/","title":{"rendered":"Tinaja en\u00eb"},"content":{"rendered":"<p>Nj\u00eb en\u00eb q\u00eb kujton linjat elegante dhe t\u00eb rafinuara t\u00eb amforave t\u00eb lashta spanjolle.<br \/>\n<u>Aksesor\u00eb shoq\u00ebrues<\/u><br \/>\nKapak balte me vida flutur: \u00d8 58cm<br \/>\nKapak hermetik \u00e7elik inoks me vida flutur: \u00d8 58cm<br \/>\nKapak \u00e7elik inoks: \u00d8 58cm<br \/>\nSistem mbylljeje \u00e7elik inoks: \u00d8 58cm<br \/>\nMbush\u00ebs qelqi: 33cm \/ 48cm<br \/>\nRubinet shp\u00ebrndarjeje vere \u00e7elik inoks: 8 (L) x 6 (G) cm<br \/>\nRubinet \u00e7elik inoks p\u00ebr kullim t\u00eb pjessh\u00ebm dhe total: 18,5 (L) x 10 (G) cm<\/p>\n","protected":false},"excerpt":{"rendered":"<p><strong>Kapaciteti: <\/strong> 400L<br \/>\n<strong>Lart\u00ebsia:<\/strong> 140cm<br \/>\n<strong>Diametri:<\/strong> \u00d8 95cm<\/p>\n","protected":false},"featured_media":8230,"template":"","meta":[],"product_brand":[],"product_cat":[1859],"product_tag":[],"class_list":{"0":"post-39606","1":"product","2":"type-product","3":"status-publish","4":"has-post-thumbnail","6":"product_cat-rezervuare-prej-balte","7":"ts_product_brand-terrakote","9":"first","10":"instock","11":"taxable","12":"shipping-taxable","13":"product-type-simple"},"aioseo_notices":[],"_links":{"self":[{"href":"https:\/\/packmarkt.com\/sq\/wp-json\/wp\/v2\/product\/39606","targetHints":{"allow":["GET"]}}],"collection":[{"href":"https:\/\/packmarkt.com\/sq\/wp-json\/wp\/v2\/product"}],"about":[{"href":"https:\/\/packmarkt.com\/sq\/wp-json\/wp\/v2\/types\/product"}],"wp:featuredmedia":[{"embeddable":true,"href":"https:\/\/packmarkt.com\/sq\/wp-json\/wp\/v2\/media\/8230"}],"wp:attachment":[{"href":"https:\/\/packmarkt.com\/sq\/wp-json\/wp\/v2\/media?parent=39606"}],"wp:term":[{"taxonomy":"product_brand","embeddable":true,"href":"https:\/\/packmarkt.com\/sq\/wp-json\/wp\/v2\/product_brand?post=39606"},{"taxonomy":"product_cat","embeddable":true,"href":"https:\/\/packmarkt.com\/sq\/wp-json\/wp\/v2\/product_cat?post=39606"},{"taxonomy":"product_tag","embeddable":true,"href":"https:\/\/packmarkt.com\/sq\/wp-json\/wp\/v2\/product_tag?post=39606"}],"curies":[{"name":"wp","href":"https:\/\/api.w.org\/{rel}","templated":true}]}}