{"id":39563,"date":"2025-09-15T15:36:04","date_gmt":"2025-09-15T12:36:04","guid":{"rendered":"https:\/\/packmarkt.com\/product\/ene-portugeze\/"},"modified":"2025-09-15T15:36:04","modified_gmt":"2025-09-15T12:36:04","slug":"ene-portugeze","status":"publish","type":"product","link":"https:\/\/packmarkt.com\/sq\/produkt\/ene-portugeze\/","title":{"rendered":"En\u00eb portugeze"},"content":{"rendered":"<p>Me dizajn vendimtar dhe t\u00eb guximsh\u00ebm, ena portugeze me format e saj mbres\u00ebl\u00ebn\u00ebse kujton talhat origjinale portugeze, t\u00eb cilat jan\u00eb t\u00eb m\u00ebdha n\u00eb madh\u00ebsi dhe ndryshojn\u00eb n\u00eb form\u00eb.<br \/>\n<u>Aksesor\u00eb shoq\u00ebrues<\/u><br \/>\nKapak balte me vida flutur: \u00d8 58 cm<br \/>\nKapak hermetik \u00e7elik inoks me vida flutur: \u00d8 58 cm<br \/>\nKapak \u00e7elik inoks: \u00d8 58 cm<br \/>\nSistem mbylljeje \u00e7elik inoks: \u00d8 58 cm<br \/>\nMbush\u00ebs qelqi: 48 cm<br \/>\nRubinet shp\u00ebrndarjeje vere \u00e7elik inoks: 8 (H) x 6 (Gj) cm<br \/>\nRubinet \u00e7elik inoks p\u00ebr kullim t\u00eb pjessh\u00ebm dhe t\u00eb plot\u00eb: 18,5 (H) x 10 (Gj) cm<\/p>\n","protected":false},"excerpt":{"rendered":"<p><strong>Kapaciteti: <\/strong> 900 L<br \/>\n<strong>Lart\u00ebsia:<\/strong> 143 cm<br \/>\n<strong>Diametri:<\/strong> \u00d8 115 cm<\/p>\n","protected":false},"featured_media":8220,"template":"","meta":[],"product_brand":[],"product_cat":[1859],"product_tag":[],"class_list":{"0":"post-39563","1":"product","2":"type-product","3":"status-publish","4":"has-post-thumbnail","6":"product_cat-rezervuare-prej-balte","7":"ts_product_brand-terrakote","9":"first","10":"instock","11":"taxable","12":"shipping-taxable","13":"product-type-simple"},"aioseo_notices":[],"_links":{"self":[{"href":"https:\/\/packmarkt.com\/sq\/wp-json\/wp\/v2\/product\/39563","targetHints":{"allow":["GET"]}}],"collection":[{"href":"https:\/\/packmarkt.com\/sq\/wp-json\/wp\/v2\/product"}],"about":[{"href":"https:\/\/packmarkt.com\/sq\/wp-json\/wp\/v2\/types\/product"}],"wp:featuredmedia":[{"embeddable":true,"href":"https:\/\/packmarkt.com\/sq\/wp-json\/wp\/v2\/media\/8220"}],"wp:attachment":[{"href":"https:\/\/packmarkt.com\/sq\/wp-json\/wp\/v2\/media?parent=39563"}],"wp:term":[{"taxonomy":"product_brand","embeddable":true,"href":"https:\/\/packmarkt.com\/sq\/wp-json\/wp\/v2\/product_brand?post=39563"},{"taxonomy":"product_cat","embeddable":true,"href":"https:\/\/packmarkt.com\/sq\/wp-json\/wp\/v2\/product_cat?post=39563"},{"taxonomy":"product_tag","embeddable":true,"href":"https:\/\/packmarkt.com\/sq\/wp-json\/wp\/v2\/product_tag?post=39563"}],"curies":[{"name":"wp","href":"https:\/\/api.w.org\/{rel}","templated":true}]}}