{"id":39533,"date":"2025-09-16T14:29:39","date_gmt":"2025-09-16T11:29:39","guid":{"rendered":"https:\/\/packmarkt.com\/product\/kuti-palete-e-mbyllur-me-2-patina-525l-800x1200x800mm\/"},"modified":"2025-09-16T14:29:39","modified_gmt":"2025-09-16T11:29:39","slug":"kuti-palete-e-mbyllur-me-2-patina-525l-800x1200x800mm","status":"publish","type":"product","link":"https:\/\/packmarkt.com\/sq\/produkt\/kuti-palete-e-mbyllur-me-2-patina-525l-800x1200x800mm\/","title":{"rendered":"Kuti palete e mbyllur me 2 patina 525L 800x1200x800mm"},"content":{"rendered":"<p class=\"p1\">Kutia e palet\u00ebs e tipit t\u00eb mbyllur me 2 patina TEK5600K-2SKIDS 800x1200x800mm \u00ebsht\u00eb nj\u00eb zgjidhje e q\u00ebndrueshme dhe higjienike p\u00ebr ruajtjen dhe transportin e produkteve. Me nj\u00eb kapacitet prej 525 litrash dhe dizajn t\u00eb mbyllur, ajo mbron p\u00ebrmbajtjen nga pluhuri dhe lag\u00ebshtia, nd\u00ebrsa 2 patinat ofrojn\u00eb stabilitet dhe leht\u00ebsojn\u00eb l\u00ebvizjen n\u00eb magazina dhe industri. <\/p>\n<h5><b>Karakteristika &amp; P\u00ebrfitime<\/b><\/h5>\n<ul>\n<li class=\"p1\"><span class=\"s1\"><b>Kapacitet i madh:<\/b><\/span> 525 litra, ideal p\u00ebr produkte me shumic\u00eb ose t\u00eb paketuara.<\/li>\n<li class=\"p1\"><span class=\"s1\"><b>Dizajn i mbyllur:<\/b><\/span> Ofron mbrojtje t\u00eb p\u00ebrmbajtjes nga faktor\u00ebt e jasht\u00ebm.<\/li>\n<li class=\"p1\"><span class=\"s1\"><b>Konstruksion i fort\u00eb:<\/b><\/span> Pesha 26,08 kg p\u00ebr q\u00ebndrueshm\u00ebri dhe besueshm\u00ebri.<\/li>\n<li class=\"p1\"><span class=\"s1\"><b>Kapacitet ngarkese:<\/b><\/span> Dinamik deri n\u00eb 400kg p\u00ebr p\u00ebrdorim t\u00eb sigurt.<\/li>\n<li class=\"p1\"><span class=\"s1\"><b>2 rr\u00ebshqit\u00ebse:<\/b><\/span> Mb\u00ebshtetje e p\u00ebrforcuar dhe transport i leht\u00eb me pirun ose palet\u00eb.<\/li>\n<\/ul>\n<h5><b>Specifikime Teknike<\/b><\/h5>\n<ul>\n<li><strong>Materiali:<\/strong> HDPE<\/li>\n<li class=\"p1\"><b>Dimensionet e jashtme:<\/b><span class=\"s1\"> 800 x 1200 x 800mm<\/span><\/li>\n<li class=\"p1\"><b>Dimensionet e brendshme:<\/b><span class=\"s1\"> 735 x 1111 x 645mm<\/span><\/li>\n<li class=\"p1\"><b>Kapaciteti:<\/b><span class=\"s1\"> 525L<\/span><\/li>\n<li class=\"p1\"><b>Ngarkes\u00eb dinamike:<\/b><span class=\"s1\"> 400kg<\/span><\/li>\n<li class=\"p1\"><span class=\"s1\"><b>Pesha:<\/b><\/span> 26,08 kg<\/li>\n<li class=\"p1\"><b>Paketimi:<\/b><span class=\"s1\"> 1 cop\u00eb<\/span><\/li>\n<\/ul>\n<h5><b>Aplikimet<\/b><\/h5>\n<ul>\n<li class=\"p1\">Industrit\u00eb ushqimore dhe t\u00eb pijeve<\/li>\n<li class=\"p1\">Industria farmaceutike dhe kozmetike<\/li>\n<li class=\"p1\">Produkte bujq\u00ebsore dhe kooperativa<\/li>\n<li class=\"p1\">Logjistika dhe magazinat e shp\u00ebrndarjes<\/li>\n<\/ul>\n<p>&nbsp;<\/p>\n","protected":false},"excerpt":{"rendered":"<p><strong>Kodi:<\/strong> TEK5600K-2SKIDS<br \/>\n<strong>Materiali:<\/strong> HDPE<br \/>\n<strong>Dimensionet e jashtme:<\/strong> 800x1200x800mm<br \/>\n<strong>Dimensionet e brendshme:<\/strong> 735x1111x645mm<br \/>\n<strong>Kapaciteti:<\/strong> 525L<br \/>\n<strong>Ngarkesa dinamike:<\/strong> 400kg<br \/>\n<strong>Pesha:<\/strong> 26,08 kg<br \/>\n<strong>Kapak i p\u00ebrshtatsh\u00ebm:<\/strong><a href=\"https:\/\/packmarkt.com\/product\/%ce%ba%ce%b1%cf%80%ce%ac%ce%ba%ce%b9-%ce%b3%ce%b9%ce%b1-%cf%80%ce%b1%ce%bb%ce%b5%cf%84%ce%bf%ce%ba%ce%b9%ce%b2%cf%8e%cf%84%ce%b9%ce%bf-800x1200mm-2\/\"> TK12081<\/a><br \/>\n<strong>Paketimi:<\/strong> 1 cop\u00eb<\/p>\n","protected":false},"featured_media":8244,"template":"","meta":[],"product_brand":[],"product_cat":[1360],"product_tag":[],"class_list":{"0":"post-39533","1":"product","2":"type-product","3":"status-publish","4":"has-post-thumbnail","6":"product_cat-kutia-per-paleta","7":"ts_product_brand-kamasan","9":"first","10":"instock","11":"taxable","12":"shipping-taxable","13":"purchasable","14":"product-type-simple"},"aioseo_notices":[],"_links":{"self":[{"href":"https:\/\/packmarkt.com\/sq\/wp-json\/wp\/v2\/product\/39533","targetHints":{"allow":["GET"]}}],"collection":[{"href":"https:\/\/packmarkt.com\/sq\/wp-json\/wp\/v2\/product"}],"about":[{"href":"https:\/\/packmarkt.com\/sq\/wp-json\/wp\/v2\/types\/product"}],"wp:featuredmedia":[{"embeddable":true,"href":"https:\/\/packmarkt.com\/sq\/wp-json\/wp\/v2\/media\/8244"}],"wp:attachment":[{"href":"https:\/\/packmarkt.com\/sq\/wp-json\/wp\/v2\/media?parent=39533"}],"wp:term":[{"taxonomy":"product_brand","embeddable":true,"href":"https:\/\/packmarkt.com\/sq\/wp-json\/wp\/v2\/product_brand?post=39533"},{"taxonomy":"product_cat","embeddable":true,"href":"https:\/\/packmarkt.com\/sq\/wp-json\/wp\/v2\/product_cat?post=39533"},{"taxonomy":"product_tag","embeddable":true,"href":"https:\/\/packmarkt.com\/sq\/wp-json\/wp\/v2\/product_tag?post=39533"}],"curies":[{"name":"wp","href":"https:\/\/api.w.org\/{rel}","templated":true}]}}