{"id":39448,"date":"2025-09-15T15:23:40","date_gmt":"2025-09-15T12:23:40","guid":{"rendered":"https:\/\/packmarkt.com\/product\/dolium\/"},"modified":"2025-09-15T15:23:40","modified_gmt":"2025-09-15T12:23:40","slug":"dolium","status":"publish","type":"product","link":"https:\/\/packmarkt.com\/sq\/produkt\/dolium\/","title":{"rendered":"Dolium"},"content":{"rendered":"<p>Dolium \u00ebsht\u00eb nj\u00eb en\u00eb e madhe sferike, e cila p\u00ebrdorej shpesh n\u00eb Rom\u00ebn e lasht\u00eb p\u00ebr prodhimin, transportin dhe ruajtjen e ver\u00ebs.<br \/>\n<u>Aksesor\u00eb shoq\u00ebrues<\/u><br \/>\nKapak prej argjile me vida flutur: \u00d8 50 cm<br \/>\nKapak prej \u00e7eliku inoks: \u00d8 50 cm<br \/>\nSistem mbylljeje prej \u00e7eliku inoks: \u00d8 50 cm<br \/>\nMbush\u00ebs qelqi: 48 cm<br \/>\nRubinet shp\u00ebrndarjeje vere prej \u00e7eliku inoks: 8 (H) x 6 (Gj) cm<br \/>\nRubinet prej \u00e7eliku inoks p\u00ebr kullim t\u00eb pjessh\u00ebm dhe t\u00eb plot\u00eb: 18,5 (H) x 10 (Gj) cm<\/p>\n","protected":false},"excerpt":{"rendered":"<p><strong>Kapaciteti: <\/strong> 500 L, 1000 L<br \/>\n<strong>Lart\u00ebsia:<\/strong> 140 cm, 160 cm<br \/>\n<strong>Diametri:<\/strong> \u00d8 105 cm, 140 cm<\/p>\n","protected":false},"featured_media":8181,"template":"","meta":[],"product_brand":[],"product_cat":[1859],"product_tag":[],"class_list":{"0":"post-39448","1":"product","2":"type-product","3":"status-publish","4":"has-post-thumbnail","6":"product_cat-rezervuare-prej-balte","7":"ts_product_brand-terrakote","9":"first","10":"instock","11":"taxable","12":"shipping-taxable","13":"product-type-simple"},"aioseo_notices":[],"_links":{"self":[{"href":"https:\/\/packmarkt.com\/sq\/wp-json\/wp\/v2\/product\/39448","targetHints":{"allow":["GET"]}}],"collection":[{"href":"https:\/\/packmarkt.com\/sq\/wp-json\/wp\/v2\/product"}],"about":[{"href":"https:\/\/packmarkt.com\/sq\/wp-json\/wp\/v2\/types\/product"}],"wp:featuredmedia":[{"embeddable":true,"href":"https:\/\/packmarkt.com\/sq\/wp-json\/wp\/v2\/media\/8181"}],"wp:attachment":[{"href":"https:\/\/packmarkt.com\/sq\/wp-json\/wp\/v2\/media?parent=39448"}],"wp:term":[{"taxonomy":"product_brand","embeddable":true,"href":"https:\/\/packmarkt.com\/sq\/wp-json\/wp\/v2\/product_brand?post=39448"},{"taxonomy":"product_cat","embeddable":true,"href":"https:\/\/packmarkt.com\/sq\/wp-json\/wp\/v2\/product_cat?post=39448"},{"taxonomy":"product_tag","embeddable":true,"href":"https:\/\/packmarkt.com\/sq\/wp-json\/wp\/v2\/product_tag?post=39448"}],"curies":[{"name":"wp","href":"https:\/\/api.w.org\/{rel}","templated":true}]}}