{"id":39420,"date":"2025-09-15T15:26:47","date_gmt":"2025-09-15T12:26:47","guid":{"rendered":"https:\/\/packmarkt.com\/product\/ene-ne-forme-veze\/"},"modified":"2025-09-15T15:26:47","modified_gmt":"2025-09-15T12:26:47","slug":"ene-ne-forme-veze","status":"publish","type":"product","link":"https:\/\/packmarkt.com\/sq\/produkt\/ene-ne-forme-veze\/","title":{"rendered":"En\u00eb n\u00eb form\u00eb veze"},"content":{"rendered":"<p>Nj\u00eb en\u00eb n\u00eb form\u00eb veze. Nj\u00eb form\u00eb elegante dhe harmonike q\u00eb, p\u00ebr shkak t\u00eb munges\u00ebs s\u00eb qosheve t\u00eb brendshme, favorizon l\u00ebvizjen natyrale t\u00eb sedimenteve t\u00eb ver\u00ebs.<br \/>\n<u>Aksesor\u00eb shoq\u00ebrues<\/u><br \/>\nKapak balte me vida fluture: \u00d8 24cm, 37cm, 52cm<br \/>\nKapak \u00e7eliku inoks: \u00d8 49cm<br \/>\nSistem mbylljeje \u00e7eliku inoks: \u00d8 49cm<br \/>\nGlass filler: 33cm, 48cm<br \/>\nRubinet shp\u00ebrndarjeje vere \u00e7eliku inoks: 8 (L) x 6 (G) cm<br \/>\nRubinet \u00e7eliku inoks p\u00ebr kullim t\u00eb pjessh\u00ebm dhe t\u00eb plot\u00eb: 18,5 (L) x 10 (G) cm<br \/>\nBaz\u00eb \u00e7eliku inoks, e disponueshme p\u00ebr t\u00eb gjitha madh\u00ebsit\u00eb.<br \/>\nBaz\u00eb \u00e7eliku inoks me rrota, e disponueshme p\u00ebr t\u00eb gjitha madh\u00ebsit\u00eb.<\/p>\n","protected":false},"excerpt":{"rendered":"<p><strong>Kapaciteti:<\/strong> 65L, 220L, 450L, 700L<br \/>\n<strong>Lart\u00ebsia:<\/strong> 75cm, 100cm, 120cm, 135cm<br \/>\n<strong>Diametri:<\/strong> \u00d8 48cm, 75cm, 85cm, 105cm<\/p>\n","protected":false},"featured_media":8191,"template":"","meta":[],"product_brand":[],"product_cat":[1859],"product_tag":[],"class_list":{"0":"post-39420","1":"product","2":"type-product","3":"status-publish","4":"has-post-thumbnail","6":"product_cat-rezervuare-prej-balte","7":"ts_product_brand-terrakote","9":"first","10":"instock","11":"taxable","12":"shipping-taxable","13":"product-type-simple"},"aioseo_notices":[],"_links":{"self":[{"href":"https:\/\/packmarkt.com\/sq\/wp-json\/wp\/v2\/product\/39420","targetHints":{"allow":["GET"]}}],"collection":[{"href":"https:\/\/packmarkt.com\/sq\/wp-json\/wp\/v2\/product"}],"about":[{"href":"https:\/\/packmarkt.com\/sq\/wp-json\/wp\/v2\/types\/product"}],"wp:featuredmedia":[{"embeddable":true,"href":"https:\/\/packmarkt.com\/sq\/wp-json\/wp\/v2\/media\/8191"}],"wp:attachment":[{"href":"https:\/\/packmarkt.com\/sq\/wp-json\/wp\/v2\/media?parent=39420"}],"wp:term":[{"taxonomy":"product_brand","embeddable":true,"href":"https:\/\/packmarkt.com\/sq\/wp-json\/wp\/v2\/product_brand?post=39420"},{"taxonomy":"product_cat","embeddable":true,"href":"https:\/\/packmarkt.com\/sq\/wp-json\/wp\/v2\/product_cat?post=39420"},{"taxonomy":"product_tag","embeddable":true,"href":"https:\/\/packmarkt.com\/sq\/wp-json\/wp\/v2\/product_tag?post=39420"}],"curies":[{"name":"wp","href":"https:\/\/api.w.org\/{rel}","templated":true}]}}