{"id":39395,"date":"2025-09-15T15:29:15","date_gmt":"2025-09-15T12:29:15","guid":{"rendered":"https:\/\/packmarkt.com\/product\/ene-horizontale-ne-forme-veze\/"},"modified":"2025-09-15T15:29:15","modified_gmt":"2025-09-15T12:29:15","slug":"ene-horizontale-ne-forme-veze","status":"publish","type":"product","link":"https:\/\/packmarkt.com\/sq\/produkt\/ene-horizontale-ne-forme-veze\/","title":{"rendered":"En\u00eb horizontale n\u00eb form\u00eb veze"},"content":{"rendered":"<p>En\u00eb horizontale n\u00eb form\u00eb veze, e disponueshme n\u00eb tre madh\u00ebsi.<br \/>\n<u>Aksesor\u00eb shoq\u00ebrues<\/u><br \/>\nKapak \u00e7elik inoks: \u00d8 15-42 cm<br \/>\nSistem mbylljeje \u00e7elik inoks: \u00d8 15 cm<br \/>\nMbush\u00ebs p\u00ebr gota: 33 cm, 48 cm<br \/>\nRubinet shp\u00ebrndarjeje vere \u00e7elik inoks: 8 (L) x 6 (Gj) cm<br \/>\nRubinet \u00e7elik inoks p\u00ebr kullim t\u00eb pjessh\u00ebm dhe t\u00eb plot\u00eb: 18.5 (L) x 10 (Gj) cm<\/p>\n","protected":false},"excerpt":{"rendered":"<p><strong>Kapaciteti: <\/strong> 220 L<br \/>\n<strong>Lart\u00ebsia:<\/strong> 76 cm<br \/>\n<strong>Diametri:<\/strong> \u00d8 103 cm<\/p>\n","protected":false},"featured_media":8199,"template":"","meta":[],"product_brand":[],"product_cat":[1859],"product_tag":[],"class_list":{"0":"post-39395","1":"product","2":"type-product","3":"status-publish","4":"has-post-thumbnail","6":"product_cat-rezervuare-prej-balte","7":"ts_product_brand-terrakote","9":"first","10":"instock","11":"taxable","12":"shipping-taxable","13":"product-type-simple"},"aioseo_notices":[],"_links":{"self":[{"href":"https:\/\/packmarkt.com\/sq\/wp-json\/wp\/v2\/product\/39395","targetHints":{"allow":["GET"]}}],"collection":[{"href":"https:\/\/packmarkt.com\/sq\/wp-json\/wp\/v2\/product"}],"about":[{"href":"https:\/\/packmarkt.com\/sq\/wp-json\/wp\/v2\/types\/product"}],"wp:featuredmedia":[{"embeddable":true,"href":"https:\/\/packmarkt.com\/sq\/wp-json\/wp\/v2\/media\/8199"}],"wp:attachment":[{"href":"https:\/\/packmarkt.com\/sq\/wp-json\/wp\/v2\/media?parent=39395"}],"wp:term":[{"taxonomy":"product_brand","embeddable":true,"href":"https:\/\/packmarkt.com\/sq\/wp-json\/wp\/v2\/product_brand?post=39395"},{"taxonomy":"product_cat","embeddable":true,"href":"https:\/\/packmarkt.com\/sq\/wp-json\/wp\/v2\/product_cat?post=39395"},{"taxonomy":"product_tag","embeddable":true,"href":"https:\/\/packmarkt.com\/sq\/wp-json\/wp\/v2\/product_tag?post=39395"}],"curies":[{"name":"wp","href":"https:\/\/api.w.org\/{rel}","templated":true}]}}