{"id":39375,"date":"2025-09-15T15:33:48","date_gmt":"2025-09-15T12:33:48","guid":{"rendered":"https:\/\/packmarkt.com\/product\/qyp\/"},"modified":"2025-09-15T15:33:48","modified_gmt":"2025-09-15T12:33:48","slug":"qyp","status":"publish","type":"product","link":"https:\/\/packmarkt.com\/sq\/produkt\/qyp\/","title":{"rendered":"Qyp"},"content":{"rendered":"<p>Qyp klasik, i disponuesh\u00ebm n\u00eb madh\u00ebsi t\u00eb ndryshme dhe me lloje t\u00eb ndryshme pajisjesh.<br \/>\n<u>Aksesor\u00eb shoq\u00ebrues<\/u><br \/>\nKapak balte me vida flutur: \u00d8 58 cm<br \/>\nKapak \u00e7eliku inoks: \u00d8 58 cm<br \/>\nSistem mbylljeje \u00e7eliku inoks: \u00d8 58 cm<br \/>\nMbush\u00ebs qelqi: 33 cm, 48 cm<br \/>\nRubinet shp\u00ebrndarjeje vere \u00e7eliku inoks: 8 (L) x 6 (Gj) cm<br \/>\nRubinet \u00e7eliku inoks p\u00ebr kullim t\u00eb pjessh\u00ebm dhe t\u00eb plot\u00eb: 18.5 (L) x 10 (Gj) cm<br \/>\nBazament \u00e7eliku inoks me rrota, i disponuesh\u00ebm p\u00ebr t\u00eb gjitha madh\u00ebsit\u00eb.<\/p>\n","protected":false},"excerpt":{"rendered":"<p><strong>Kapaciteti: <\/strong> 200 L, 300 L, 500 L, 800 L<br \/>\n<strong>Lart\u00ebsia:<\/strong> 120 cm, 125 cm, 140 cm, 155 cm<br \/>\n<strong>Diametri:<\/strong> \u00d8 75 cm, 85 cm, 95 cm, 118 cm<\/p>\n","protected":false},"featured_media":8209,"template":"","meta":[],"product_brand":[],"product_cat":[1859],"product_tag":[],"class_list":{"0":"post-39375","1":"product","2":"type-product","3":"status-publish","4":"has-post-thumbnail","6":"product_cat-rezervuare-prej-balte","7":"ts_product_brand-terrakote","9":"first","10":"instock","11":"taxable","12":"shipping-taxable","13":"product-type-simple"},"aioseo_notices":[],"_links":{"self":[{"href":"https:\/\/packmarkt.com\/sq\/wp-json\/wp\/v2\/product\/39375","targetHints":{"allow":["GET"]}}],"collection":[{"href":"https:\/\/packmarkt.com\/sq\/wp-json\/wp\/v2\/product"}],"about":[{"href":"https:\/\/packmarkt.com\/sq\/wp-json\/wp\/v2\/types\/product"}],"wp:featuredmedia":[{"embeddable":true,"href":"https:\/\/packmarkt.com\/sq\/wp-json\/wp\/v2\/media\/8209"}],"wp:attachment":[{"href":"https:\/\/packmarkt.com\/sq\/wp-json\/wp\/v2\/media?parent=39375"}],"wp:term":[{"taxonomy":"product_brand","embeddable":true,"href":"https:\/\/packmarkt.com\/sq\/wp-json\/wp\/v2\/product_brand?post=39375"},{"taxonomy":"product_cat","embeddable":true,"href":"https:\/\/packmarkt.com\/sq\/wp-json\/wp\/v2\/product_cat?post=39375"},{"taxonomy":"product_tag","embeddable":true,"href":"https:\/\/packmarkt.com\/sq\/wp-json\/wp\/v2\/product_tag?post=39375"}],"curies":[{"name":"wp","href":"https:\/\/api.w.org\/{rel}","templated":true}]}}