{"id":39348,"date":"2025-09-17T11:52:06","date_gmt":"2025-09-17T08:52:06","guid":{"rendered":"https:\/\/packmarkt.com\/product\/arke-palete-e-mbyllur-e-palosshme-me-3-shina-dhe-dere-anesore-1000x1200x975mm\/"},"modified":"2025-09-17T11:52:06","modified_gmt":"2025-09-17T08:52:06","slug":"arke-palete-e-mbyllur-e-palosshme-me-3-shina-dhe-dere-anesore-1000x1200x975mm","status":"publish","type":"product","link":"https:\/\/packmarkt.com\/sq\/produkt\/arke-palete-e-mbyllur-e-palosshme-me-3-shina-dhe-dere-anesore-1000x1200x975mm\/","title":{"rendered":"Ark\u00eb palete e mbyllur, e palosshme, me 3 shina dhe der\u00eb an\u00ebsore 1000x1200x975mm"},"content":{"rendered":"<p class=\"p1\">Arka e palet\u00ebs e tipit t\u00eb mbyllur me 3 shina dhe 2 dyer FB1210-3SKIDS 1000x1200x975mm \u00ebsht\u00eb nj\u00eb zgjidhje e r\u00ebnd\u00eb dhe fleksib\u00ebl p\u00ebr ruajtjen dhe transportin e produkteve. Dizajni i palossh\u00ebm dhe dy dyert ofrojn\u00eb akses t\u00eb leht\u00eb dhe kursim hap\u00ebsire kur nuk p\u00ebrdoret, nd\u00ebrsa nd\u00ebrtimi i saj i fort\u00eb siguron besueshm\u00ebri n\u00eb mjedise sfiduese. <\/p>\n<h5><b>Karakteristika &amp; P\u00ebrfitime<\/b><\/h5>\n<ul>\n<li class=\"p1\"><span class=\"s1\"><b>Dizajn i palossh\u00ebm:<\/b><\/span> Kursim hap\u00ebsire gjat\u00eb ruajtjes.<\/li>\n<li class=\"p1\"><span class=\"s1\"><b>2 dyer:<\/b><\/span> Ngarkim dhe shkarkim i leht\u00eb i produkteve.<\/li>\n<li class=\"p1\"><span class=\"s1\"><b>Konstruksion i fort\u00eb:<\/b><\/span> Pesha 60 kg ofron stabilitet maksimal.<\/li>\n<li class=\"p1\"><span class=\"s1\"><b>Q\u00ebndrueshm\u00ebri e lart\u00eb:<\/b><\/span> Ngarkes\u00eb dinamike deri n\u00eb 500 kg dhe statike deri n\u00eb 3000 kg.<\/li>\n<li class=\"p1\"><span class=\"s1\"><b>3 shina:<\/b><\/span> Ideale p\u00ebr p\u00ebrdorim n\u00eb rafte dhe shirita transportues.<\/li>\n<\/ul>\n<h5><b>Specifikime Teknike<\/b><\/h5>\n<ul>\n<li class=\"p1\"><b>Dimensionet e jashtme:<\/b><span class=\"s1\"> 1000 x 1200 x 975mm<\/span><\/li>\n<li class=\"p1\"><b>Ngarkes\u00eb dinamike:<\/b><span class=\"s1\"> 500kg<\/span><\/li>\n<li class=\"p1\"><b>Ngarkesa statike:<\/b><span class=\"s1\"> 3000kg<\/span><\/li>\n<li class=\"p1\"><b>Pesha:<\/b><span class=\"s1\"> 60 kg<\/span><\/li>\n<li class=\"p1\"><b>Paketimi:<\/b><span class=\"s1\"> 1 cop\u00eb<\/span><\/li>\n<\/ul>\n<h5><b>Aplikimet<\/b><\/h5>\n<ul>\n<li class=\"p1\">Industrit\u00eb ushqimore dhe t\u00eb pijeve<\/li>\n<li class=\"p1\">Industria farmaceutike dhe kozmetike<\/li>\n<li class=\"p1\">Kooperativat bujq\u00ebsore dhe magazinat<\/li>\n<li class=\"p1\">Logjistika dhe shp\u00ebrndarjet<\/li>\n<\/ul>\n<p>&nbsp;<\/p>\n","protected":false},"excerpt":{"rendered":"<p><strong>Kodi:<\/strong> FB1210-3SKIDS<br \/>\n<strong>Dimensionet e jashtme:<\/strong> 1000x1200x975mm<br \/>\n<strong>Ngarkesa dinamike:<\/strong> 500kg<br \/>\n<strong>Ngarkesa statike:<\/strong> 3.000kg<br \/>\n<strong>Pesha:<\/strong> 60kg<br \/>\n<strong>Paketimi:<\/strong> 1 cop\u00eb<\/p>\n","protected":false},"featured_media":12374,"template":"","meta":[],"product_brand":[],"product_cat":[1360],"product_tag":[],"class_list":{"0":"post-39348","1":"product","2":"type-product","3":"status-publish","4":"has-post-thumbnail","6":"product_cat-kutia-per-paleta","7":"ts_product_brand-dogan","9":"first","10":"instock","11":"taxable","12":"shipping-taxable","13":"purchasable","14":"product-type-simple"},"aioseo_notices":[],"_links":{"self":[{"href":"https:\/\/packmarkt.com\/sq\/wp-json\/wp\/v2\/product\/39348","targetHints":{"allow":["GET"]}}],"collection":[{"href":"https:\/\/packmarkt.com\/sq\/wp-json\/wp\/v2\/product"}],"about":[{"href":"https:\/\/packmarkt.com\/sq\/wp-json\/wp\/v2\/types\/product"}],"wp:featuredmedia":[{"embeddable":true,"href":"https:\/\/packmarkt.com\/sq\/wp-json\/wp\/v2\/media\/12374"}],"wp:attachment":[{"href":"https:\/\/packmarkt.com\/sq\/wp-json\/wp\/v2\/media?parent=39348"}],"wp:term":[{"taxonomy":"product_brand","embeddable":true,"href":"https:\/\/packmarkt.com\/sq\/wp-json\/wp\/v2\/product_brand?post=39348"},{"taxonomy":"product_cat","embeddable":true,"href":"https:\/\/packmarkt.com\/sq\/wp-json\/wp\/v2\/product_cat?post=39348"},{"taxonomy":"product_tag","embeddable":true,"href":"https:\/\/packmarkt.com\/sq\/wp-json\/wp\/v2\/product_tag?post=39348"}],"curies":[{"name":"wp","href":"https:\/\/api.w.org\/{rel}","templated":true}]}}