{"id":39325,"date":"2025-09-17T10:03:49","date_gmt":"2025-09-17T07:03:49","guid":{"rendered":"https:\/\/packmarkt.com\/product\/kuti-palete-e-mbyllur-me-rrota-195l-610x810x640mm\/"},"modified":"2025-09-17T10:03:49","modified_gmt":"2025-09-17T07:03:49","slug":"kuti-palete-e-mbyllur-me-rrota-195l-610x810x640mm","status":"publish","type":"product","link":"https:\/\/packmarkt.com\/sq\/produkt\/kuti-palete-e-mbyllur-me-rrota-195l-610x810x640mm\/","title":{"rendered":"Kuti palete e mbyllur me rrota 195L 610x810x640mm"},"content":{"rendered":"<p class=\"p1\">Kutia e palet\u00ebs e tipit t\u00eb mbyllur me rrota KOP2000K-W 610x810x640mm \u00ebsht\u00eb nj\u00eb zgjidhje fleksib\u00ebl dhe praktike p\u00ebr transportin dhe ruajtjen e produkteve n\u00eb shkall\u00eb m\u00eb t\u00eb vog\u00ebl. Me nj\u00eb kapacitet prej 195 litrash dhe baz\u00eb me rrota, ajo ofron komoditet n\u00eb p\u00ebrdorim, konstruksion t\u00eb leht\u00eb dhe leht\u00ebsi n\u00eb l\u00ebvizje, duke e b\u00ebr\u00eb ideale p\u00ebr hap\u00ebsira me vend t\u00eb kufizuar. <\/p>\n<h5><b>Karakteristika &amp; P\u00ebrfitime<\/b><\/h5>\n<ul>\n<li class=\"p1\"><span class=\"s1\"><b>Kapacitet kompakt:<\/b><\/span> 195 litra, ideal p\u00ebr ngarkesa m\u00eb t\u00eb vogla.<\/li>\n<li class=\"p1\"><span class=\"s1\"><b>Baz\u00eb me rrota:<\/b><\/span> Rrotat ofrojn\u00eb l\u00ebvizje t\u00eb leht\u00eb dhe t\u00eb shpejt\u00eb.<\/li>\n<li class=\"p1\"><span class=\"s1\"><b>Konstruksion i leht\u00eb:<\/b><\/span> Pesha 10,97 kg p\u00ebr leht\u00ebsi n\u00eb trajtim.<\/li>\n<li class=\"p1\"><span class=\"s1\"><b>Kapaciteti i ngarkes\u00ebs:<\/b><\/span> Dinamik deri n\u00eb 80 kg p\u00ebr aplikime t\u00eb lehta.<\/li>\n<li class=\"p1\"><span class=\"s1\"><b>Dizajn i mbyllur:<\/b><\/span> Mbron p\u00ebrmbajtjen nga pluhuri dhe lag\u00ebshtia.<\/li>\n<\/ul>\n<h5><b>Specifikime Teknike<\/b><\/h5>\n<ul>\n<li class=\"p1\"><b>Dimensionet e jashtme:<\/b><span class=\"s1\"> 610 x 810 x 640mm<\/span><\/li>\n<li class=\"p1\"><b>Dimensionet e brendshme:<\/b><span class=\"s1\"> 565 x 770 x 445mm<\/span><\/li>\n<li class=\"p1\"><b>Kapaciteti:<\/b><span class=\"s1\"> 195 L<\/span><\/li>\n<li class=\"p1\"><b>Ngarkesa dinamike:<\/b><span class=\"s1\"> 80 kg<\/span><\/li>\n<li class=\"p1\"><span class=\"s1\"><b>Pesha:<\/b><\/span> 10,97 kg<\/li>\n<li class=\"p1\"><b>Paketimi:<\/b><span class=\"s1\"> 1 cop\u00eb<\/span><\/li>\n<\/ul>\n<h5><b>Aplikimet<\/b><\/h5>\n<ul>\n<li class=\"p1\">Ambiente ushqimore dhe hotele<\/li>\n<li class=\"p1\">Depo dhe dyqane t\u00eb vogla<\/li>\n<li class=\"p1\">Produkte bujq\u00ebsore n\u00eb shkall\u00eb t\u00eb vog\u00ebl<\/li>\n<li class=\"p1\">Pun\u00ebtori dhe artizanate<\/li>\n<\/ul>\n","protected":false},"excerpt":{"rendered":"<p><strong>Kodi:<\/strong> KOP2000K-W<br \/>\n<strong>Dimensionet e jashtme:<\/strong> 610x810x640mm<br \/>\n<strong>Dimensionet e brendshme:<\/strong> 565x770x445mm<br \/>\n<strong>Kapaciteti:<\/strong> 195 L<br \/>\n<strong>Ngarkesa dinamike:<\/strong> 80 kg<br \/>\n<strong>Pesha:<\/strong> 10,97 kg<br \/>\n<strong>Kapak i p\u00ebrshtatsh\u00ebm:<\/strong><a href=\"https:\/\/packmarkt.com\/product\/%ce%ba%ce%b1%cf%80%ce%ac%ce%ba%ce%b9-%ce%b3%ce%b9%ce%b1-%cf%80%ce%b1%ce%bb%ce%b5%cf%84%ce%bf%ce%ba%ce%b9%ce%b2%cf%8e%cf%84%ce%b9%ce%bf-610x810mm\/\"> TK0860<\/a><br \/>\n<strong>Paketimi:<\/strong> 1 cop\u00eb<\/p>\n","protected":false},"featured_media":8269,"template":"","meta":[],"product_brand":[],"product_cat":[1360],"product_tag":[],"class_list":{"0":"post-39325","1":"product","2":"type-product","3":"status-publish","4":"has-post-thumbnail","6":"product_cat-kutia-per-paleta","7":"ts_product_brand-kamasan","9":"first","10":"instock","11":"taxable","12":"shipping-taxable","13":"purchasable","14":"product-type-simple"},"aioseo_notices":[],"_links":{"self":[{"href":"https:\/\/packmarkt.com\/sq\/wp-json\/wp\/v2\/product\/39325","targetHints":{"allow":["GET"]}}],"collection":[{"href":"https:\/\/packmarkt.com\/sq\/wp-json\/wp\/v2\/product"}],"about":[{"href":"https:\/\/packmarkt.com\/sq\/wp-json\/wp\/v2\/types\/product"}],"wp:featuredmedia":[{"embeddable":true,"href":"https:\/\/packmarkt.com\/sq\/wp-json\/wp\/v2\/media\/8269"}],"wp:attachment":[{"href":"https:\/\/packmarkt.com\/sq\/wp-json\/wp\/v2\/media?parent=39325"}],"wp:term":[{"taxonomy":"product_brand","embeddable":true,"href":"https:\/\/packmarkt.com\/sq\/wp-json\/wp\/v2\/product_brand?post=39325"},{"taxonomy":"product_cat","embeddable":true,"href":"https:\/\/packmarkt.com\/sq\/wp-json\/wp\/v2\/product_cat?post=39325"},{"taxonomy":"product_tag","embeddable":true,"href":"https:\/\/packmarkt.com\/sq\/wp-json\/wp\/v2\/product_tag?post=39325"}],"curies":[{"name":"wp","href":"https:\/\/api.w.org\/{rel}","templated":true}]}}