{"id":39262,"date":"2025-11-11T13:07:40","date_gmt":"2025-11-11T10:07:40","guid":{"rendered":"https:\/\/packmarkt.com\/product\/kuti-palete-e-shpuar-me-4-kembe-620l-1000x1200x760mm-2\/"},"modified":"2026-04-22T10:37:56","modified_gmt":"2026-04-22T07:37:56","slug":"kuti-palete-e-shpuar-me-4-kembe-620l-1000x1200x760mm-2","status":"publish","type":"product","link":"https:\/\/packmarkt.com\/sq\/produkt\/kuti-palete-e-shpuar-me-4-kembe-620l-1000x1200x760mm-2\/","title":{"rendered":"Kuti palete e shpuar me 4 k\u00ebmb\u00eb 1000x1200x775mm"},"content":{"rendered":"<p class=\"p1\">Arka e palet\u00ebs e ventiluar me 4 k\u00ebmb\u00eb K11000A 1000x1200x775mm \u00ebsht\u00eb nj\u00eb zgjidhje e besueshme p\u00ebr ruajtjen dhe transportin e produkteve me kapacitet t\u00eb madh. Me nj\u00eb dizajn q\u00eb leht\u00ebson ajrosjen dhe konstruksion t\u00eb q\u00ebndruesh\u00ebm, ajo ofron prakticitet dhe funksionalitet n\u00eb aplikimet bujq\u00ebsore dhe industriale. <\/p>\n<h5><b>Karakteristika &amp; P\u00ebrfitime<\/b><\/h5>\n<ul>\n<li class=\"p1\"><span class=\"s1\"><b>Kapacitet i madh:<\/b><\/span> i p\u00ebrshtatsh\u00ebm p\u00ebr produkte voluminoze dhe t\u00eb derdhura.<\/li>\n<li class=\"p1\"><span class=\"s1\"><b>Konstruksion i p\u00ebrforcuar:<\/b><\/span> Pesha 34kg p\u00ebr stabilitet maksimal.<\/li>\n<li class=\"p1\"><span class=\"s1\"><b>Q\u00ebndrueshm\u00ebri e lart\u00eb:<\/b><\/span> Ngarkes\u00eb dinamike deri n\u00eb 400 kg dhe statike deri n\u00eb 4000 kg.<\/li>\n<li class=\"p1\"><span class=\"s1\"><b>Dizajn i perforuar:<\/b><\/span> P\u00ebrmir\u00ebson ventilimin, redukton lag\u00ebshtin\u00eb.<\/li>\n<li class=\"p1\"><span class=\"s1\"><b>4 k\u00ebmb\u00eb:<\/b><\/span> Ofron leht\u00ebsi l\u00ebvizjeje me palet\u00eb ose pirun.<\/li>\n<\/ul>\n<h5><b>Specifikime Teknike<\/b><\/h5>\n<ul>\n<li class=\"p1\"><b>Dimensionet e jashtme:<\/b><span class=\"s1\"> 1000 x 1200 x 775mm<\/span><\/li>\n<li class=\"p1\"><b>Ngarkes\u00eb dinamike:<\/b><span class=\"s1\"> 400kg<\/span><\/li>\n<li class=\"p1\"><b>Ngarkesa statike:<\/b><span class=\"s1\"> 2400kg<\/span><\/li>\n<li class=\"p1\"><span class=\"s1\"><b>Pesha:<\/b><\/span> 34 kg<\/li>\n<\/ul>\n<h5><b>Aplikimet<\/b><\/h5>\n<ul>\n<li class=\"p1\">Ruajtja dhe transporti i produkteve bujq\u00ebsore<\/li>\n<li class=\"p1\">Industrit\u00eb ushqimore dhe t\u00eb pijeve<\/li>\n<li class=\"p1\">Qendrat logjistike dhe t\u00eb shp\u00ebrndarjes<\/li>\n<li class=\"p1\">Industria e leht\u00eb dhe produktet kimike<\/li>\n<\/ul>\n<p>&nbsp;<\/p>\n","protected":false},"excerpt":{"rendered":"<p><strong>Kodi:<\/strong> K11000A<br \/>\n<strong>Dimensionet e jashtme:<\/strong> 1000x1200x775mm<br \/>\n<strong>Ngarkesa dinamike:<\/strong> 400kg<br \/>\n<strong>Ngarkesa statike:<\/strong> 2400kg<br \/>\n<strong>Pesha:<\/strong> 34kg<br \/>\n<strong>Ngjyra:<\/strong> jeshile<br \/>\n<strong>Ngarkes\u00eb e plot\u00eb kamioni:<\/strong> 126 cop\u00eb<\/p>\n","protected":false},"featured_media":39263,"template":"","meta":[],"product_brand":[],"product_cat":[1360],"product_tag":[],"class_list":{"0":"post-39262","1":"product","2":"type-product","3":"status-publish","4":"has-post-thumbnail","6":"product_cat-kutia-per-paleta","7":"ts_product_brand-kayalar","9":"first","10":"instock","11":"sale","12":"taxable","13":"shipping-taxable","14":"purchasable","15":"product-type-simple"},"aioseo_notices":[],"_links":{"self":[{"href":"https:\/\/packmarkt.com\/sq\/wp-json\/wp\/v2\/product\/39262","targetHints":{"allow":["GET"]}}],"collection":[{"href":"https:\/\/packmarkt.com\/sq\/wp-json\/wp\/v2\/product"}],"about":[{"href":"https:\/\/packmarkt.com\/sq\/wp-json\/wp\/v2\/types\/product"}],"wp:featuredmedia":[{"embeddable":true,"href":"https:\/\/packmarkt.com\/sq\/wp-json\/wp\/v2\/media\/39263"}],"wp:attachment":[{"href":"https:\/\/packmarkt.com\/sq\/wp-json\/wp\/v2\/media?parent=39262"}],"wp:term":[{"taxonomy":"product_brand","embeddable":true,"href":"https:\/\/packmarkt.com\/sq\/wp-json\/wp\/v2\/product_brand?post=39262"},{"taxonomy":"product_cat","embeddable":true,"href":"https:\/\/packmarkt.com\/sq\/wp-json\/wp\/v2\/product_cat?post=39262"},{"taxonomy":"product_tag","embeddable":true,"href":"https:\/\/packmarkt.com\/sq\/wp-json\/wp\/v2\/product_tag?post=39262"}],"curies":[{"name":"wp","href":"https:\/\/api.w.org\/{rel}","templated":true}]}}